{"id":2109,"date":"2025-06-28T12:04:01","date_gmt":"2025-06-28T10:04:01","guid":{"rendered":"https:\/\/uj.adatbank.ro\/lexikon\/termek\/balthes-martinus\/"},"modified":"2025-06-28T12:04:01","modified_gmt":"2025-06-28T10:04:01","slug":"balthes-martinus","status":"publish","type":"product","link":"https:\/\/uj.adatbank.ro\/lexikon\/termek\/balthes-martinus\/","title":{"rendered":"BALTHES Martinus"},"content":{"rendered":"<p>Segesv\u00e1r, 1800., \u2020\u00a0? : gy\u00f3gyszer\u00e9sz. \u2013 Apja: B. Martinus. \u2013 Segesv\u00e1ri sz\u00e1rmaz\u00e1s\u00fa, gy\u00f3gyszer\u00e9szhallgat\u00f3 volt Pesten (1824\u201325). Gy\u00f3gyszer\u00e9szmesterr\u00e9 avatt\u00e1k (1825. aug. 31.), oklevelet kapott. <br \/><strong>Irod.:<\/strong> Szab\u00f3 Mikl\u00f3s 2005<\/br><\/p>\n","protected":false},"excerpt":{"rendered":"<p>Segesv\u00e1r, 1800., \u2020\u00a0? : gy\u00f3gyszer\u00e9sz. \u2013 Apja: B. Martinus. \u2013 Segesv\u00e1ri sz\u00e1rmaz\u00e1s\u00fa, gy\u00f3gyszer\u00e9szhallgat\u00f3 volt Pesten (1824\u201325). Gy\u00f3gyszer\u00e9szmesterr\u00e9 avatt\u00e1k (1825. aug. 31.), oklevelet kapott. Irod.: Szab\u00f3 Mikl\u00f3s 2005<\/p>\n","protected":false},"featured_media":0,"comment_status":"open","ping_status":"closed","template":"","meta":[],"product_brand":[],"product_cat":[137],"product_tag":[],"class_list":{"0":"post-2109","1":"product","2":"type-product","3":"status-publish","5":"product_cat-maros-megyei-eletrajzi-lexikon","7":"first","8":"instock","9":"shipping-taxable","10":"product-type-simple"},"_links":{"self":[{"href":"https:\/\/uj.adatbank.ro\/lexikon\/wp-json\/wp\/v2\/product\/2109","targetHints":{"allow":["GET"]}}],"collection":[{"href":"https:\/\/uj.adatbank.ro\/lexikon\/wp-json\/wp\/v2\/product"}],"about":[{"href":"https:\/\/uj.adatbank.ro\/lexikon\/wp-json\/wp\/v2\/types\/product"}],"replies":[{"embeddable":true,"href":"https:\/\/uj.adatbank.ro\/lexikon\/wp-json\/wp\/v2\/comments?post=2109"}],"wp:attachment":[{"href":"https:\/\/uj.adatbank.ro\/lexikon\/wp-json\/wp\/v2\/media?parent=2109"}],"wp:term":[{"taxonomy":"product_brand","embeddable":true,"href":"https:\/\/uj.adatbank.ro\/lexikon\/wp-json\/wp\/v2\/product_brand?post=2109"},{"taxonomy":"product_cat","embeddable":true,"href":"https:\/\/uj.adatbank.ro\/lexikon\/wp-json\/wp\/v2\/product_cat?post=2109"},{"taxonomy":"product_tag","embeddable":true,"href":"https:\/\/uj.adatbank.ro\/lexikon\/wp-json\/wp\/v2\/product_tag?post=2109"}],"curies":[{"name":"wp","href":"https:\/\/api.w.org\/{rel}","templated":true}]}}