{"id":21092,"date":"2025-07-22T19:12:50","date_gmt":"2025-07-22T17:12:50","guid":{"rendered":"https:\/\/uj.adatbank.ro\/lexikon\/termek\/szabo-domokos-2\/"},"modified":"2025-07-22T19:12:50","modified_gmt":"2025-07-22T17:12:50","slug":"szabo-domokos-2","status":"publish","type":"product","link":"https:\/\/uj.adatbank.ro\/lexikon\/termek\/szabo-domokos-2\/","title":{"rendered":"SZAB\u00d3 Domokos"},"content":{"rendered":"<p>? 1846., \u2020?: sz\u00edn\u00e9sz, kar\u00e9nekes. \u2013 A kv.-i sz\u00ednh\u00e1z tagja volt (1866\u20131907). <br \/><strong>Irod.:<\/strong> Sch\u00f6pflin.<\/br><\/p>\n","protected":false},"excerpt":{"rendered":"<p>? 1846., \u2020?: sz\u00edn\u00e9sz, kar\u00e9nekes. \u2013 A kv.-i sz\u00ednh\u00e1z tagja volt (1866\u20131907). Irod.: Sch\u00f6pflin.<\/p>\n","protected":false},"featured_media":0,"comment_status":"open","ping_status":"closed","template":"","meta":[],"product_brand":[],"product_cat":[137],"product_tag":[],"class_list":{"0":"post-21092","1":"product","2":"type-product","3":"status-publish","5":"product_cat-maros-megyei-eletrajzi-lexikon","7":"first","8":"instock","9":"shipping-taxable","10":"product-type-simple"},"_links":{"self":[{"href":"https:\/\/uj.adatbank.ro\/lexikon\/wp-json\/wp\/v2\/product\/21092","targetHints":{"allow":["GET"]}}],"collection":[{"href":"https:\/\/uj.adatbank.ro\/lexikon\/wp-json\/wp\/v2\/product"}],"about":[{"href":"https:\/\/uj.adatbank.ro\/lexikon\/wp-json\/wp\/v2\/types\/product"}],"replies":[{"embeddable":true,"href":"https:\/\/uj.adatbank.ro\/lexikon\/wp-json\/wp\/v2\/comments?post=21092"}],"wp:attachment":[{"href":"https:\/\/uj.adatbank.ro\/lexikon\/wp-json\/wp\/v2\/media?parent=21092"}],"wp:term":[{"taxonomy":"product_brand","embeddable":true,"href":"https:\/\/uj.adatbank.ro\/lexikon\/wp-json\/wp\/v2\/product_brand?post=21092"},{"taxonomy":"product_cat","embeddable":true,"href":"https:\/\/uj.adatbank.ro\/lexikon\/wp-json\/wp\/v2\/product_cat?post=21092"},{"taxonomy":"product_tag","embeddable":true,"href":"https:\/\/uj.adatbank.ro\/lexikon\/wp-json\/wp\/v2\/product_tag?post=21092"}],"curies":[{"name":"wp","href":"https:\/\/api.w.org\/{rel}","templated":true}]}}