{"id":21093,"date":"2025-07-22T19:12:52","date_gmt":"2025-07-22T17:12:52","guid":{"rendered":"https:\/\/uj.adatbank.ro\/lexikon\/termek\/szabo-duci-ida\/"},"modified":"2025-07-22T19:12:52","modified_gmt":"2025-07-22T17:12:52","slug":"szabo-duci-ida","status":"publish","type":"product","link":"https:\/\/uj.adatbank.ro\/lexikon\/termek\/szabo-duci-ida\/","title":{"rendered":"SZAB\u00d3 Duci, Ida"},"content":{"rendered":"<p>Kv, 1920. nov. 10., \u2020 Mv., 2016. jan.: sz\u00ednm\u0171v\u00e9sz. \u2013 Kv.-on \u00e9retts\u00e9gizett (1938), majd a konzervat\u00f3rium \u00e9nekszakos hallgat\u00f3ja (1938\u201342); elv\u00e9gezte a kv.-i t\u00e1rsulat mellett m\u0171k\u00f6d\u0151 sz\u00edniiskol\u00e1t, ahol Tessit\u00f3ri N\u00f3ra \u00e9s K\u0151m\u0171ves Nagy Lajos tan\u00edtv\u00e1nya volt (1941\u201344). P\u00e1ly\u00e1j\u00e1t sz\u00fcl\u0151v\u00e1ros\u00e1nak sz\u00ednh\u00e1z\u00e1ban kezdte (1944\u201346), majd \u00e1tszerz\u0151d\u00f6tt a Sz\u00e9kely Sz\u00ednh\u00e1zhoz nyugd\u00edjba vonul\u00e1s\u00e1ig (1946\u201377 \u0151sze), de tov\u00e1bbra is fell\u00e9pett \u00e9s az\u00f3ta is Mv.-en \u00e9lt. Eleinte sz\u00e9p hangj\u00e1val, besz\u00e9d\u00e9nek \u00e1rnyalts\u00e1g\u00e1val \u00e9s csinos megjelen\u00e9s\u00e9vel hatott, majd a k\u00fcl\u00f6nb\u00f6z\u0151 sz\u00ednh\u00e1zi st\u00edlusok kifejez\u0151eszk\u00f6zeit is elsaj\u00e1t\u00edtotta. F\u0151leg v\u00e1ls\u00e1gba jutott n\u0151alakokat eleven\u00edtett meg igen soksz\u00edn\u0171en \u00e9s hitelesen. <strong>Kit\u00fcntet\u00e9sei:<\/strong> Szentgy\u00f6rgyi Istv\u00e1n d\u00edj \u00e9letm\u0171v\u00e9\u00e9rt (1998); Hunyadi L\u00e1szl\u00f3 d\u00edj (2002); Uniter-d\u00edj (2003). H\u0171s\u00e9g-d\u00edj a Magyar J\u00e1t\u00e9ksz\u00edn T\u00e1rsas\u00e1gt\u00f3l (2004). \u2013 <strong>F. sz.:<\/strong> Iluska (Kacs\u00f3h P.: J\u00e1nos vit\u00e9z, 1946); Leila (Huszka: G\u00fcl baba, 1947); Natasa (Gorkij: \u00c9jjeli mened\u00e9khely, 1948); Rozika (M\u00f3ricz Zs.: \u00dari muri, 1949); Polja (Gorkij: Kispolg\u00e1rok, 1949); Szu-Csong h\u00faga (Leh\u00e1r Ferenc: A mosoly orsz\u00e1ga); \u00d6rzse pesztonka (Szirmai Albert: M\u00e9zeskal\u00e1cs); Juliette (Leh\u00e1r Ferenc: Luxemburg gr\u00f3fja); Francoise (J.Deval: Francia szobal\u00e1ny); St\u00e1zi, majd 1955-ben Sylvia (K\u00e1lm\u00e1n Imre: Cs\u00e1rd\u00e1skir\u00e1lyn\u0151); Jeanette (P. Laurent: Szerelmes di\u00e1kok); Prol\u00f3gus (Machiavelli: Mandrag\u00f3ra); Arz\u00e9na (J. Strauss: A cig\u00e1nyb\u00e1r\u00f3); Sarah (Jakobi Viktor: Sybill); Clair Eisemann M.: Fekete P\u00e9ter); Boriska (T\u00f3th Ede: A falu rossza); Gianetta (Heltai Jen\u0151: A n\u00e9ma levente); Marcsa (Szirmai A.: M\u00e1gn\u00e1s Miska); Kat\u00f3 (Kov\u00e1ts D.: Egyiptomi legenda); Mancika (***Marci, mint Robinson); \u00c9va (F\u00e9nyes Szabolcs: V\u00e9n di\u00f3fa); M\u00e9di (Schubert-Bert\u00e9: H\u00e1rom a kisl\u00e1ny); Nelly (F\u00e9nyes Szabolcs: Az utols\u00f3 Vereb\u00e9ly l\u00e1ny); M\u00e1lcsi (K\u00e1lm\u00e1n Imre: Az Obsitos); \u00c9va, Szir\u00e1ky l\u00e1nya (Eisemann M.: Vadvir\u00e1g); Cilka (Komj\u00e1thy K.: Harap\u00f3s f\u00e9rj),Vera (Gy\u00f6ngy P\u00e1l: H\u00e1rom ember a h\u00f3ban); Lizi (M\u00f3ricz Zs.: S\u00e1ri b\u00edr\u00f3); Julcsa (Gergely S.: Vit\u00e9zek \u00e9s h\u0151s\u00f6k); L\u00e9na (Skvarkin: Ifj\u00fas\u00e1g); Piroska (Miksz\u00e1th K.: K\u00fcl\u00f6n\u00f6s h\u00e1zass\u00e1g); Valja (H\u00e1rom j\u00e1t\u00e9k); Sura (Katajev: Bolondos vas\u00e1rnap); Liza (Gribojedov: Az \u00e9s bajjal j\u00e1r), Kov\u00e1cs Katica (Szab\u00f3 Ern\u0151: V\u00edd\u00e1m vak\u00e1ci\u00f3); Varja (K. Szimonov: Leg\u00e9ny a talp\u00e1n), Lida Placha (J.Burjakovszkij: \u00dczenet az \u00e9l\u0151knek); Tonja (Boroszina-Davidzon: Harmad\u00e9vesek); Bozin\u00e9, Szeles Zsuzska (Urb\u00e1n Ern\u0151: T\u0171zkereszts\u00e9g); Borcsa (Csiky G.: Ingyen\u00e9l\u0151k); Szobal\u00e1ny (B. Lavrenyov: Lesz\u00e1mol\u00e1s); Dunya (Iszajev-Galics: Nem mag\u00e1n\u00fcgy); Borb\u00e1la (Kop\u00e1nyi Gy.: Mennyetj\u00e1rt ifi\u00far); Gondokn\u0151 (A. Abuzov: M\u00e1sodik szerelem); Carlotta (Heltai Jen\u0151: A n\u00e9ma levente); Bese Tam\u00e1sn\u00e9 (K\u00f3s K\u00e1roly: Budai Nagy Antal); Ilma (V\u00f6r\u00f6smarty M.: Csongor \u00e9s T\u00fcnde); Floretta (A.Moreto y Cabana: Donna Diana); Aurora (Aurel Baranga: Amir\u0151l nem besz\u00e9l\u00fcnk); Liza (M.Gorkij: V\u00e1ssz\u00e1 Zseleznova); Tatjana (A. Gladkov: Szilvester); Matha n\u0151v\u00e9r (E. Rostand: Cyrano de Bergenac); Adina (V. Stoenescu: Szerelmes levelek); Varja (K Szimonov: Leg\u00e9ny a talp\u00e1n (1951); K\u00e1ntorkisasszony (Br\u00f3dy: Tan\u00edt\u00f3n\u0151, 1956); Ilma (V\u00f6r\u00f6smarthy Mih\u00e1ly: Csongor \u00e9s T\u00fcnde (1957); No\u00e9mi (M\u00e9hes Gy.: No\u00e9 b\u00e1rk\u00e1ja, 1969); Zena (Kiri\u0163escu: A Dar\u00e1zsf\u00e9szek, 1970); Pepi n\u00e9ni (M\u00f3ricz Zs.: Nem \u00e9lhetek muzsikasz\u00f3 n\u00e9lk\u00fcl, 1976); B\u00e1r\u00f3n\u0151 (Labiche: Olasz szalmakalap, 1976); Bartha n\u00e9ni (Szab\u00f3 Lajos: H\u0171s\u00e9g, 1977); Somosin\u00e9 (S\u00fct\u0151 Andr\u00e1s: Vid\u00e1m sirat\u00f3&#8230; (1977); Draga (Nusics B.: Dr. Pepike, 1978); Bolyg\u00f3n\u00e9 (Br\u00f3dy: A dada, 1984); R\u00f3zsi n\u00e9ni (Tam\u00e1si \u00c1ron: Csal\u00f3ka sziv\u00e1rv\u00e1ny, 1986); Erzs\u00f3k asszony (Szigligeti-M\u00f3ricz: A csik\u00f3s, 1987); Szalayn\u00e9 (Barta L.: Szerelem); Anna (Sz\u00e9kely J.: Irgalmas hazugs\u00e1g). <br \/><strong>Irod.:<\/strong> Gy\u00e1rf\u00e1s L.Mikl\u00f3s: 2013; Gy\u00e1rf\u00e1s L. Mikl\u00f3s: Sz. D. (V.Z.., 1980. okt. 26.); A H\u00e9t \u00e9vk. (1982); Horv\u00e1th Bea; Katona Szab\u00f3 Istv\u00e1n: Az \u00daj \u00c9let lexikona, 148. (\u00daj \u00c9let, 17. sz. 1976.); KKACs; Kov\u00e1cs Levente; Kusz\u00e1lik; M\u00e1th\u00e9 \u00c9va: Sz\u00e1zszorsz\u00e9pek (Cs\u00edkszereda, 2005); MSZL; Nagy Mikl\u00f3s Kund: Szab\u00f3 Duci: \u00c9letinterj\u00fa \u00e9s p\u00e1lyak\u00e9p (Kv.,); N\u00fa. (2004. dec. 21); RMKK.<\/br><\/p>\n","protected":false},"excerpt":{"rendered":"<p>Kv, 1920. nov. 10., \u2020 Mv., 2016. jan.: sz\u00ednm\u0171v\u00e9sz. \u2013 Kv.-on \u00e9retts\u00e9gizett (1938), majd a konzervat\u00f3rium \u00e9nekszakos hallgat\u00f3ja (1938\u201342); elv\u00e9gezte a kv.-i t\u00e1rsulat mellett m\u0171k\u00f6d\u0151 sz\u00edniiskol\u00e1t, ahol Tessit\u00f3ri N\u00f3ra \u00e9s K\u0151m\u0171ves Nagy Lajos tan\u00edtv\u00e1nya volt (1941\u201344). P\u00e1ly\u00e1j\u00e1t sz\u00fcl\u0151v\u00e1ros\u00e1nak sz\u00ednh\u00e1z\u00e1ban kezdte (1944\u201346), majd \u00e1tszerz\u0151d\u00f6tt a Sz\u00e9kely Sz\u00ednh\u00e1zhoz nyugd\u00edjba vonul\u00e1s\u00e1ig (1946\u201377 \u0151sze), de tov\u00e1bbra is fell\u00e9pett \u00e9s [&hellip;]<\/p>\n","protected":false},"featured_media":0,"comment_status":"open","ping_status":"closed","template":"","meta":[],"product_brand":[],"product_cat":[137],"product_tag":[],"class_list":{"0":"post-21093","1":"product","2":"type-product","3":"status-publish","5":"product_cat-maros-megyei-eletrajzi-lexikon","7":"first","8":"instock","9":"shipping-taxable","10":"product-type-simple"},"_links":{"self":[{"href":"https:\/\/uj.adatbank.ro\/lexikon\/wp-json\/wp\/v2\/product\/21093","targetHints":{"allow":["GET"]}}],"collection":[{"href":"https:\/\/uj.adatbank.ro\/lexikon\/wp-json\/wp\/v2\/product"}],"about":[{"href":"https:\/\/uj.adatbank.ro\/lexikon\/wp-json\/wp\/v2\/types\/product"}],"replies":[{"embeddable":true,"href":"https:\/\/uj.adatbank.ro\/lexikon\/wp-json\/wp\/v2\/comments?post=21093"}],"wp:attachment":[{"href":"https:\/\/uj.adatbank.ro\/lexikon\/wp-json\/wp\/v2\/media?parent=21093"}],"wp:term":[{"taxonomy":"product_brand","embeddable":true,"href":"https:\/\/uj.adatbank.ro\/lexikon\/wp-json\/wp\/v2\/product_brand?post=21093"},{"taxonomy":"product_cat","embeddable":true,"href":"https:\/\/uj.adatbank.ro\/lexikon\/wp-json\/wp\/v2\/product_cat?post=21093"},{"taxonomy":"product_tag","embeddable":true,"href":"https:\/\/uj.adatbank.ro\/lexikon\/wp-json\/wp\/v2\/product_tag?post=21093"}],"curies":[{"name":"wp","href":"https:\/\/api.w.org\/{rel}","templated":true}]}}