{"id":21094,"date":"2025-07-22T19:12:54","date_gmt":"2025-07-22T17:12:54","guid":{"rendered":"https:\/\/uj.adatbank.ro\/lexikon\/termek\/szabo-elek\/"},"modified":"2025-07-22T19:12:54","modified_gmt":"2025-07-22T17:12:54","slug":"szabo-elek","status":"publish","type":"product","link":"https:\/\/uj.adatbank.ro\/lexikon\/termek\/szabo-elek\/","title":{"rendered":"SZAB\u00d3 Elek"},"content":{"rendered":"<p>Ny\u00e1r\u00e1dmagyar\u00f3s, 1879., \u2020?: gazd\u00e1lkod\u00f3, f\u0171r\u00e9sztelep tulajdonos. \u2013 A gazd\u00e1lkod\u00e1st \u00e9desapja mellett tanulta, majd saj\u00e1t erej\u00e9b\u0151l f\u0171r\u00e9sztelepet l\u00e9tes\u00edtett Mikh\u00e1z\u00e1n. Az I. vh.-ban sebes\u00fclten ker\u00fclt orosz fogs\u00e1gba, ahol 6. \u00e9vig volt (1914. aug. \u2013 20. nov.). Tekint\u00e9lyes polg\u00e1ra volt a k\u00f6zs\u00e9gnek, minden hazafias \u00e9s kultur\u00e1lis munka t\u00e1mogat\u00f3ja. <br \/><strong>Irod.:<\/strong> Erd\u00e9lyi ezredek; Sz\u00e9kelyf\u00f6ld \u00ed. k.<\/br><\/p>\n","protected":false},"excerpt":{"rendered":"<p>Ny\u00e1r\u00e1dmagyar\u00f3s, 1879., \u2020?: gazd\u00e1lkod\u00f3, f\u0171r\u00e9sztelep tulajdonos. \u2013 A gazd\u00e1lkod\u00e1st \u00e9desapja mellett tanulta, majd saj\u00e1t erej\u00e9b\u0151l f\u0171r\u00e9sztelepet l\u00e9tes\u00edtett Mikh\u00e1z\u00e1n. Az I. vh.-ban sebes\u00fclten ker\u00fclt orosz fogs\u00e1gba, ahol 6. \u00e9vig volt (1914. aug. \u2013 20. nov.). Tekint\u00e9lyes polg\u00e1ra volt a k\u00f6zs\u00e9gnek, minden hazafias \u00e9s kultur\u00e1lis munka t\u00e1mogat\u00f3ja. Irod.: Erd\u00e9lyi ezredek; Sz\u00e9kelyf\u00f6ld \u00ed. k.<\/p>\n","protected":false},"featured_media":0,"comment_status":"open","ping_status":"closed","template":"","meta":[],"product_brand":[],"product_cat":[137],"product_tag":[],"class_list":{"0":"post-21094","1":"product","2":"type-product","3":"status-publish","5":"product_cat-maros-megyei-eletrajzi-lexikon","7":"first","8":"instock","9":"shipping-taxable","10":"product-type-simple"},"_links":{"self":[{"href":"https:\/\/uj.adatbank.ro\/lexikon\/wp-json\/wp\/v2\/product\/21094","targetHints":{"allow":["GET"]}}],"collection":[{"href":"https:\/\/uj.adatbank.ro\/lexikon\/wp-json\/wp\/v2\/product"}],"about":[{"href":"https:\/\/uj.adatbank.ro\/lexikon\/wp-json\/wp\/v2\/types\/product"}],"replies":[{"embeddable":true,"href":"https:\/\/uj.adatbank.ro\/lexikon\/wp-json\/wp\/v2\/comments?post=21094"}],"wp:attachment":[{"href":"https:\/\/uj.adatbank.ro\/lexikon\/wp-json\/wp\/v2\/media?parent=21094"}],"wp:term":[{"taxonomy":"product_brand","embeddable":true,"href":"https:\/\/uj.adatbank.ro\/lexikon\/wp-json\/wp\/v2\/product_brand?post=21094"},{"taxonomy":"product_cat","embeddable":true,"href":"https:\/\/uj.adatbank.ro\/lexikon\/wp-json\/wp\/v2\/product_cat?post=21094"},{"taxonomy":"product_tag","embeddable":true,"href":"https:\/\/uj.adatbank.ro\/lexikon\/wp-json\/wp\/v2\/product_tag?post=21094"}],"curies":[{"name":"wp","href":"https:\/\/api.w.org\/{rel}","templated":true}]}}