{"id":21096,"date":"2025-07-22T19:12:59","date_gmt":"2025-07-22T17:12:59","guid":{"rendered":"https:\/\/uj.adatbank.ro\/lexikon\/termek\/szabo-endre\/"},"modified":"2025-07-22T19:12:59","modified_gmt":"2025-07-22T17:12:59","slug":"szabo-endre","status":"publish","type":"product","link":"https:\/\/uj.adatbank.ro\/lexikon\/termek\/szabo-endre\/","title":{"rendered":"SZAB\u00d3 Endre"},"content":{"rendered":"<p>Mv, 1927. j\u00fal. 20., \u2020 Mv., 1997. febr. 3.: vegy\u00e9sz, fizikus, gy\u00f3gyszer\u00e9sz, radiok\u00e9mikus. \u2013 Apja tan\u00e1r Mv.-en, testv\u00e9re: K\u00e1roly biol\u00f3gus, k\u00f6nyvt\u00e1ros. Feles\u00e9ge: Sel\u00e9nyi Zsuzsa vegy\u00e9sz. Le\u00e1nyuk: Katalin Zsuzs\u00e1nna Groggn\u00e9, gy\u00f3gyszer\u00e9sz dr. Sv\u00e1jcban. \u2013 Mv.-en a R. Kat. Gimn.-ban \u00e9retts\u00e9gizett (1946); egyetemi tanulm\u00e1nyait a BTE-n fizika-k\u00e9mia szakon (1946\u201349) kezdte, majd a MOGYI Gy\u00f3gyszer\u00e9szeti Kar\u00e1n folytatta (1949\u20131950)., ahol gy\u00f3gyszer\u00e9sz oklevelet szerzett; a fizika tudom\u00e1nyok doktora c. a Bp. ELTE-n szerezte (t\u00e9zise: R\u00e1di\u00f3akt\u00edv \u00e1sv\u00e1ny- \u00e9s \u00e9desvizek tart\u00f3s fogyaszt\u00e1sa, valamint a t\u00e1pl\u00e1lkoz\u00e1s r\u00e9v\u00e9n l\u00e9trej\u00f6v\u0151 226 Ra \u00e9s 210 Pb (Rad) felhalmoz\u00f3d\u00e1sa emberi fogakon, 1979). A term\u00e9szettudom\u00e1nyok doktora fokozatot is megkapta (1980). A MOGYI-n gyakornok (1950\u2013); az Orvosi Kar Fizikai tansz\u00e9ken tan\u00e1rseg\u00e9d (1952\u201360), adjunktus (1960\u201365); tansz\u00e9kvezet\u0151, a biofizika, orvosi fizika, gy\u00f3gyszer\u00e9szeti fizika el\u0151ad\u00f3tan\u00e1ra (1962\u201365). A mv.-i K\u00f6zeg\u00e9szs\u00e9g\u00fcgyi \u00e9s J\u00e1rv\u00e1nyellenes K\u00f6zpont (Sanepid) oszt\u00e1ly \u2013 vezet\u0151je, az \u00e1ltala l\u00e9tes\u00edtett Sug\u00e1rv\u00e9delmi Labor. f\u0151vegy\u00e9sze (1965\u201382); az Egyes\u00edtett Klinikai K\u00f3rh\u00e1z Nukle\u00e1ris Medicina Laborat\u00f3rium\u00e1nak f\u0151vegy\u00e9sze nyugd\u00edjaz\u00e1s\u00e1ig (1982\u201386). T\u00f6bb tudom\u00e1nyos t\u00e1rsas\u00e1g tagja: OTT, European Nuclear Medicine Society (B\u00e9cs), Bp.-en az E\u00f6tv\u00f6s L\u00f3r\u00e1nd Fiz. T\u00e1rsas\u00e1g, Fellowship of International Research Into Scence and Technology (Anglia), EMMT. Tev\u00e9kenys\u00e9gi k\u00f6re a nukle\u00e1ris medicina \u00e9s az orvosi fizika t\u00e1rgyk\u00f6r\u00e9t \u00f6leli fel f\u0151 kutat\u00e1si ter\u00fclete az elektrotechnika \u00e9s m\u00e9r\u00e9stechnika, a sz\u00e9kelyf\u00f6ldi \u00e1sv\u00e1nyvizek, g\u00e1z\u00f6ml\u00e9sek term\u00e9szetes radioaktivit\u00e1s\u00e1nak vizsg\u00e1lata, k\u00f6rnyezetszennyez\u00e9s vizsg\u00e1lata, r\u00e1kos megbeteged\u00e9sek. 8 tudom\u00e1nyos monogr\u00e1fi\u00e1ja, egyetemi jegyzete jelent meg, t\u00f6bb mint 200 szakdolgozata, az Orvosi Szemle, Igiena, Izot\u00f3p Technika, Fizikai Szemle, Studii \u015fi Cercet\u0103ri \u015etiin\u0163ifice, M\u0171vel\u0151d\u00e9s, Archiv de l\u2019Union Medicale Balcanique, Atomtechnikai t\u00e1j\u00e9koztat\u00f3, Aluta c. foly\u00f3iratokban. 4 szabadalma, 9 \u00faj\u00edt\u00e1sa volt bejelentve. Tudom\u00e1nyos munk\u00e1ss\u00e1g\u00e1nak elismer\u00e9sek\u00e9nt tagg\u00e1 v\u00e1lasztotta Bp.-en az E\u00f6tv\u00f6s Lor\u00e1nd Fizikai T\u00e1rsulat, a b\u00e9csi European Nuclear Medicine Society \u00e9s az angol Fellowship of International Research Into Science and Technology. \u2013 <strong>F. m.<\/strong>: Hargita megye term\u00e9szetes gy\u00f3gyt\u00e9nyez\u0151i (Cs\u00edkszereda, 1974), Kov\u00e1szna a term\u00e9szet aj\u00e1nd\u00e9ka: Fizikai-k\u00e9miai tanulm\u00e1nyok Kov\u00e1szna megye legfontosabb term\u00e9szetes gy\u00f3gyt\u00e9nyez\u0151ir\u0151l \/ Szab\u00f3-Sel\u00e9nyi Zsuzsa gondoz\u00e1s\u00e1ban (Mv., 1998); <strong>t\u00e1rssz.:<\/strong> Fizikai gyakorlati jegyzet: Orvostanhallgat\u00f3k \u00e9s gy\u00f3gyszer\u00e9szhallgat\u00f3k r\u00e9sz\u00e9re (Balogh L\u00e1szl\u00f3, Barab\u00e1s B\u00e9l\u00e1val; Mv., 1954.); Mechanika. A testek h\u00e1rom halmaz\u00e1llapota. Hangtan (Balogh L\u00e1szl\u00f3, Barab\u00e1s \u00c9v\u00e1val, Mv., 1954.); Elektromoss\u00e1gtan orvostanhallgat\u00f3k r\u00e9sz\u00e9re (Mv., 1954.); Fizika.1\u20132. r\u00e9sz (Mv., 1958.); Fizika labor\u00e1nsok r\u00e9sz\u00e9re (Mv., 1959); Efecte terapeutice ale sta\u0163iunilor balneo-climaterice din jude\u0163ul Covasna (Covasna, 1969); Metode sanitare de control a radioactivit\u0103\u0163ii (Buc., 1976); Cancerul gastric. Vol. 13. (Cluj-Napoca, 1984); A k\u00e9zdiv\u00e1s\u00e1rhelyi v\u00e1rosi k\u00f3rh\u00e1z \u00e9s a Szentkereszty Stephania k\u00f3rh\u00e1zi Alap\u00edtv\u00e1ny monogr\u00e1fi\u00e1ja (K\u00e9zdiv\u00e1s\u00e1rhely, 1991). <br \/><strong>Irod.:<\/strong> Barab\u00e1s\u2013P\u00e9ter M.\u2013P\u00e9ter H.M.; Encyc. Hung.; Facultatea de Farmacie; Genersich; KKACs; [Nekrol\u00f3g] (N\u00fa., 1997. febr. 5.); P\u00e9ter; P\u00e9ter H. M.; P\u00e9ter H. M. 2013; RMIL; Todea; T\u0151k\u00e9s.<\/br><\/p>\n","protected":false},"excerpt":{"rendered":"<p>Mv, 1927. j\u00fal. 20., \u2020 Mv., 1997. febr. 3.: vegy\u00e9sz, fizikus, gy\u00f3gyszer\u00e9sz, radiok\u00e9mikus. \u2013 Apja tan\u00e1r Mv.-en, testv\u00e9re: K\u00e1roly biol\u00f3gus, k\u00f6nyvt\u00e1ros. Feles\u00e9ge: Sel\u00e9nyi Zsuzsa vegy\u00e9sz. Le\u00e1nyuk: Katalin Zsuzs\u00e1nna Groggn\u00e9, gy\u00f3gyszer\u00e9sz dr. Sv\u00e1jcban. \u2013 Mv.-en a R. Kat. Gimn.-ban \u00e9retts\u00e9gizett (1946); egyetemi tanulm\u00e1nyait a BTE-n fizika-k\u00e9mia szakon (1946\u201349) kezdte, majd a MOGYI Gy\u00f3gyszer\u00e9szeti Kar\u00e1n folytatta (1949\u20131950)., [&hellip;]<\/p>\n","protected":false},"featured_media":0,"comment_status":"open","ping_status":"closed","template":"","meta":[],"product_brand":[],"product_cat":[137],"product_tag":[],"class_list":{"0":"post-21096","1":"product","2":"type-product","3":"status-publish","5":"product_cat-maros-megyei-eletrajzi-lexikon","7":"first","8":"instock","9":"shipping-taxable","10":"product-type-simple"},"_links":{"self":[{"href":"https:\/\/uj.adatbank.ro\/lexikon\/wp-json\/wp\/v2\/product\/21096","targetHints":{"allow":["GET"]}}],"collection":[{"href":"https:\/\/uj.adatbank.ro\/lexikon\/wp-json\/wp\/v2\/product"}],"about":[{"href":"https:\/\/uj.adatbank.ro\/lexikon\/wp-json\/wp\/v2\/types\/product"}],"replies":[{"embeddable":true,"href":"https:\/\/uj.adatbank.ro\/lexikon\/wp-json\/wp\/v2\/comments?post=21096"}],"wp:attachment":[{"href":"https:\/\/uj.adatbank.ro\/lexikon\/wp-json\/wp\/v2\/media?parent=21096"}],"wp:term":[{"taxonomy":"product_brand","embeddable":true,"href":"https:\/\/uj.adatbank.ro\/lexikon\/wp-json\/wp\/v2\/product_brand?post=21096"},{"taxonomy":"product_cat","embeddable":true,"href":"https:\/\/uj.adatbank.ro\/lexikon\/wp-json\/wp\/v2\/product_cat?post=21096"},{"taxonomy":"product_tag","embeddable":true,"href":"https:\/\/uj.adatbank.ro\/lexikon\/wp-json\/wp\/v2\/product_tag?post=21096"}],"curies":[{"name":"wp","href":"https:\/\/api.w.org\/{rel}","templated":true}]}}