{"id":21098,"date":"2025-07-22T19:13:02","date_gmt":"2025-07-22T17:13:02","guid":{"rendered":"https:\/\/uj.adatbank.ro\/lexikon\/termek\/szabo-erno-%c2%a7\/"},"modified":"2025-07-22T19:13:02","modified_gmt":"2025-07-22T17:13:02","slug":"szabo-erno-%c2%a7","status":"publish","type":"product","link":"https:\/\/uj.adatbank.ro\/lexikon\/termek\/szabo-erno-%c2%a7\/","title":{"rendered":"SZAB\u00d3 Ern\u0151, \u00a7"},"content":{"rendered":"<p>Kassa, 1900. j\u00fan. 30., \u2020 Bp., 1966. febr. 10.: sz\u00edn\u00e9sz. \u2013 M\u00e1r gyermeksz\u00edn\u00e9szk\u00e9nt szerepelt apja, Sz P\u00e1l, Nem\u00e9nyi L\u00e1szl\u00f3 nagyk\u00e1rolyi t\u00e1rsulat\u00e1n\u00e1l (1917\u201321), Mv.-en apja Sz. P\u00e1l t\u00e1rsulat\u00e1nak tagja az akkor 19 \u00e9ves komikus (1919), valamint v\u00e1ndort\u00e1rsulatokn\u00e1l t\u00e1ncoskomikus, operett- \u00e9s pr\u00f3zai szerepekben (1920\u201330-as \u00e9vekben), P\u00e9csett volt sz\u00edn\u00e9sz \u00e9s rendez\u0151 (1935\u201337), Horv\u00e1th \u00c1rp\u00e1d debreceni t\u00e1rs.-\u00e1nak f\u0151rendez\u0151je (1937\u201339). Erd\u00e9lyi Mih\u00e1ly t\u00e1rs.-\u00e1hoz szerz\u0151d\u00f6tt (1939\u201340), s 1940-ben a Royal Rev\u00fc Variet\u00e9ben is fell\u00e9pett, majd a nagyv\u00e1radi sz\u00ednh\u00e1zn\u00e1l j\u00e1tszott (1940\u201346). A mv.-i Sz\u00e9kely Sz\u00ednh\u00e1z alapjt\u00f3 tagja (1946\u201356), ahol el\u00e9rkezett alkot\u00f3 m\u0171v\u00e9szet\u00e9nek kiteljesed\u0151, leggazdagabb szakasz\u00e1ba, majd mint f\u0151rendez\u0151nek is igen jelent\u0151s szerepe volt. A Szentgy\u00f6rgyi Istv\u00e1n Sz\u00ednm\u0171v\u00e9szeti F\u0151iskola rendez\u0151 tan\u00e1ra. Bp.-re t\u00e1vozott (1956\u201366), ahol j\u00e1tszott a Magyar N\u00e9phadsereg Sz\u00ednh\u00e1z\u00e1ban, a F\u0151v\u00e1rosi Operett- \u00e9s a Blaha Lujza (1957\u201359), a J\u00f3zsef Attila Sz\u00ednh\u00e1zban (1961\u201364), j\u00e1tszott sz\u00ednpadon, filmen, r\u00e1di\u00f3ban egyar\u00e1nt. Fiatal kor\u00e1ban j\u00f3 humor\u00fa, remek\u00fcl t\u00e1ncol\u00f3 t\u00e1ncoskomikus volt, k\u00e9s\u0151bb m\u0171v\u00e9szete elm\u00e9ly\u00fclt, s dr\u00e1mai jellemszerepeket j\u00e1tszott m\u00e9ly \u00e1t\u00e9l\u00e9ssel, eszk\u00f6ztelen j\u00e1t\u00e9kkal, hitelesen. A f\u00e9lszeg kisemberek megform\u00e1l\u00e1s\u00e1val st\u00edlust teremtett. \u00c1llami d\u00edjjal t\u00fcntett\u00e9k ki (1954) \u00e9s megkapta a Rom\u00e1nia Szocialista K\u00f6zt\u00e1rsas\u00e1g \u00e9rdemes m\u0171v\u00e9sze, a Magyar N\u00e9pk\u00f6zt\u00e1rsas\u00e1g \u00e9rdemes (1959) kiv\u00e1l\u00f3 m\u0171v\u00e9sze (1965) c\u00edmet. \u2013 <strong>F. sz.:<\/strong> Nicia (Machiavelli: Mandragora, 1946); Burgoyne t\u00e1bornok (B. Shaw: Az \u00f6rd\u00f6g cimbor\u00e1ja (1947); Tiborc (Katona J.: B\u00e1nk b\u00e1n, (1947); B. Jonson: Volpone (1948); A. Skvarkin: Ifj\u00fas\u00e1g (1948); Orgon (Moli\u00e8re: Tartuffe, 1949); Cs\u00f6rghe\u00f6 Csuli (M\u00f3ricz Zs.: \u00dari muri, 1949); Farfuridi (Caragiale: Elveszett lev\u00e9l, 1949); B\u0103leanu (Davidoglu: B\u00e1ny\u00e1szok, 1949); Percsihin (Gorkij: Kispolg\u00e1rok, 1949); Famusov (Gribojedov: Az \u00e9sz bajjal j\u00e1r, 1950); Tur testv\u00e9rek-Seinin: Kinek kedvez az id\u0151? (1950); Dumitrescu (Baranga: Dudva, 1950); Polg\u00e1rmester (Gogol: Revizor, 1952); August Jakobson: K\u00e9t t\u00e1bor (1952), Mosolyg\u00f3 Menyh\u00e9rt (Csiky G.: Ingyen\u00e9l\u0151k, 1952); R\u00f3th b\u00e1csi (F\u00f6ldes I.: Hivatalnok urak); Rosta M\u00e1rton (Farkas F.: Csinom Palk\u00f3); T\u00f3dorka Szil\u00e1rd (Csiky G.: A nagymama); Sorin (Csehov: Sir\u00e1ly); Robinson (Osztrovszkij: Hozom\u00e1nyn\u00e9lk\u00fcli menyasszony); Gyula b\u00e1csi (K\u00e1llai I.: F\u00e9rjek a k\u00fcsz\u00f6b\u00f6n). \u2013 F. rend.: Mv.-en: J. Starauss: A cig\u00e1nyb\u00e1r\u00f3; Jakobi Vikt\u00f3r: Sybill; T\u00f3th Ede: A falu rossza; \u00c9ri Hal\u00e1sz Imre: Egy cs\u00f3k \u00e9s m\u00e1s semmi; K\u00e1lm\u00e1n Imre: Bajad\u00e9r; Heltai Jen\u0151: A n\u00e9ma levente; Szirmai Albert: M\u00e1gn\u00e1s Miska; B\u00e9keffy Istv\u00e1n: Janika; Kov\u00e1ts Dezs\u0151: Egyiptomi legenda; \u00c9ri Hal\u00e1sz Imre: Egyetlen \u00e9jszaka; K\u00e1lm\u00e1n Imre: Cirkuszhercegn\u0151; Marci a furfangos cukr\u00e1szinas, Marci mint Robinson; F\u00e9nyes Szabolcs: V\u00e9n di\u00f3fa; Huszka Jen\u0151: G\u00fcl baba; Leonyid Rahmanov: Viharos alkonyat; Schubert: H\u00e1rom a kisl\u00e1ny; Harmath Imre: Az utols\u00f3 Vereb\u00e9ly l\u00e1ny; Hindy Andr\u00e1s \u2013 Carlo de Fries: Ilyenek a f\u00e9rfiak; Hars\u00e1nyi Zsolt: A bolond \u00c1svayn\u00e9; Alexandre Bisson: A n\u00e9vtelen asszony, Moln\u00e1r Ferenc-Domby Imre: Marsall S\u00e1t\u00e1n fi\u00f3k; Maugham: Fens\u00e9g fizetek; Leh\u00e1r-Stein-Jenbach: K\u00e9k mazur; Katona J\u00f3zsef: B\u00e1nk b\u00e1n; B\u00f3kay J\u00e1nos: Szak\u00edts helyettem; Eisemann Mih\u00e1ly: Vadvir\u00e1g; Eugene Scribe: Egy poh\u00e1r v\u00edz; G\u00e1rdonyi G\u00e9za: A bor, Erich Kastner-Gy\u00f6rgy P\u00e1l: H\u00e1rom ember a h\u00f3ban; Gorjij: \u00c9jjeli mened\u00e9khely; M\u00f3ricz Zsigmond: S\u00e1ri b\u00edr\u00f3; Zilahy Lajos: A sz\u0171z \u00e9s a g\u00f6d\u00f6lye; James Gow-Arnaudd\u2019Usseau: M\u00e9lyek a gy\u00f6kerek; L\u00e1szl\u00f3 Mikl\u00f3s: Illatszert\u00e1r; Tomcsa S\u00e1ndor: Nagy dolog kicsiben; Henri Berger-Kem\u00e9ny J\u00e1nos: V\u00edz\u00f6z\u00f6n; Gergely S\u00e1ndor: Vit\u00e9zek \u00e9s h\u0151s\u00f6k; A. Skavarkin: Ifj\u00fas\u00e1g; Kanin Carson: \u00d3cskavas nagyban; Szigligeti Ede: A csik\u00f3s; Miksz\u00e1t K\u00e1lm\u00e1n: K\u00fcl\u00f6n\u00f6s h\u00e1zass\u00e1g; V. Averjanov: Viszontl\u00e1t\u00e1sra; Metz Istv\u00e1n: J\u00e1noska, P. Karatigin: Elcser\u00e9lt kab\u00e1t; M. Gorkij: Jegor Bulicsov \u00e9s a t\u00f6bbiek; Moliere: Tartuffe (Tompa Mikl\u00f3ssal); Caragiale: Az elveszett lev\u00e9l; (Kov\u00e1cs Gy\u00f6rgy \u00e9s Tompa Mikl\u00f3ssal); M. Davidoglu: B\u00e1ny\u00e1szok; Gribojedov: Az \u00e9sz bajjal j\u00e1r; A Baranga: Dudva; Tur testv\u00e9rek: Villa a mell\u00e9kutc\u00e1ban (Tompa Mikl\u00f3ssal; Nagy Ern\u0151: Vid\u00e1m vak\u00e1ci\u00f3. \u0150k h\u00e1rman. \u00dcgyviteli sorrend; Tur testv\u00e9rek: Kinek kedvez az id\u0151 (Tompa Mikl\u00f3ssal); J. Burjakovszkij: \u00dczenet az \u00e9l\u0151knek; Borozin-Davidson: Harmad\u00e9vesek (Anatol Constantinnal); M. Davidoglu: T\u0171zer\u0151d (Rappaport Ottoval); Gogol: A revizor; Urb\u00e1n Ern\u0151: T\u0171zkereszts\u00e9g; Kiss L\u00e1szl\u00f3\u2013Kov\u00e1cs Dezs\u0151: Vihar a havason; August Jakobson: K\u00e9t t\u00e1bor, Ivan Franko: Az ellopott boldogs\u00e1g; L. Demetrius: Mai emerek; B. Lavrenyov: Lesz\u00e1mol\u00e1s; J\u00f3 mulat\u00e1st; Iszajev-Galics: Nem mag\u00e1n\u00fcgy; Huszka Jen\u0151: G\u00fcl baba; Illy\u00e9s Gyula: F\u00e1klyal\u00e1ng; Vannak m\u00e9g hib\u00e1k; B. Nusics: A kegyelmes asszony, K\u00f6nny\u0171zene est; Horv\u00e1th \u00c1goston: Varga Katalin; Heimar Kipphardt: Shakespeare kerestetik; Kop\u00e1nyi Gy\u00f6rgy: Mennyetj\u00e1rt ifi\u00far. \u2013 <strong>F. f.:<\/strong> Hannib\u00e1l tan\u00e1r \u00far (1956); Gerolsteini kaland (1957); Bog\u00e1ncs (1958); Felfel\u00e9 a lejt\u0151n (1958); Vasvir\u00e1g (1958); K\u00e9t emelet boldogs\u00e1g (1960); J\u00f3 utat aut\u00f3busz (1961); Az aranyember (1962); \u00daj Gilgames (1963); A halhatatlan l\u00e9gi\u00f3s \u2013, akit csak P\u00e9hovardnak h\u00edvtak (1970). <br \/><strong>Irod.:<\/strong> Albert M\u00e1ria: Sz. E., a nagy kisember = L\u00e1zok\u2013Ungv\u00e1ri Zr\u00ednyi; B\u00e9rczes; Chereji Peris; Csif\u00f3; Horv\u00e1th Bea; K\u00e1ntor-K\u00f6t\u0151; A H\u00e9t \u00e9vk\u00f6nyve (1982); MSZL; N.M.K.: 110 \u00e9ve sz\u00fcletett Sz. (N\u00fa., M\u00fazsa, 939. sz., 2010. j\u00fal. 10.); Katona-K\u00f6t\u0151; Kov\u00e1cs Levente; MSZL; Szab\u00f3 Lajos: Szab\u00f3 Ern\u0151 (1900\u20131966) (Utunk 8. sz., 1966. febr. 25); Szab\u00f3 Lajos: A nagy el\u0151d\u00f6k: Sz. E. (V. Z., 1971. okt. 31.); Todea 2013; T\u00f6m\u00f6ry P\u00e9ter: Csal\u00e1di hagyom\u00e1ny (\u00daj \u00c9let, 6. sz., 1974); \u00daM\u00c9L; V\u00e1s\u00e1rhely a Sz\u00e9kely Sz\u00ednh\u00e1zb\u00f3l, a vil\u00e1g a Hannib\u00e1lb\u00f3l ismeri (V\u00e1s\u00e1rhelyi H\u00edrlap, 2010. j\u00fal. 2\u20134.).<\/br><\/p>\n","protected":false},"excerpt":{"rendered":"<p>Kassa, 1900. j\u00fan. 30., \u2020 Bp., 1966. febr. 10.: sz\u00edn\u00e9sz. \u2013 M\u00e1r gyermeksz\u00edn\u00e9szk\u00e9nt szerepelt apja, Sz P\u00e1l, Nem\u00e9nyi L\u00e1szl\u00f3 nagyk\u00e1rolyi t\u00e1rsulat\u00e1n\u00e1l (1917\u201321), Mv.-en apja Sz. P\u00e1l t\u00e1rsulat\u00e1nak tagja az akkor 19 \u00e9ves komikus (1919), valamint v\u00e1ndort\u00e1rsulatokn\u00e1l t\u00e1ncoskomikus, operett- \u00e9s pr\u00f3zai szerepekben (1920\u201330-as \u00e9vekben), P\u00e9csett volt sz\u00edn\u00e9sz \u00e9s rendez\u0151 (1935\u201337), Horv\u00e1th \u00c1rp\u00e1d debreceni t\u00e1rs.-\u00e1nak f\u0151rendez\u0151je (1937\u201339). [&hellip;]<\/p>\n","protected":false},"featured_media":0,"comment_status":"open","ping_status":"closed","template":"","meta":[],"product_brand":[],"product_cat":[137],"product_tag":[],"class_list":{"0":"post-21098","1":"product","2":"type-product","3":"status-publish","5":"product_cat-maros-megyei-eletrajzi-lexikon","7":"first","8":"instock","9":"shipping-taxable","10":"product-type-simple"},"_links":{"self":[{"href":"https:\/\/uj.adatbank.ro\/lexikon\/wp-json\/wp\/v2\/product\/21098","targetHints":{"allow":["GET"]}}],"collection":[{"href":"https:\/\/uj.adatbank.ro\/lexikon\/wp-json\/wp\/v2\/product"}],"about":[{"href":"https:\/\/uj.adatbank.ro\/lexikon\/wp-json\/wp\/v2\/types\/product"}],"replies":[{"embeddable":true,"href":"https:\/\/uj.adatbank.ro\/lexikon\/wp-json\/wp\/v2\/comments?post=21098"}],"wp:attachment":[{"href":"https:\/\/uj.adatbank.ro\/lexikon\/wp-json\/wp\/v2\/media?parent=21098"}],"wp:term":[{"taxonomy":"product_brand","embeddable":true,"href":"https:\/\/uj.adatbank.ro\/lexikon\/wp-json\/wp\/v2\/product_brand?post=21098"},{"taxonomy":"product_cat","embeddable":true,"href":"https:\/\/uj.adatbank.ro\/lexikon\/wp-json\/wp\/v2\/product_cat?post=21098"},{"taxonomy":"product_tag","embeddable":true,"href":"https:\/\/uj.adatbank.ro\/lexikon\/wp-json\/wp\/v2\/product_tag?post=21098"}],"curies":[{"name":"wp","href":"https:\/\/api.w.org\/{rel}","templated":true}]}}