{"id":21099,"date":"2025-07-22T19:13:05","date_gmt":"2025-07-22T17:13:05","guid":{"rendered":"https:\/\/uj.adatbank.ro\/lexikon\/termek\/szabo-erno-geza\/"},"modified":"2025-07-22T19:13:05","modified_gmt":"2025-07-22T17:13:05","slug":"szabo-erno-geza","status":"publish","type":"product","link":"https:\/\/uj.adatbank.ro\/lexikon\/termek\/szabo-erno-geza\/","title":{"rendered":"SZAB\u00d3 Ern\u0151 G\u00e9za"},"content":{"rendered":"<p>Szov\u00e1ta, 1928. febr. 2., \u2020 Szov\u00e1ta, 2002. febr. 2.: tan\u00edt\u00f3. \u2013Torboszl\u00f3n volt igazgat\u00f3-tan\u00edt\u00f3. <br \/><strong>Irod.:<\/strong> Szab\u00f3 Magdolna Matild: Napl\u00f3: 1943\u20131946 (Cs\u00edkszereda, 2011); Szov\u00e1ta.<\/br><\/p>\n","protected":false},"excerpt":{"rendered":"<p>Szov\u00e1ta, 1928. febr. 2., \u2020 Szov\u00e1ta, 2002. febr. 2.: tan\u00edt\u00f3. \u2013Torboszl\u00f3n volt igazgat\u00f3-tan\u00edt\u00f3. Irod.: Szab\u00f3 Magdolna Matild: Napl\u00f3: 1943\u20131946 (Cs\u00edkszereda, 2011); Szov\u00e1ta.<\/p>\n","protected":false},"featured_media":0,"comment_status":"open","ping_status":"closed","template":"","meta":[],"product_brand":[],"product_cat":[137],"product_tag":[],"class_list":{"0":"post-21099","1":"product","2":"type-product","3":"status-publish","5":"product_cat-maros-megyei-eletrajzi-lexikon","7":"first","8":"instock","9":"shipping-taxable","10":"product-type-simple"},"_links":{"self":[{"href":"https:\/\/uj.adatbank.ro\/lexikon\/wp-json\/wp\/v2\/product\/21099","targetHints":{"allow":["GET"]}}],"collection":[{"href":"https:\/\/uj.adatbank.ro\/lexikon\/wp-json\/wp\/v2\/product"}],"about":[{"href":"https:\/\/uj.adatbank.ro\/lexikon\/wp-json\/wp\/v2\/types\/product"}],"replies":[{"embeddable":true,"href":"https:\/\/uj.adatbank.ro\/lexikon\/wp-json\/wp\/v2\/comments?post=21099"}],"wp:attachment":[{"href":"https:\/\/uj.adatbank.ro\/lexikon\/wp-json\/wp\/v2\/media?parent=21099"}],"wp:term":[{"taxonomy":"product_brand","embeddable":true,"href":"https:\/\/uj.adatbank.ro\/lexikon\/wp-json\/wp\/v2\/product_brand?post=21099"},{"taxonomy":"product_cat","embeddable":true,"href":"https:\/\/uj.adatbank.ro\/lexikon\/wp-json\/wp\/v2\/product_cat?post=21099"},{"taxonomy":"product_tag","embeddable":true,"href":"https:\/\/uj.adatbank.ro\/lexikon\/wp-json\/wp\/v2\/product_tag?post=21099"}],"curies":[{"name":"wp","href":"https:\/\/api.w.org\/{rel}","templated":true}]}}