{"id":2110,"date":"2025-06-28T12:04:06","date_gmt":"2025-06-28T10:04:06","guid":{"rendered":"https:\/\/uj.adatbank.ro\/lexikon\/termek\/balthes-michael\/"},"modified":"2025-06-28T12:04:06","modified_gmt":"2025-06-28T10:04:06","slug":"balthes-michael","status":"publish","type":"product","link":"https:\/\/uj.adatbank.ro\/lexikon\/termek\/balthes-michael\/","title":{"rendered":"BALTHES Michael"},"content":{"rendered":"<p>Segesv\u00e1r, 1800.? \u2020\u00a0?: gy\u00f3gyszer\u00e9sz. \u2013 Apja\u00a0: B. Martinus, v\u00e1rosi szen\u00e1tor volt. \u2013 Segesv\u00e1ri sz\u00e1rmaz\u00e1s\u00fa, gy\u00f3gyszer\u00e9szhallgat\u00f3 volt Pesten (1833\u201334). Vizsg\u00e1zott, esk\u00fctt tett \u00e9s oklevelet kapott (1834. aug. 14.). <br \/><strong>Irod.:<\/strong> Szab\u00f3 Mikl\u00f3s 2005<\/br><\/p>\n","protected":false},"excerpt":{"rendered":"<p>Segesv\u00e1r, 1800.? \u2020\u00a0?: gy\u00f3gyszer\u00e9sz. \u2013 Apja\u00a0: B. Martinus, v\u00e1rosi szen\u00e1tor volt. \u2013 Segesv\u00e1ri sz\u00e1rmaz\u00e1s\u00fa, gy\u00f3gyszer\u00e9szhallgat\u00f3 volt Pesten (1833\u201334). Vizsg\u00e1zott, esk\u00fctt tett \u00e9s oklevelet kapott (1834. aug. 14.). Irod.: Szab\u00f3 Mikl\u00f3s 2005<\/p>\n","protected":false},"featured_media":0,"comment_status":"open","ping_status":"closed","template":"","meta":[],"product_brand":[],"product_cat":[137],"product_tag":[],"class_list":{"0":"post-2110","1":"product","2":"type-product","3":"status-publish","5":"product_cat-maros-megyei-eletrajzi-lexikon","7":"first","8":"instock","9":"shipping-taxable","10":"product-type-simple"},"_links":{"self":[{"href":"https:\/\/uj.adatbank.ro\/lexikon\/wp-json\/wp\/v2\/product\/2110","targetHints":{"allow":["GET"]}}],"collection":[{"href":"https:\/\/uj.adatbank.ro\/lexikon\/wp-json\/wp\/v2\/product"}],"about":[{"href":"https:\/\/uj.adatbank.ro\/lexikon\/wp-json\/wp\/v2\/types\/product"}],"replies":[{"embeddable":true,"href":"https:\/\/uj.adatbank.ro\/lexikon\/wp-json\/wp\/v2\/comments?post=2110"}],"wp:attachment":[{"href":"https:\/\/uj.adatbank.ro\/lexikon\/wp-json\/wp\/v2\/media?parent=2110"}],"wp:term":[{"taxonomy":"product_brand","embeddable":true,"href":"https:\/\/uj.adatbank.ro\/lexikon\/wp-json\/wp\/v2\/product_brand?post=2110"},{"taxonomy":"product_cat","embeddable":true,"href":"https:\/\/uj.adatbank.ro\/lexikon\/wp-json\/wp\/v2\/product_cat?post=2110"},{"taxonomy":"product_tag","embeddable":true,"href":"https:\/\/uj.adatbank.ro\/lexikon\/wp-json\/wp\/v2\/product_tag?post=2110"}],"curies":[{"name":"wp","href":"https:\/\/api.w.org\/{rel}","templated":true}]}}