{"id":21102,"date":"2025-07-22T19:13:12","date_gmt":"2025-07-22T17:13:12","guid":{"rendered":"https:\/\/uj.adatbank.ro\/lexikon\/termek\/szabo-ferenc-2\/"},"modified":"2025-07-22T19:13:12","modified_gmt":"2025-07-22T17:13:12","slug":"szabo-ferenc-2","status":"publish","type":"product","link":"https:\/\/uj.adatbank.ro\/lexikon\/termek\/szabo-ferenc-2\/","title":{"rendered":"SZAB\u00d3 Ferenc"},"content":{"rendered":"<p>?, \u2020?: tan\u00edt\u00f3. \u2013 Nagyenyeden subscrib\u00e1lt (1763). Dics\u0151szentm\u00e1rtonban tan\u00edtott (1768). Petri Nagy Gy\u00f6rgy napl\u00f3ja szerint a katon\u00e1k kar\u00f3ba h\u00fazt\u00e1k dics\u0151szentm\u00e1rtini Sz. F.-et, akit a Horea l\u00e1zad\u00e1sban val\u00f3 r\u00e9szv\u00e9tel\u00e9rt b\u0171n\u00f6snek nyilv\u00e1n\u00edtottak (1785). <br \/><strong>Irod.:<\/strong> Id\u0151t\u00e1r 1 ha ez \u0151, K\u00fck\u00fcll\u0151i Ref. Egyh\u00e1zm., 2.<\/br><\/p>\n","protected":false},"excerpt":{"rendered":"<p>?, \u2020?: tan\u00edt\u00f3. \u2013 Nagyenyeden subscrib\u00e1lt (1763). Dics\u0151szentm\u00e1rtonban tan\u00edtott (1768). Petri Nagy Gy\u00f6rgy napl\u00f3ja szerint a katon\u00e1k kar\u00f3ba h\u00fazt\u00e1k dics\u0151szentm\u00e1rtini Sz. F.-et, akit a Horea l\u00e1zad\u00e1sban val\u00f3 r\u00e9szv\u00e9tel\u00e9rt b\u0171n\u00f6snek nyilv\u00e1n\u00edtottak (1785). Irod.: Id\u0151t\u00e1r 1 ha ez \u0151, K\u00fck\u00fcll\u0151i Ref. Egyh\u00e1zm., 2.<\/p>\n","protected":false},"featured_media":0,"comment_status":"open","ping_status":"closed","template":"","meta":[],"product_brand":[],"product_cat":[137],"product_tag":[],"class_list":{"0":"post-21102","1":"product","2":"type-product","3":"status-publish","5":"product_cat-maros-megyei-eletrajzi-lexikon","7":"first","8":"instock","9":"shipping-taxable","10":"product-type-simple"},"_links":{"self":[{"href":"https:\/\/uj.adatbank.ro\/lexikon\/wp-json\/wp\/v2\/product\/21102","targetHints":{"allow":["GET"]}}],"collection":[{"href":"https:\/\/uj.adatbank.ro\/lexikon\/wp-json\/wp\/v2\/product"}],"about":[{"href":"https:\/\/uj.adatbank.ro\/lexikon\/wp-json\/wp\/v2\/types\/product"}],"replies":[{"embeddable":true,"href":"https:\/\/uj.adatbank.ro\/lexikon\/wp-json\/wp\/v2\/comments?post=21102"}],"wp:attachment":[{"href":"https:\/\/uj.adatbank.ro\/lexikon\/wp-json\/wp\/v2\/media?parent=21102"}],"wp:term":[{"taxonomy":"product_brand","embeddable":true,"href":"https:\/\/uj.adatbank.ro\/lexikon\/wp-json\/wp\/v2\/product_brand?post=21102"},{"taxonomy":"product_cat","embeddable":true,"href":"https:\/\/uj.adatbank.ro\/lexikon\/wp-json\/wp\/v2\/product_cat?post=21102"},{"taxonomy":"product_tag","embeddable":true,"href":"https:\/\/uj.adatbank.ro\/lexikon\/wp-json\/wp\/v2\/product_tag?post=21102"}],"curies":[{"name":"wp","href":"https:\/\/api.w.org\/{rel}","templated":true}]}}