{"id":21104,"date":"2025-07-22T19:13:17","date_gmt":"2025-07-22T17:13:17","guid":{"rendered":"https:\/\/uj.adatbank.ro\/lexikon\/termek\/szabo-ferenc-4\/"},"modified":"2025-07-22T19:13:17","modified_gmt":"2025-07-22T17:13:17","slug":"szabo-ferenc-4","status":"publish","type":"product","link":"https:\/\/uj.adatbank.ro\/lexikon\/termek\/szabo-ferenc-4\/","title":{"rendered":"SZAB\u00d3 Ferenc"},"content":{"rendered":"<p>G\u00f3g\u00e1nv\u00e1ralja, 1858. aug. 4., \u2020 1930. okt. 21.: r. k. pap. \u2013 Tanulm\u00e1nyait Sz\u00e9kelyudvarhelyen \u00e9s Gyulafeh\u00e9rv\u00e1ron v\u00e9gezte, papp\u00e1 szentelt\u00e9k (1883. j\u00fal. 16.). K\u00e1pl\u00e1n Ny\u00fajt\u00f3don, Lemh\u00e9nyben, Erzs\u00e9betb\u00e1ny\u00e1n (1883\u201387) \u00e9s pl\u00e9b\u00e1nos Bonchid\u00e1n (1887\u2013). <br \/><strong>Irod.:<\/strong> Ferenczi S\u00e1ndor 2009.<\/br><\/p>\n","protected":false},"excerpt":{"rendered":"<p>G\u00f3g\u00e1nv\u00e1ralja, 1858. aug. 4., \u2020 1930. okt. 21.: r. k. pap. \u2013 Tanulm\u00e1nyait Sz\u00e9kelyudvarhelyen \u00e9s Gyulafeh\u00e9rv\u00e1ron v\u00e9gezte, papp\u00e1 szentelt\u00e9k (1883. j\u00fal. 16.). K\u00e1pl\u00e1n Ny\u00fajt\u00f3don, Lemh\u00e9nyben, Erzs\u00e9betb\u00e1ny\u00e1n (1883\u201387) \u00e9s pl\u00e9b\u00e1nos Bonchid\u00e1n (1887\u2013). Irod.: Ferenczi S\u00e1ndor 2009.<\/p>\n","protected":false},"featured_media":0,"comment_status":"open","ping_status":"closed","template":"","meta":[],"product_brand":[],"product_cat":[137],"product_tag":[],"class_list":{"0":"post-21104","1":"product","2":"type-product","3":"status-publish","5":"product_cat-maros-megyei-eletrajzi-lexikon","7":"first","8":"instock","9":"shipping-taxable","10":"product-type-simple"},"_links":{"self":[{"href":"https:\/\/uj.adatbank.ro\/lexikon\/wp-json\/wp\/v2\/product\/21104","targetHints":{"allow":["GET"]}}],"collection":[{"href":"https:\/\/uj.adatbank.ro\/lexikon\/wp-json\/wp\/v2\/product"}],"about":[{"href":"https:\/\/uj.adatbank.ro\/lexikon\/wp-json\/wp\/v2\/types\/product"}],"replies":[{"embeddable":true,"href":"https:\/\/uj.adatbank.ro\/lexikon\/wp-json\/wp\/v2\/comments?post=21104"}],"wp:attachment":[{"href":"https:\/\/uj.adatbank.ro\/lexikon\/wp-json\/wp\/v2\/media?parent=21104"}],"wp:term":[{"taxonomy":"product_brand","embeddable":true,"href":"https:\/\/uj.adatbank.ro\/lexikon\/wp-json\/wp\/v2\/product_brand?post=21104"},{"taxonomy":"product_cat","embeddable":true,"href":"https:\/\/uj.adatbank.ro\/lexikon\/wp-json\/wp\/v2\/product_cat?post=21104"},{"taxonomy":"product_tag","embeddable":true,"href":"https:\/\/uj.adatbank.ro\/lexikon\/wp-json\/wp\/v2\/product_tag?post=21104"}],"curies":[{"name":"wp","href":"https:\/\/api.w.org\/{rel}","templated":true}]}}