{"id":21108,"date":"2025-07-22T19:13:25","date_gmt":"2025-07-22T17:13:25","guid":{"rendered":"https:\/\/uj.adatbank.ro\/lexikon\/termek\/szabo-ferenc-8\/"},"modified":"2025-07-22T19:13:25","modified_gmt":"2025-07-22T17:13:25","slug":"szabo-ferenc-8","status":"publish","type":"product","link":"https:\/\/uj.adatbank.ro\/lexikon\/termek\/szabo-ferenc-8\/","title":{"rendered":"SZAB\u00d3 Ferenc"},"content":{"rendered":"<p>1887?, \u2020\u00a0Mv., 1934. m\u00e1j. 7.: tan\u00e1r. \u2013 Testv\u00e9rei: Sz. Zolt\u00e1n \u00e9s Sz. Albert. \u2013 A mv.-i Ref. Koll.-ban vall\u00e1s tan\u00e1r, dr. (1916\u201324). Marosszentgy\u00f6rgyi ref. lelk\u00e9sz (1932? \u2013). <br \/><strong>Irod.:<\/strong> Berekm\u00e9ri \u00c1rp\u00e1d-R\u00f3bert: Vizit\u00e1ci\u00f3k Marosszentgy\u00f6rgy\u00f6n a 20. sz. els\u0151 \u00e9vtizedeiben (1900\u20131939) = Marosszentgy\u00f6rgy; Gy\u00e1szjelent\u0151; Mv. t\u00f6rt. 2.<\/br><\/p>\n","protected":false},"excerpt":{"rendered":"<p>1887?, \u2020\u00a0Mv., 1934. m\u00e1j. 7.: tan\u00e1r. \u2013 Testv\u00e9rei: Sz. Zolt\u00e1n \u00e9s Sz. Albert. \u2013 A mv.-i Ref. Koll.-ban vall\u00e1s tan\u00e1r, dr. (1916\u201324). Marosszentgy\u00f6rgyi ref. lelk\u00e9sz (1932? \u2013). Irod.: Berekm\u00e9ri \u00c1rp\u00e1d-R\u00f3bert: Vizit\u00e1ci\u00f3k Marosszentgy\u00f6rgy\u00f6n a 20. sz. els\u0151 \u00e9vtizedeiben (1900\u20131939) = Marosszentgy\u00f6rgy; Gy\u00e1szjelent\u0151; Mv. t\u00f6rt. 2.<\/p>\n","protected":false},"featured_media":0,"comment_status":"open","ping_status":"closed","template":"","meta":[],"product_brand":[],"product_cat":[137],"product_tag":[],"class_list":{"0":"post-21108","1":"product","2":"type-product","3":"status-publish","5":"product_cat-maros-megyei-eletrajzi-lexikon","7":"first","8":"instock","9":"shipping-taxable","10":"product-type-simple"},"_links":{"self":[{"href":"https:\/\/uj.adatbank.ro\/lexikon\/wp-json\/wp\/v2\/product\/21108","targetHints":{"allow":["GET"]}}],"collection":[{"href":"https:\/\/uj.adatbank.ro\/lexikon\/wp-json\/wp\/v2\/product"}],"about":[{"href":"https:\/\/uj.adatbank.ro\/lexikon\/wp-json\/wp\/v2\/types\/product"}],"replies":[{"embeddable":true,"href":"https:\/\/uj.adatbank.ro\/lexikon\/wp-json\/wp\/v2\/comments?post=21108"}],"wp:attachment":[{"href":"https:\/\/uj.adatbank.ro\/lexikon\/wp-json\/wp\/v2\/media?parent=21108"}],"wp:term":[{"taxonomy":"product_brand","embeddable":true,"href":"https:\/\/uj.adatbank.ro\/lexikon\/wp-json\/wp\/v2\/product_brand?post=21108"},{"taxonomy":"product_cat","embeddable":true,"href":"https:\/\/uj.adatbank.ro\/lexikon\/wp-json\/wp\/v2\/product_cat?post=21108"},{"taxonomy":"product_tag","embeddable":true,"href":"https:\/\/uj.adatbank.ro\/lexikon\/wp-json\/wp\/v2\/product_tag?post=21108"}],"curies":[{"name":"wp","href":"https:\/\/api.w.org\/{rel}","templated":true}]}}