{"id":21109,"date":"2025-07-22T19:13:27","date_gmt":"2025-07-22T17:13:27","guid":{"rendered":"https:\/\/uj.adatbank.ro\/lexikon\/termek\/szabo-ferenc-9\/"},"modified":"2025-07-22T19:13:27","modified_gmt":"2025-07-22T17:13:27","slug":"szabo-ferenc-9","status":"publish","type":"product","link":"https:\/\/uj.adatbank.ro\/lexikon\/termek\/szabo-ferenc-9\/","title":{"rendered":"SZAB\u00d3 Ferenc"},"content":{"rendered":"<p>Magyar\u00f3, 1906. \u2020?: m\u00e9rlegk\u00e9sz\u00edt\u0151 mester. \u2013 A k\u00f6z\u00e9piskola n\u00e9gy oszt\u00e1ly\u00e1t Mv.-en v\u00e9gezte, a m\u00e9rlegk\u00e9sz\u00edt\u0151 ipart Kv.-on tanulta, felszabadult (1924), szaktud\u00e1s\u00e1t Mv.-en \u00e9s Buk.-ben fejlesztette, majd \u00f6n\u00e1ll\u00f3 mester lett Mv.-en (1930\u2013). <br \/><strong>Irod.:<\/strong> Sz\u00e9kelyf\u00f6ld \u00ed. k.; Visnai.<\/br><\/p>\n","protected":false},"excerpt":{"rendered":"<p>Magyar\u00f3, 1906. \u2020?: m\u00e9rlegk\u00e9sz\u00edt\u0151 mester. \u2013 A k\u00f6z\u00e9piskola n\u00e9gy oszt\u00e1ly\u00e1t Mv.-en v\u00e9gezte, a m\u00e9rlegk\u00e9sz\u00edt\u0151 ipart Kv.-on tanulta, felszabadult (1924), szaktud\u00e1s\u00e1t Mv.-en \u00e9s Buk.-ben fejlesztette, majd \u00f6n\u00e1ll\u00f3 mester lett Mv.-en (1930\u2013). Irod.: Sz\u00e9kelyf\u00f6ld \u00ed. k.; Visnai.<\/p>\n","protected":false},"featured_media":0,"comment_status":"open","ping_status":"closed","template":"","meta":[],"product_brand":[],"product_cat":[137],"product_tag":[],"class_list":{"0":"post-21109","1":"product","2":"type-product","3":"status-publish","5":"product_cat-maros-megyei-eletrajzi-lexikon","7":"first","8":"instock","9":"shipping-taxable","10":"product-type-simple"},"_links":{"self":[{"href":"https:\/\/uj.adatbank.ro\/lexikon\/wp-json\/wp\/v2\/product\/21109","targetHints":{"allow":["GET"]}}],"collection":[{"href":"https:\/\/uj.adatbank.ro\/lexikon\/wp-json\/wp\/v2\/product"}],"about":[{"href":"https:\/\/uj.adatbank.ro\/lexikon\/wp-json\/wp\/v2\/types\/product"}],"replies":[{"embeddable":true,"href":"https:\/\/uj.adatbank.ro\/lexikon\/wp-json\/wp\/v2\/comments?post=21109"}],"wp:attachment":[{"href":"https:\/\/uj.adatbank.ro\/lexikon\/wp-json\/wp\/v2\/media?parent=21109"}],"wp:term":[{"taxonomy":"product_brand","embeddable":true,"href":"https:\/\/uj.adatbank.ro\/lexikon\/wp-json\/wp\/v2\/product_brand?post=21109"},{"taxonomy":"product_cat","embeddable":true,"href":"https:\/\/uj.adatbank.ro\/lexikon\/wp-json\/wp\/v2\/product_cat?post=21109"},{"taxonomy":"product_tag","embeddable":true,"href":"https:\/\/uj.adatbank.ro\/lexikon\/wp-json\/wp\/v2\/product_tag?post=21109"}],"curies":[{"name":"wp","href":"https:\/\/api.w.org\/{rel}","templated":true}]}}