{"id":2111,"date":"2025-06-28T12:04:07","date_gmt":"2025-06-28T10:04:07","guid":{"rendered":"https:\/\/uj.adatbank.ro\/lexikon\/termek\/balvany-marton\/"},"modified":"2025-06-28T12:04:07","modified_gmt":"2025-06-28T10:04:07","slug":"balvany-marton","status":"publish","type":"product","link":"https:\/\/uj.adatbank.ro\/lexikon\/termek\/balvany-marton\/","title":{"rendered":"B\u00c1LV\u00c1NY M\u00e1rton"},"content":{"rendered":"<p>? \u2020\u00a0?: pr\u00e9dik\u00e1tor. \u2013 Kutyfalv\u00e1n volt pr\u00e9dik\u00e1tor. Polg\u00e1ri h\u00e1zat vett Mv.-en \u00e9s k\u00f6telezte mag\u00e1t, hogy mv.-i h\u00e1z\u00e1t nem vonja ki a v\u00e1rosi k\u00f6ztehervisel\u00e9s al\u00f3l (1594 m\u00e1rc. 2.). <br \/><strong>Irod.:<\/strong> Id\u0151t\u00e1r 1.; P\u00e1l-Antal 2009<\/br><\/p>\n","protected":false},"excerpt":{"rendered":"<p>? \u2020\u00a0?: pr\u00e9dik\u00e1tor. \u2013 Kutyfalv\u00e1n volt pr\u00e9dik\u00e1tor. Polg\u00e1ri h\u00e1zat vett Mv.-en \u00e9s k\u00f6telezte mag\u00e1t, hogy mv.-i h\u00e1z\u00e1t nem vonja ki a v\u00e1rosi k\u00f6ztehervisel\u00e9s al\u00f3l (1594 m\u00e1rc. 2.). Irod.: Id\u0151t\u00e1r 1.; P\u00e1l-Antal 2009<\/p>\n","protected":false},"featured_media":0,"comment_status":"open","ping_status":"closed","template":"","meta":[],"product_brand":[],"product_cat":[137],"product_tag":[],"class_list":{"0":"post-2111","1":"product","2":"type-product","3":"status-publish","5":"product_cat-maros-megyei-eletrajzi-lexikon","7":"first","8":"instock","9":"shipping-taxable","10":"product-type-simple"},"_links":{"self":[{"href":"https:\/\/uj.adatbank.ro\/lexikon\/wp-json\/wp\/v2\/product\/2111","targetHints":{"allow":["GET"]}}],"collection":[{"href":"https:\/\/uj.adatbank.ro\/lexikon\/wp-json\/wp\/v2\/product"}],"about":[{"href":"https:\/\/uj.adatbank.ro\/lexikon\/wp-json\/wp\/v2\/types\/product"}],"replies":[{"embeddable":true,"href":"https:\/\/uj.adatbank.ro\/lexikon\/wp-json\/wp\/v2\/comments?post=2111"}],"wp:attachment":[{"href":"https:\/\/uj.adatbank.ro\/lexikon\/wp-json\/wp\/v2\/media?parent=2111"}],"wp:term":[{"taxonomy":"product_brand","embeddable":true,"href":"https:\/\/uj.adatbank.ro\/lexikon\/wp-json\/wp\/v2\/product_brand?post=2111"},{"taxonomy":"product_cat","embeddable":true,"href":"https:\/\/uj.adatbank.ro\/lexikon\/wp-json\/wp\/v2\/product_cat?post=2111"},{"taxonomy":"product_tag","embeddable":true,"href":"https:\/\/uj.adatbank.ro\/lexikon\/wp-json\/wp\/v2\/product_tag?post=2111"}],"curies":[{"name":"wp","href":"https:\/\/api.w.org\/{rel}","templated":true}]}}