{"id":21111,"date":"2025-07-22T19:13:31","date_gmt":"2025-07-22T17:13:31","guid":{"rendered":"https:\/\/uj.adatbank.ro\/lexikon\/termek\/szabo-ferenc-10\/"},"modified":"2025-07-22T19:13:31","modified_gmt":"2025-07-22T17:13:31","slug":"szabo-ferenc-10","status":"publish","type":"product","link":"https:\/\/uj.adatbank.ro\/lexikon\/termek\/szabo-ferenc-10\/","title":{"rendered":"SZAB\u00d3 Ferenc"},"content":{"rendered":"<p>? 1897? \u2020\u00a0Mv., 1989. m\u00e1j. 26.: munk\u00e1smozgalmi harcos. \u2013 A RKP tagja (1927\u2013), a p\u00e1rt eszm\u00e9inek megval\u00f3s\u00edt\u00e1s\u00e1\u00e9rt harcolt, meghurcoltat\u00e1sokban volt r\u00e9sze. A felszabadul\u00e1s ut\u00e1n felel\u0151s p\u00e1rt- \u00e9s \u00e1llami funkci\u00f3kat t\u00f6lt\u00f6tt be. <br \/><strong>Irod.:<\/strong> Sz. F. [Nekrol\u00f3g] (V. Z., 1989. m\u00e1j. 28.).<\/br><\/p>\n","protected":false},"excerpt":{"rendered":"<p>? 1897? \u2020\u00a0Mv., 1989. m\u00e1j. 26.: munk\u00e1smozgalmi harcos. \u2013 A RKP tagja (1927\u2013), a p\u00e1rt eszm\u00e9inek megval\u00f3s\u00edt\u00e1s\u00e1\u00e9rt harcolt, meghurcoltat\u00e1sokban volt r\u00e9sze. A felszabadul\u00e1s ut\u00e1n felel\u0151s p\u00e1rt- \u00e9s \u00e1llami funkci\u00f3kat t\u00f6lt\u00f6tt be. Irod.: Sz. F. [Nekrol\u00f3g] (V. Z., 1989. m\u00e1j. 28.).<\/p>\n","protected":false},"featured_media":0,"comment_status":"open","ping_status":"closed","template":"","meta":[],"product_brand":[],"product_cat":[137],"product_tag":[],"class_list":{"0":"post-21111","1":"product","2":"type-product","3":"status-publish","5":"product_cat-maros-megyei-eletrajzi-lexikon","7":"first","8":"instock","9":"shipping-taxable","10":"product-type-simple"},"_links":{"self":[{"href":"https:\/\/uj.adatbank.ro\/lexikon\/wp-json\/wp\/v2\/product\/21111","targetHints":{"allow":["GET"]}}],"collection":[{"href":"https:\/\/uj.adatbank.ro\/lexikon\/wp-json\/wp\/v2\/product"}],"about":[{"href":"https:\/\/uj.adatbank.ro\/lexikon\/wp-json\/wp\/v2\/types\/product"}],"replies":[{"embeddable":true,"href":"https:\/\/uj.adatbank.ro\/lexikon\/wp-json\/wp\/v2\/comments?post=21111"}],"wp:attachment":[{"href":"https:\/\/uj.adatbank.ro\/lexikon\/wp-json\/wp\/v2\/media?parent=21111"}],"wp:term":[{"taxonomy":"product_brand","embeddable":true,"href":"https:\/\/uj.adatbank.ro\/lexikon\/wp-json\/wp\/v2\/product_brand?post=21111"},{"taxonomy":"product_cat","embeddable":true,"href":"https:\/\/uj.adatbank.ro\/lexikon\/wp-json\/wp\/v2\/product_cat?post=21111"},{"taxonomy":"product_tag","embeddable":true,"href":"https:\/\/uj.adatbank.ro\/lexikon\/wp-json\/wp\/v2\/product_tag?post=21111"}],"curies":[{"name":"wp","href":"https:\/\/api.w.org\/{rel}","templated":true}]}}