{"id":21113,"date":"2025-07-22T19:13:35","date_gmt":"2025-07-22T17:13:35","guid":{"rendered":"https:\/\/uj.adatbank.ro\/lexikon\/termek\/szabo-ferenc-tusnadi\/"},"modified":"2025-07-22T19:13:35","modified_gmt":"2025-07-22T17:13:35","slug":"szabo-ferenc-tusnadi","status":"publish","type":"product","link":"https:\/\/uj.adatbank.ro\/lexikon\/termek\/szabo-ferenc-tusnadi\/","title":{"rendered":"SZAB\u00d3 Ferenc, tusn\u00e1di"},"content":{"rendered":"<p>1839. jan. 17., \u2020 1871. dec. 6.: r. k. pap. \u2013 Papp\u00e1 szentelt\u00e9k (1864. j\u00fal. 31.). K\u00e1pl\u00e1n Cs\u00edktusn\u00e1don, Cs\u00edkszentsimonban. Dem\u00e9nyh\u00e1za els\u0151 pl\u00e9b\u00e1nosa (1867\u2013). <br \/><strong>Irod.:<\/strong> Cs\u00edkfalva; Ferenczi S\u00e1ndor 2009.<\/br><\/p>\n","protected":false},"excerpt":{"rendered":"<p>1839. jan. 17., \u2020 1871. dec. 6.: r. k. pap. \u2013 Papp\u00e1 szentelt\u00e9k (1864. j\u00fal. 31.). K\u00e1pl\u00e1n Cs\u00edktusn\u00e1don, Cs\u00edkszentsimonban. Dem\u00e9nyh\u00e1za els\u0151 pl\u00e9b\u00e1nosa (1867\u2013). Irod.: Cs\u00edkfalva; Ferenczi S\u00e1ndor 2009.<\/p>\n","protected":false},"featured_media":0,"comment_status":"open","ping_status":"closed","template":"","meta":[],"product_brand":[],"product_cat":[137],"product_tag":[],"class_list":{"0":"post-21113","1":"product","2":"type-product","3":"status-publish","5":"product_cat-maros-megyei-eletrajzi-lexikon","7":"first","8":"instock","9":"shipping-taxable","10":"product-type-simple"},"_links":{"self":[{"href":"https:\/\/uj.adatbank.ro\/lexikon\/wp-json\/wp\/v2\/product\/21113","targetHints":{"allow":["GET"]}}],"collection":[{"href":"https:\/\/uj.adatbank.ro\/lexikon\/wp-json\/wp\/v2\/product"}],"about":[{"href":"https:\/\/uj.adatbank.ro\/lexikon\/wp-json\/wp\/v2\/types\/product"}],"replies":[{"embeddable":true,"href":"https:\/\/uj.adatbank.ro\/lexikon\/wp-json\/wp\/v2\/comments?post=21113"}],"wp:attachment":[{"href":"https:\/\/uj.adatbank.ro\/lexikon\/wp-json\/wp\/v2\/media?parent=21113"}],"wp:term":[{"taxonomy":"product_brand","embeddable":true,"href":"https:\/\/uj.adatbank.ro\/lexikon\/wp-json\/wp\/v2\/product_brand?post=21113"},{"taxonomy":"product_cat","embeddable":true,"href":"https:\/\/uj.adatbank.ro\/lexikon\/wp-json\/wp\/v2\/product_cat?post=21113"},{"taxonomy":"product_tag","embeddable":true,"href":"https:\/\/uj.adatbank.ro\/lexikon\/wp-json\/wp\/v2\/product_tag?post=21113"}],"curies":[{"name":"wp","href":"https:\/\/api.w.org\/{rel}","templated":true}]}}