{"id":21114,"date":"2025-07-22T19:13:39","date_gmt":"2025-07-22T17:13:39","guid":{"rendered":"https:\/\/uj.adatbank.ro\/lexikon\/termek\/szabo-ferenc-vitez\/"},"modified":"2025-07-22T19:13:39","modified_gmt":"2025-07-22T17:13:39","slug":"szabo-ferenc-vitez","status":"publish","type":"product","link":"https:\/\/uj.adatbank.ro\/lexikon\/termek\/szabo-ferenc-vitez\/","title":{"rendered":"SZAB\u00d3 Ferenc, vit\u00e9z"},"content":{"rendered":"<p>? \u2020?: tan\u00e1r. A Mv.-i M. Kir. \u00c1llami Tan\u00edt\u00f3k\u00e9pz\u0151 Int\u00e9zet \u00e9s L\u00edceumban tan\u00edtott testnevel\u00e9st (1941\u201344) <br \/><strong>Irod.:<\/strong> Szab\u00f3 K. Attila.<\/br><\/p>\n","protected":false},"excerpt":{"rendered":"<p>? \u2020?: tan\u00e1r. A Mv.-i M. Kir. \u00c1llami Tan\u00edt\u00f3k\u00e9pz\u0151 Int\u00e9zet \u00e9s L\u00edceumban tan\u00edtott testnevel\u00e9st (1941\u201344) Irod.: Szab\u00f3 K. Attila.<\/p>\n","protected":false},"featured_media":0,"comment_status":"open","ping_status":"closed","template":"","meta":[],"product_brand":[],"product_cat":[137],"product_tag":[],"class_list":{"0":"post-21114","1":"product","2":"type-product","3":"status-publish","5":"product_cat-maros-megyei-eletrajzi-lexikon","7":"first","8":"instock","9":"shipping-taxable","10":"product-type-simple"},"_links":{"self":[{"href":"https:\/\/uj.adatbank.ro\/lexikon\/wp-json\/wp\/v2\/product\/21114","targetHints":{"allow":["GET"]}}],"collection":[{"href":"https:\/\/uj.adatbank.ro\/lexikon\/wp-json\/wp\/v2\/product"}],"about":[{"href":"https:\/\/uj.adatbank.ro\/lexikon\/wp-json\/wp\/v2\/types\/product"}],"replies":[{"embeddable":true,"href":"https:\/\/uj.adatbank.ro\/lexikon\/wp-json\/wp\/v2\/comments?post=21114"}],"wp:attachment":[{"href":"https:\/\/uj.adatbank.ro\/lexikon\/wp-json\/wp\/v2\/media?parent=21114"}],"wp:term":[{"taxonomy":"product_brand","embeddable":true,"href":"https:\/\/uj.adatbank.ro\/lexikon\/wp-json\/wp\/v2\/product_brand?post=21114"},{"taxonomy":"product_cat","embeddable":true,"href":"https:\/\/uj.adatbank.ro\/lexikon\/wp-json\/wp\/v2\/product_cat?post=21114"},{"taxonomy":"product_tag","embeddable":true,"href":"https:\/\/uj.adatbank.ro\/lexikon\/wp-json\/wp\/v2\/product_tag?post=21114"}],"curies":[{"name":"wp","href":"https:\/\/api.w.org\/{rel}","templated":true}]}}