{"id":21115,"date":"2025-07-22T19:13:41","date_gmt":"2025-07-22T17:13:41","guid":{"rendered":"https:\/\/uj.adatbank.ro\/lexikon\/termek\/szabo-ferenc-tihamer-dr\/"},"modified":"2025-07-22T19:13:41","modified_gmt":"2025-07-22T17:13:41","slug":"szabo-ferenc-tihamer-dr","status":"publish","type":"product","link":"https:\/\/uj.adatbank.ro\/lexikon\/termek\/szabo-ferenc-tihamer-dr\/","title":{"rendered":"SZAB\u00d3 Ferenc Tiham\u00e9r, dr."},"content":{"rendered":"<p>1949, \u2020\u00a0Mv., 2007: Az \u00e1llami k\u00f6ztemet\u0151ben Marosszentgy\u00f6rgy\u00f6n nyugszik <br \/><strong>Irod.:<\/strong> Kiss Cs. M.4.<\/br><\/p>\n","protected":false},"excerpt":{"rendered":"<p>1949, \u2020\u00a0Mv., 2007: Az \u00e1llami k\u00f6ztemet\u0151ben Marosszentgy\u00f6rgy\u00f6n nyugszik Irod.: Kiss Cs. M.4.<\/p>\n","protected":false},"featured_media":0,"comment_status":"open","ping_status":"closed","template":"","meta":[],"product_brand":[],"product_cat":[137],"product_tag":[],"class_list":{"0":"post-21115","1":"product","2":"type-product","3":"status-publish","5":"product_cat-maros-megyei-eletrajzi-lexikon","7":"first","8":"instock","9":"shipping-taxable","10":"product-type-simple"},"_links":{"self":[{"href":"https:\/\/uj.adatbank.ro\/lexikon\/wp-json\/wp\/v2\/product\/21115","targetHints":{"allow":["GET"]}}],"collection":[{"href":"https:\/\/uj.adatbank.ro\/lexikon\/wp-json\/wp\/v2\/product"}],"about":[{"href":"https:\/\/uj.adatbank.ro\/lexikon\/wp-json\/wp\/v2\/types\/product"}],"replies":[{"embeddable":true,"href":"https:\/\/uj.adatbank.ro\/lexikon\/wp-json\/wp\/v2\/comments?post=21115"}],"wp:attachment":[{"href":"https:\/\/uj.adatbank.ro\/lexikon\/wp-json\/wp\/v2\/media?parent=21115"}],"wp:term":[{"taxonomy":"product_brand","embeddable":true,"href":"https:\/\/uj.adatbank.ro\/lexikon\/wp-json\/wp\/v2\/product_brand?post=21115"},{"taxonomy":"product_cat","embeddable":true,"href":"https:\/\/uj.adatbank.ro\/lexikon\/wp-json\/wp\/v2\/product_cat?post=21115"},{"taxonomy":"product_tag","embeddable":true,"href":"https:\/\/uj.adatbank.ro\/lexikon\/wp-json\/wp\/v2\/product_tag?post=21115"}],"curies":[{"name":"wp","href":"https:\/\/api.w.org\/{rel}","templated":true}]}}