{"id":21122,"date":"2025-07-22T19:13:53","date_gmt":"2025-07-22T17:13:53","guid":{"rendered":"https:\/\/uj.adatbank.ro\/lexikon\/termek\/szabo-gergely-arpad\/"},"modified":"2025-07-22T19:13:53","modified_gmt":"2025-07-22T17:13:53","slug":"szabo-gergely-arpad","status":"publish","type":"product","link":"https:\/\/uj.adatbank.ro\/lexikon\/termek\/szabo-gergely-arpad\/","title":{"rendered":"SZAB\u00d3 Gergely \u00c1rp\u00e1d"},"content":{"rendered":"<p>1922., \u20202000: ref. lelk\u00e9sz. \u2013 Feles\u00e9ge: Szab\u00f3 Lucza (1930\u20132010). \u2013 Esperesi seg\u00e9dlelk\u00e9szi kinevez\u00e9st kapott Udvarfalv\u00e1ra \u00e9s V\u00e1rhegy le\u00e1nyegyh\u00e1z\u00e1ba \u00e9s a ugyanitt megv\u00e1lasztott lelkip\u00e1sztora volt a gy\u00fclekezetnek (1954\u2013) nyugd\u00edjaz\u00e1s\u00e1ig. Nagy csal\u00e1dja mellett h\u0171s\u00e9ggel \u00e1llt a h\u00edvei szolg\u00e1lat\u00e1ban. <br \/><strong>Irod.:<\/strong> Cs\u00e1ky.<\/br><\/p>\n","protected":false},"excerpt":{"rendered":"<p>1922., \u20202000: ref. lelk\u00e9sz. \u2013 Feles\u00e9ge: Szab\u00f3 Lucza (1930\u20132010). \u2013 Esperesi seg\u00e9dlelk\u00e9szi kinevez\u00e9st kapott Udvarfalv\u00e1ra \u00e9s V\u00e1rhegy le\u00e1nyegyh\u00e1z\u00e1ba \u00e9s a ugyanitt megv\u00e1lasztott lelkip\u00e1sztora volt a gy\u00fclekezetnek (1954\u2013) nyugd\u00edjaz\u00e1s\u00e1ig. Nagy csal\u00e1dja mellett h\u0171s\u00e9ggel \u00e1llt a h\u00edvei szolg\u00e1lat\u00e1ban. Irod.: Cs\u00e1ky.<\/p>\n","protected":false},"featured_media":0,"comment_status":"open","ping_status":"closed","template":"","meta":[],"product_brand":[],"product_cat":[137],"product_tag":[],"class_list":{"0":"post-21122","1":"product","2":"type-product","3":"status-publish","5":"product_cat-maros-megyei-eletrajzi-lexikon","7":"first","8":"instock","9":"shipping-taxable","10":"product-type-simple"},"_links":{"self":[{"href":"https:\/\/uj.adatbank.ro\/lexikon\/wp-json\/wp\/v2\/product\/21122","targetHints":{"allow":["GET"]}}],"collection":[{"href":"https:\/\/uj.adatbank.ro\/lexikon\/wp-json\/wp\/v2\/product"}],"about":[{"href":"https:\/\/uj.adatbank.ro\/lexikon\/wp-json\/wp\/v2\/types\/product"}],"replies":[{"embeddable":true,"href":"https:\/\/uj.adatbank.ro\/lexikon\/wp-json\/wp\/v2\/comments?post=21122"}],"wp:attachment":[{"href":"https:\/\/uj.adatbank.ro\/lexikon\/wp-json\/wp\/v2\/media?parent=21122"}],"wp:term":[{"taxonomy":"product_brand","embeddable":true,"href":"https:\/\/uj.adatbank.ro\/lexikon\/wp-json\/wp\/v2\/product_brand?post=21122"},{"taxonomy":"product_cat","embeddable":true,"href":"https:\/\/uj.adatbank.ro\/lexikon\/wp-json\/wp\/v2\/product_cat?post=21122"},{"taxonomy":"product_tag","embeddable":true,"href":"https:\/\/uj.adatbank.ro\/lexikon\/wp-json\/wp\/v2\/product_tag?post=21122"}],"curies":[{"name":"wp","href":"https:\/\/api.w.org\/{rel}","templated":true}]}}