{"id":21123,"date":"2025-07-22T19:13:55","date_gmt":"2025-07-22T17:13:55","guid":{"rendered":"https:\/\/uj.adatbank.ro\/lexikon\/termek\/szabo-geza\/"},"modified":"2025-07-22T19:13:55","modified_gmt":"2025-07-22T17:13:55","slug":"szabo-geza","status":"publish","type":"product","link":"https:\/\/uj.adatbank.ro\/lexikon\/termek\/szabo-geza\/","title":{"rendered":"SZAB\u00d3 G\u00e9za"},"content":{"rendered":"<p>? \u2020?: tan\u00edt\u00f3. \u2013 Mez\u0151panitban a ref. iskol\u00e1t \u00e1llamos\u00edtott\u00e1k (1909) \u00e9s \u00e1llami p\u00e9nzen kib\u0151v\u00edtett\u00e9k \u00e9s felavatt\u00e1k (1910. j\u00fan. 5.\u2013). Itt tan\u00edtott negyedmag\u00e1val. <br \/><strong>Irod.:<\/strong> Mez\u0151panit.<\/br><\/p>\n","protected":false},"excerpt":{"rendered":"<p>? \u2020?: tan\u00edt\u00f3. \u2013 Mez\u0151panitban a ref. iskol\u00e1t \u00e1llamos\u00edtott\u00e1k (1909) \u00e9s \u00e1llami p\u00e9nzen kib\u0151v\u00edtett\u00e9k \u00e9s felavatt\u00e1k (1910. j\u00fan. 5.\u2013). Itt tan\u00edtott negyedmag\u00e1val. Irod.: Mez\u0151panit.<\/p>\n","protected":false},"featured_media":0,"comment_status":"open","ping_status":"closed","template":"","meta":[],"product_brand":[],"product_cat":[137],"product_tag":[],"class_list":{"0":"post-21123","1":"product","2":"type-product","3":"status-publish","5":"product_cat-maros-megyei-eletrajzi-lexikon","7":"first","8":"instock","9":"shipping-taxable","10":"product-type-simple"},"_links":{"self":[{"href":"https:\/\/uj.adatbank.ro\/lexikon\/wp-json\/wp\/v2\/product\/21123","targetHints":{"allow":["GET"]}}],"collection":[{"href":"https:\/\/uj.adatbank.ro\/lexikon\/wp-json\/wp\/v2\/product"}],"about":[{"href":"https:\/\/uj.adatbank.ro\/lexikon\/wp-json\/wp\/v2\/types\/product"}],"replies":[{"embeddable":true,"href":"https:\/\/uj.adatbank.ro\/lexikon\/wp-json\/wp\/v2\/comments?post=21123"}],"wp:attachment":[{"href":"https:\/\/uj.adatbank.ro\/lexikon\/wp-json\/wp\/v2\/media?parent=21123"}],"wp:term":[{"taxonomy":"product_brand","embeddable":true,"href":"https:\/\/uj.adatbank.ro\/lexikon\/wp-json\/wp\/v2\/product_brand?post=21123"},{"taxonomy":"product_cat","embeddable":true,"href":"https:\/\/uj.adatbank.ro\/lexikon\/wp-json\/wp\/v2\/product_cat?post=21123"},{"taxonomy":"product_tag","embeddable":true,"href":"https:\/\/uj.adatbank.ro\/lexikon\/wp-json\/wp\/v2\/product_tag?post=21123"}],"curies":[{"name":"wp","href":"https:\/\/api.w.org\/{rel}","templated":true}]}}