{"id":21124,"date":"2025-07-22T19:13:56","date_gmt":"2025-07-22T17:13:56","guid":{"rendered":"https:\/\/uj.adatbank.ro\/lexikon\/termek\/szabo-geza-2\/"},"modified":"2025-07-22T19:13:56","modified_gmt":"2025-07-22T17:13:56","slug":"szabo-geza-2","status":"publish","type":"product","link":"https:\/\/uj.adatbank.ro\/lexikon\/termek\/szabo-geza-2\/","title":{"rendered":"SZAB\u00d3 G\u00e9za"},"content":{"rendered":"<p>Magyardell\u0151, 1928., \u2020 Mv., 2009. \u00e1pr.18., vegy\u00e9szm\u00e9rn\u00f6k. <br \/><strong>Irod.:<\/strong> [Nekrol\u00f3g] (N\u00fa., 2009. \u00e1pr. 21.).<\/br><\/p>\n","protected":false},"excerpt":{"rendered":"<p>Magyardell\u0151, 1928., \u2020 Mv., 2009. \u00e1pr.18., vegy\u00e9szm\u00e9rn\u00f6k. Irod.: [Nekrol\u00f3g] (N\u00fa., 2009. \u00e1pr. 21.).<\/p>\n","protected":false},"featured_media":0,"comment_status":"open","ping_status":"closed","template":"","meta":[],"product_brand":[],"product_cat":[137],"product_tag":[],"class_list":{"0":"post-21124","1":"product","2":"type-product","3":"status-publish","5":"product_cat-maros-megyei-eletrajzi-lexikon","7":"first","8":"instock","9":"shipping-taxable","10":"product-type-simple"},"_links":{"self":[{"href":"https:\/\/uj.adatbank.ro\/lexikon\/wp-json\/wp\/v2\/product\/21124","targetHints":{"allow":["GET"]}}],"collection":[{"href":"https:\/\/uj.adatbank.ro\/lexikon\/wp-json\/wp\/v2\/product"}],"about":[{"href":"https:\/\/uj.adatbank.ro\/lexikon\/wp-json\/wp\/v2\/types\/product"}],"replies":[{"embeddable":true,"href":"https:\/\/uj.adatbank.ro\/lexikon\/wp-json\/wp\/v2\/comments?post=21124"}],"wp:attachment":[{"href":"https:\/\/uj.adatbank.ro\/lexikon\/wp-json\/wp\/v2\/media?parent=21124"}],"wp:term":[{"taxonomy":"product_brand","embeddable":true,"href":"https:\/\/uj.adatbank.ro\/lexikon\/wp-json\/wp\/v2\/product_brand?post=21124"},{"taxonomy":"product_cat","embeddable":true,"href":"https:\/\/uj.adatbank.ro\/lexikon\/wp-json\/wp\/v2\/product_cat?post=21124"},{"taxonomy":"product_tag","embeddable":true,"href":"https:\/\/uj.adatbank.ro\/lexikon\/wp-json\/wp\/v2\/product_tag?post=21124"}],"curies":[{"name":"wp","href":"https:\/\/api.w.org\/{rel}","templated":true}]}}