{"id":21125,"date":"2025-07-22T19:13:58","date_gmt":"2025-07-22T17:13:58","guid":{"rendered":"https:\/\/uj.adatbank.ro\/lexikon\/termek\/szabo-gyorgy\/"},"modified":"2025-07-22T19:13:58","modified_gmt":"2025-07-22T17:13:58","slug":"szabo-gyorgy","status":"publish","type":"product","link":"https:\/\/uj.adatbank.ro\/lexikon\/termek\/szabo-gyorgy\/","title":{"rendered":"SZAB\u00d3 Gy\u00f6rgy"},"content":{"rendered":"<p>? \u2020?: tan\u00edt\u00f3, l\u00e9vita. \u2013 Mv.-en subscrib\u00e1lt (1765). L\u00e9vita volt K\u00fck\u00fcll\u0151p\u00f3csfalv\u00e1n (1776\u201393) \u00e9s D\u00e9sfalv\u00e1n (1794\u20131801). <br \/><strong>Irod.:<\/strong> K\u00fck\u00fcll\u0151i Ref. Egyh\u00e1zm., 2., 3.<\/br><\/p>\n","protected":false},"excerpt":{"rendered":"<p>? \u2020?: tan\u00edt\u00f3, l\u00e9vita. \u2013 Mv.-en subscrib\u00e1lt (1765). L\u00e9vita volt K\u00fck\u00fcll\u0151p\u00f3csfalv\u00e1n (1776\u201393) \u00e9s D\u00e9sfalv\u00e1n (1794\u20131801). Irod.: K\u00fck\u00fcll\u0151i Ref. Egyh\u00e1zm., 2., 3.<\/p>\n","protected":false},"featured_media":0,"comment_status":"open","ping_status":"closed","template":"","meta":[],"product_brand":[],"product_cat":[137],"product_tag":[],"class_list":{"0":"post-21125","1":"product","2":"type-product","3":"status-publish","5":"product_cat-maros-megyei-eletrajzi-lexikon","7":"first","8":"instock","9":"shipping-taxable","10":"product-type-simple"},"_links":{"self":[{"href":"https:\/\/uj.adatbank.ro\/lexikon\/wp-json\/wp\/v2\/product\/21125","targetHints":{"allow":["GET"]}}],"collection":[{"href":"https:\/\/uj.adatbank.ro\/lexikon\/wp-json\/wp\/v2\/product"}],"about":[{"href":"https:\/\/uj.adatbank.ro\/lexikon\/wp-json\/wp\/v2\/types\/product"}],"replies":[{"embeddable":true,"href":"https:\/\/uj.adatbank.ro\/lexikon\/wp-json\/wp\/v2\/comments?post=21125"}],"wp:attachment":[{"href":"https:\/\/uj.adatbank.ro\/lexikon\/wp-json\/wp\/v2\/media?parent=21125"}],"wp:term":[{"taxonomy":"product_brand","embeddable":true,"href":"https:\/\/uj.adatbank.ro\/lexikon\/wp-json\/wp\/v2\/product_brand?post=21125"},{"taxonomy":"product_cat","embeddable":true,"href":"https:\/\/uj.adatbank.ro\/lexikon\/wp-json\/wp\/v2\/product_cat?post=21125"},{"taxonomy":"product_tag","embeddable":true,"href":"https:\/\/uj.adatbank.ro\/lexikon\/wp-json\/wp\/v2\/product_tag?post=21125"}],"curies":[{"name":"wp","href":"https:\/\/api.w.org\/{rel}","templated":true}]}}