{"id":21128,"date":"2025-07-22T19:14:07","date_gmt":"2025-07-22T17:14:07","guid":{"rendered":"https:\/\/uj.adatbank.ro\/lexikon\/termek\/szabo-gyorgy-4\/"},"modified":"2025-07-22T19:14:07","modified_gmt":"2025-07-22T17:14:07","slug":"szabo-gyorgy-4","status":"publish","type":"product","link":"https:\/\/uj.adatbank.ro\/lexikon\/termek\/szabo-gyorgy-4\/","title":{"rendered":"SZAB\u00d3 Gy\u00f6rgy"},"content":{"rendered":"<p>Sz\u00e9kelyhodos, 1874. m\u00e1rc. 15., \u2020\u00a01944. m\u00e1j. 22: r. k. pap. \u2013 Tanulm\u00e1nyait Mv.-en, Gyulafeh\u00e9rv\u00e1ron, B\u00e9csben (1895\u201398) \u00e9s Kv.-on, v\u00e9gezte (1901). Papp\u00e1 szentelt\u00e9k (1898. j\u00fal. 14.). K\u00e1pl\u00e1n Gyulafeh\u00e9rv\u00e1ron. Gimn.-i tan\u00e1r Kv.-on, Cs\u00edksomly\u00f3n \u00e9s Mv.-en. A mv.-i Kaszin\u00f3 titk\u00e1ra (1907 k.) Teol\u00f3giai tan\u00e1r, dr. Gyulafeh\u00e9rv\u00e1ron (1926\u201341). <br \/><strong>Irod.:<\/strong> Ferenczi S\u00e1ndor 2009; Maros-k\u00fck\u00fcll\u0151i f\u0151esp.; Szentgy\u00f6rgyi.<\/br><\/p>\n","protected":false},"excerpt":{"rendered":"<p>Sz\u00e9kelyhodos, 1874. m\u00e1rc. 15., \u2020\u00a01944. m\u00e1j. 22: r. k. pap. \u2013 Tanulm\u00e1nyait Mv.-en, Gyulafeh\u00e9rv\u00e1ron, B\u00e9csben (1895\u201398) \u00e9s Kv.-on, v\u00e9gezte (1901). Papp\u00e1 szentelt\u00e9k (1898. j\u00fal. 14.). K\u00e1pl\u00e1n Gyulafeh\u00e9rv\u00e1ron. Gimn.-i tan\u00e1r Kv.-on, Cs\u00edksomly\u00f3n \u00e9s Mv.-en. A mv.-i Kaszin\u00f3 titk\u00e1ra (1907 k.) Teol\u00f3giai tan\u00e1r, dr. Gyulafeh\u00e9rv\u00e1ron (1926\u201341). Irod.: Ferenczi S\u00e1ndor 2009; Maros-k\u00fck\u00fcll\u0151i f\u0151esp.; Szentgy\u00f6rgyi.<\/p>\n","protected":false},"featured_media":0,"comment_status":"open","ping_status":"closed","template":"","meta":[],"product_brand":[],"product_cat":[137],"product_tag":[],"class_list":{"0":"post-21128","1":"product","2":"type-product","3":"status-publish","5":"product_cat-maros-megyei-eletrajzi-lexikon","7":"first","8":"instock","9":"shipping-taxable","10":"product-type-simple"},"_links":{"self":[{"href":"https:\/\/uj.adatbank.ro\/lexikon\/wp-json\/wp\/v2\/product\/21128","targetHints":{"allow":["GET"]}}],"collection":[{"href":"https:\/\/uj.adatbank.ro\/lexikon\/wp-json\/wp\/v2\/product"}],"about":[{"href":"https:\/\/uj.adatbank.ro\/lexikon\/wp-json\/wp\/v2\/types\/product"}],"replies":[{"embeddable":true,"href":"https:\/\/uj.adatbank.ro\/lexikon\/wp-json\/wp\/v2\/comments?post=21128"}],"wp:attachment":[{"href":"https:\/\/uj.adatbank.ro\/lexikon\/wp-json\/wp\/v2\/media?parent=21128"}],"wp:term":[{"taxonomy":"product_brand","embeddable":true,"href":"https:\/\/uj.adatbank.ro\/lexikon\/wp-json\/wp\/v2\/product_brand?post=21128"},{"taxonomy":"product_cat","embeddable":true,"href":"https:\/\/uj.adatbank.ro\/lexikon\/wp-json\/wp\/v2\/product_cat?post=21128"},{"taxonomy":"product_tag","embeddable":true,"href":"https:\/\/uj.adatbank.ro\/lexikon\/wp-json\/wp\/v2\/product_tag?post=21128"}],"curies":[{"name":"wp","href":"https:\/\/api.w.org\/{rel}","templated":true}]}}