{"id":2113,"date":"2025-06-28T12:04:09","date_gmt":"2025-06-28T10:04:09","guid":{"rendered":"https:\/\/uj.adatbank.ro\/lexikon\/termek\/bambo-bela\/"},"modified":"2025-06-28T12:04:09","modified_gmt":"2025-06-28T10:04:09","slug":"bambo-bela","status":"publish","type":"product","link":"https:\/\/uj.adatbank.ro\/lexikon\/termek\/bambo-bela\/","title":{"rendered":"B\u00c1MB\u00d3 B\u00e9la"},"content":{"rendered":"<p>? \u2020\u00a0? : cig\u00e1nypr\u00edm\u00e1s. \u2013 A mv.-i Surlott Gr\u00e1dicsban m. n\u00f3t\u00e1kat j\u00e1tszott zenekar\u00e1val (1938), ami s\u00e9rtette az ott mulat\u00f3 rom\u00e1nokat ez\u00e9rt feljelentett\u00e9k, de a kv.-i katonai t\u00f6rv\u00e9nysz\u00e9k felmentette (1939). Az indul\u00f3 mv.-i \u00c1llami Filharm\u00f3nia alap\u00edt\u00f3 tagjai k\u00f6z\u00e9 ker\u00fclt. Az els\u0151 koncerten Zeno Vancea vez\u00e9nyelt (1948. okt. 22.) \u00e9s m. n\u00f3t\u00e1kat adott el\u0151 \u0151 \u00e9s Salamon K\u00e1lm\u00e1n. <br \/><strong>Irod.:<\/strong> Id\u0151t\u00e1r 3; J\u00e1ray Fekete Katalin (N\u00fa., 2000. nov. 2)<\/br><\/p>\n","protected":false},"excerpt":{"rendered":"<p>? \u2020\u00a0? : cig\u00e1nypr\u00edm\u00e1s. \u2013 A mv.-i Surlott Gr\u00e1dicsban m. n\u00f3t\u00e1kat j\u00e1tszott zenekar\u00e1val (1938), ami s\u00e9rtette az ott mulat\u00f3 rom\u00e1nokat ez\u00e9rt feljelentett\u00e9k, de a kv.-i katonai t\u00f6rv\u00e9nysz\u00e9k felmentette (1939). Az indul\u00f3 mv.-i \u00c1llami Filharm\u00f3nia alap\u00edt\u00f3 tagjai k\u00f6z\u00e9 ker\u00fclt. Az els\u0151 koncerten Zeno Vancea vez\u00e9nyelt (1948. okt. 22.) \u00e9s m. n\u00f3t\u00e1kat adott el\u0151 \u0151 \u00e9s Salamon [&hellip;]<\/p>\n","protected":false},"featured_media":0,"comment_status":"open","ping_status":"closed","template":"","meta":[],"product_brand":[],"product_cat":[137],"product_tag":[],"class_list":{"0":"post-2113","1":"product","2":"type-product","3":"status-publish","5":"product_cat-maros-megyei-eletrajzi-lexikon","7":"first","8":"instock","9":"shipping-taxable","10":"product-type-simple"},"_links":{"self":[{"href":"https:\/\/uj.adatbank.ro\/lexikon\/wp-json\/wp\/v2\/product\/2113","targetHints":{"allow":["GET"]}}],"collection":[{"href":"https:\/\/uj.adatbank.ro\/lexikon\/wp-json\/wp\/v2\/product"}],"about":[{"href":"https:\/\/uj.adatbank.ro\/lexikon\/wp-json\/wp\/v2\/types\/product"}],"replies":[{"embeddable":true,"href":"https:\/\/uj.adatbank.ro\/lexikon\/wp-json\/wp\/v2\/comments?post=2113"}],"wp:attachment":[{"href":"https:\/\/uj.adatbank.ro\/lexikon\/wp-json\/wp\/v2\/media?parent=2113"}],"wp:term":[{"taxonomy":"product_brand","embeddable":true,"href":"https:\/\/uj.adatbank.ro\/lexikon\/wp-json\/wp\/v2\/product_brand?post=2113"},{"taxonomy":"product_cat","embeddable":true,"href":"https:\/\/uj.adatbank.ro\/lexikon\/wp-json\/wp\/v2\/product_cat?post=2113"},{"taxonomy":"product_tag","embeddable":true,"href":"https:\/\/uj.adatbank.ro\/lexikon\/wp-json\/wp\/v2\/product_tag?post=2113"}],"curies":[{"name":"wp","href":"https:\/\/api.w.org\/{rel}","templated":true}]}}