{"id":21132,"date":"2025-07-22T19:14:14","date_gmt":"2025-07-22T17:14:14","guid":{"rendered":"https:\/\/uj.adatbank.ro\/lexikon\/termek\/szabo-gyorgy-8\/"},"modified":"2025-07-22T19:14:14","modified_gmt":"2025-07-22T17:14:14","slug":"szabo-gyorgy-8","status":"publish","type":"product","link":"https:\/\/uj.adatbank.ro\/lexikon\/termek\/szabo-gyorgy-8\/","title":{"rendered":"SZAB\u00d3 Gy\u00f6rgy"},"content":{"rendered":"<p>Gernyeszeg, 1884., \u2020?: gazd\u00e1lkod\u00f3 Gernyeszegen. \u2013 Iskol\u00e1i elv\u00e9gz\u00e9se ut\u00e1n a sz\u00fcl\u0151i h\u00e1zban tanult gazd\u00e1lkodni. Az els\u0151 vh.-ban a 62. k. gy. \u00e9.-ben az orosz fronton k\u00fczd\u00f6tt, k\u00e9tszer sebes\u00fclt meg \u00e9s mint \u0151rmester szerelt le. Az I o. e. vit. \u00e9rem, a K\u00e1roly Csapatkereszt, a Sebes\u00fcl\u00e9si \u00c9rem \u00e9s bolg\u00e1r kereszt tulajdonosa. Gernyeszegen a helybeli bank igazgat\u00f3s\u00e1gi tagja, a Sz\u00f6vetkezet fel\u00fcgyel\u0151je, minden kultur\u00e1lis \u00e9s szoci\u00e1lis int\u00e9zm\u00e9ny t\u00e1mogat\u00f3ja. <br \/><strong>Irod.:<\/strong> Sz\u00e9kelyf\u00f6ld \u00ed. k.<\/br><\/p>\n","protected":false},"excerpt":{"rendered":"<p>Gernyeszeg, 1884., \u2020?: gazd\u00e1lkod\u00f3 Gernyeszegen. \u2013 Iskol\u00e1i elv\u00e9gz\u00e9se ut\u00e1n a sz\u00fcl\u0151i h\u00e1zban tanult gazd\u00e1lkodni. Az els\u0151 vh.-ban a 62. k. gy. \u00e9.-ben az orosz fronton k\u00fczd\u00f6tt, k\u00e9tszer sebes\u00fclt meg \u00e9s mint \u0151rmester szerelt le. Az I o. e. vit. \u00e9rem, a K\u00e1roly Csapatkereszt, a Sebes\u00fcl\u00e9si \u00c9rem \u00e9s bolg\u00e1r kereszt tulajdonosa. Gernyeszegen a helybeli bank igazgat\u00f3s\u00e1gi [&hellip;]<\/p>\n","protected":false},"featured_media":0,"comment_status":"open","ping_status":"closed","template":"","meta":[],"product_brand":[],"product_cat":[137],"product_tag":[],"class_list":{"0":"post-21132","1":"product","2":"type-product","3":"status-publish","5":"product_cat-maros-megyei-eletrajzi-lexikon","7":"first","8":"instock","9":"shipping-taxable","10":"product-type-simple"},"_links":{"self":[{"href":"https:\/\/uj.adatbank.ro\/lexikon\/wp-json\/wp\/v2\/product\/21132","targetHints":{"allow":["GET"]}}],"collection":[{"href":"https:\/\/uj.adatbank.ro\/lexikon\/wp-json\/wp\/v2\/product"}],"about":[{"href":"https:\/\/uj.adatbank.ro\/lexikon\/wp-json\/wp\/v2\/types\/product"}],"replies":[{"embeddable":true,"href":"https:\/\/uj.adatbank.ro\/lexikon\/wp-json\/wp\/v2\/comments?post=21132"}],"wp:attachment":[{"href":"https:\/\/uj.adatbank.ro\/lexikon\/wp-json\/wp\/v2\/media?parent=21132"}],"wp:term":[{"taxonomy":"product_brand","embeddable":true,"href":"https:\/\/uj.adatbank.ro\/lexikon\/wp-json\/wp\/v2\/product_brand?post=21132"},{"taxonomy":"product_cat","embeddable":true,"href":"https:\/\/uj.adatbank.ro\/lexikon\/wp-json\/wp\/v2\/product_cat?post=21132"},{"taxonomy":"product_tag","embeddable":true,"href":"https:\/\/uj.adatbank.ro\/lexikon\/wp-json\/wp\/v2\/product_tag?post=21132"}],"curies":[{"name":"wp","href":"https:\/\/api.w.org\/{rel}","templated":true}]}}