{"id":21135,"date":"2025-07-22T19:14:21","date_gmt":"2025-07-22T17:14:21","guid":{"rendered":"https:\/\/uj.adatbank.ro\/lexikon\/termek\/szabo-gyorgy-11\/"},"modified":"2025-07-22T19:14:21","modified_gmt":"2025-07-22T17:14:21","slug":"szabo-gyorgy-11","status":"publish","type":"product","link":"https:\/\/uj.adatbank.ro\/lexikon\/termek\/szabo-gyorgy-11\/","title":{"rendered":"SZAB\u00d3 Gy\u00f6rgy"},"content":{"rendered":"<p>? \u2020? dr. r. k. f\u0151gimn\u00e1ziumi tan\u00e1r, \u00fajs\u00e1g\u00edr\u00f3. \u2013 A Mv.-en megalakult \u00fajs\u00e1g\u00edr\u00f3 egyes\u00fclet tagja (1921). Munkat\u00e1rsa Az Ellenz\u00e9k c. lapnak (1924 k.). A Mv.-i Kaszin\u00f3 vezet\u0151s\u00e9gi tagja, titk\u00e1ra (1910\u2013), k\u00f6nyvt\u00e1rosa (1947). <br \/><strong>Irod.:<\/strong> Bi\u00e1s Istv\u00e1n; De\u00e9 Nagy Anik\u00f3 2007; Id\u0151t\u00e1r 3.<\/br><\/p>\n","protected":false},"excerpt":{"rendered":"<p>? \u2020? dr. r. k. f\u0151gimn\u00e1ziumi tan\u00e1r, \u00fajs\u00e1g\u00edr\u00f3. \u2013 A Mv.-en megalakult \u00fajs\u00e1g\u00edr\u00f3 egyes\u00fclet tagja (1921). Munkat\u00e1rsa Az Ellenz\u00e9k c. lapnak (1924 k.). A Mv.-i Kaszin\u00f3 vezet\u0151s\u00e9gi tagja, titk\u00e1ra (1910\u2013), k\u00f6nyvt\u00e1rosa (1947). Irod.: Bi\u00e1s Istv\u00e1n; De\u00e9 Nagy Anik\u00f3 2007; Id\u0151t\u00e1r 3.<\/p>\n","protected":false},"featured_media":0,"comment_status":"open","ping_status":"closed","template":"","meta":[],"product_brand":[],"product_cat":[137],"product_tag":[],"class_list":{"0":"post-21135","1":"product","2":"type-product","3":"status-publish","5":"product_cat-maros-megyei-eletrajzi-lexikon","7":"first","8":"instock","9":"shipping-taxable","10":"product-type-simple"},"_links":{"self":[{"href":"https:\/\/uj.adatbank.ro\/lexikon\/wp-json\/wp\/v2\/product\/21135","targetHints":{"allow":["GET"]}}],"collection":[{"href":"https:\/\/uj.adatbank.ro\/lexikon\/wp-json\/wp\/v2\/product"}],"about":[{"href":"https:\/\/uj.adatbank.ro\/lexikon\/wp-json\/wp\/v2\/types\/product"}],"replies":[{"embeddable":true,"href":"https:\/\/uj.adatbank.ro\/lexikon\/wp-json\/wp\/v2\/comments?post=21135"}],"wp:attachment":[{"href":"https:\/\/uj.adatbank.ro\/lexikon\/wp-json\/wp\/v2\/media?parent=21135"}],"wp:term":[{"taxonomy":"product_brand","embeddable":true,"href":"https:\/\/uj.adatbank.ro\/lexikon\/wp-json\/wp\/v2\/product_brand?post=21135"},{"taxonomy":"product_cat","embeddable":true,"href":"https:\/\/uj.adatbank.ro\/lexikon\/wp-json\/wp\/v2\/product_cat?post=21135"},{"taxonomy":"product_tag","embeddable":true,"href":"https:\/\/uj.adatbank.ro\/lexikon\/wp-json\/wp\/v2\/product_tag?post=21135"}],"curies":[{"name":"wp","href":"https:\/\/api.w.org\/{rel}","templated":true}]}}