{"id":21137,"date":"2025-07-22T19:14:25","date_gmt":"2025-07-22T17:14:25","guid":{"rendered":"https:\/\/uj.adatbank.ro\/lexikon\/termek\/szabo-gyorgy-vasarhelyi\/"},"modified":"2025-07-22T19:14:25","modified_gmt":"2025-07-22T17:14:25","slug":"szabo-gyorgy-vasarhelyi","status":"publish","type":"product","link":"https:\/\/uj.adatbank.ro\/lexikon\/termek\/szabo-gyorgy-vasarhelyi\/","title":{"rendered":"SZAB\u00d3 Gy\u00f6rgy, v\u00e1s\u00e1rhelyi"},"content":{"rendered":"<p>? \u2020?: esk\u00fcdt polg\u00e1r. \u2013 B\u00e1thory Zsigmondt\u00f3l h\u0171s\u00e9ges szolg\u00e1latai\u00e9rt nemesi c\u00edmert \u00e9s c\u00edmet kapott (1589. \u00e1pr. 16.). F\u0151b\u00edr\u00f3 (1618) Mv.-en \u00e9s esk\u00fcdt polg\u00e1r (1639, 1640). <br \/><strong>Irod.:<\/strong> P\u00e1l-Antal 2006; S\u00e1ndor Imre.<\/br><\/p>\n","protected":false},"excerpt":{"rendered":"<p>? \u2020?: esk\u00fcdt polg\u00e1r. \u2013 B\u00e1thory Zsigmondt\u00f3l h\u0171s\u00e9ges szolg\u00e1latai\u00e9rt nemesi c\u00edmert \u00e9s c\u00edmet kapott (1589. \u00e1pr. 16.). F\u0151b\u00edr\u00f3 (1618) Mv.-en \u00e9s esk\u00fcdt polg\u00e1r (1639, 1640). Irod.: P\u00e1l-Antal 2006; S\u00e1ndor Imre.<\/p>\n","protected":false},"featured_media":0,"comment_status":"open","ping_status":"closed","template":"","meta":[],"product_brand":[],"product_cat":[137],"product_tag":[],"class_list":{"0":"post-21137","1":"product","2":"type-product","3":"status-publish","5":"product_cat-maros-megyei-eletrajzi-lexikon","7":"first","8":"instock","9":"shipping-taxable","10":"product-type-simple"},"_links":{"self":[{"href":"https:\/\/uj.adatbank.ro\/lexikon\/wp-json\/wp\/v2\/product\/21137","targetHints":{"allow":["GET"]}}],"collection":[{"href":"https:\/\/uj.adatbank.ro\/lexikon\/wp-json\/wp\/v2\/product"}],"about":[{"href":"https:\/\/uj.adatbank.ro\/lexikon\/wp-json\/wp\/v2\/types\/product"}],"replies":[{"embeddable":true,"href":"https:\/\/uj.adatbank.ro\/lexikon\/wp-json\/wp\/v2\/comments?post=21137"}],"wp:attachment":[{"href":"https:\/\/uj.adatbank.ro\/lexikon\/wp-json\/wp\/v2\/media?parent=21137"}],"wp:term":[{"taxonomy":"product_brand","embeddable":true,"href":"https:\/\/uj.adatbank.ro\/lexikon\/wp-json\/wp\/v2\/product_brand?post=21137"},{"taxonomy":"product_cat","embeddable":true,"href":"https:\/\/uj.adatbank.ro\/lexikon\/wp-json\/wp\/v2\/product_cat?post=21137"},{"taxonomy":"product_tag","embeddable":true,"href":"https:\/\/uj.adatbank.ro\/lexikon\/wp-json\/wp\/v2\/product_tag?post=21137"}],"curies":[{"name":"wp","href":"https:\/\/api.w.org\/{rel}","templated":true}]}}