{"id":21141,"date":"2025-07-22T19:14:32","date_gmt":"2025-07-22T17:14:32","guid":{"rendered":"https:\/\/uj.adatbank.ro\/lexikon\/termek\/szabo-gyorgy-sabau-gheorghe\/"},"modified":"2025-07-22T19:14:32","modified_gmt":"2025-07-22T17:14:32","slug":"szabo-gyorgy-sabau-gheorghe","status":"publish","type":"product","link":"https:\/\/uj.adatbank.ro\/lexikon\/termek\/szabo-gyorgy-sabau-gheorghe\/","title":{"rendered":"SZAB\u00d3 Gy\u00f6rgy, Sabau Gheorghe"},"content":{"rendered":"<p>? \u2020?: rom\u00e1n tan\u00e1csos. \u2013 A mv.-i esk\u00fcdt k\u00f6z\u00f6ns\u00e9gbe v\u00e1lasztott\u00e1k a rom\u00e1nok k\u00e9pvisel\u0151jek\u00e9nt (1848. dec. 23.). <br \/><strong>Irod.:<\/strong> Id\u0151t\u00e1r 2; P\u00e1l-Antal.<\/br><\/p>\n","protected":false},"excerpt":{"rendered":"<p>? \u2020?: rom\u00e1n tan\u00e1csos. \u2013 A mv.-i esk\u00fcdt k\u00f6z\u00f6ns\u00e9gbe v\u00e1lasztott\u00e1k a rom\u00e1nok k\u00e9pvisel\u0151jek\u00e9nt (1848. dec. 23.). Irod.: Id\u0151t\u00e1r 2; P\u00e1l-Antal.<\/p>\n","protected":false},"featured_media":0,"comment_status":"open","ping_status":"closed","template":"","meta":[],"product_brand":[],"product_cat":[137],"product_tag":[],"class_list":{"0":"post-21141","1":"product","2":"type-product","3":"status-publish","5":"product_cat-maros-megyei-eletrajzi-lexikon","7":"first","8":"instock","9":"shipping-taxable","10":"product-type-simple"},"_links":{"self":[{"href":"https:\/\/uj.adatbank.ro\/lexikon\/wp-json\/wp\/v2\/product\/21141","targetHints":{"allow":["GET"]}}],"collection":[{"href":"https:\/\/uj.adatbank.ro\/lexikon\/wp-json\/wp\/v2\/product"}],"about":[{"href":"https:\/\/uj.adatbank.ro\/lexikon\/wp-json\/wp\/v2\/types\/product"}],"replies":[{"embeddable":true,"href":"https:\/\/uj.adatbank.ro\/lexikon\/wp-json\/wp\/v2\/comments?post=21141"}],"wp:attachment":[{"href":"https:\/\/uj.adatbank.ro\/lexikon\/wp-json\/wp\/v2\/media?parent=21141"}],"wp:term":[{"taxonomy":"product_brand","embeddable":true,"href":"https:\/\/uj.adatbank.ro\/lexikon\/wp-json\/wp\/v2\/product_brand?post=21141"},{"taxonomy":"product_cat","embeddable":true,"href":"https:\/\/uj.adatbank.ro\/lexikon\/wp-json\/wp\/v2\/product_cat?post=21141"},{"taxonomy":"product_tag","embeddable":true,"href":"https:\/\/uj.adatbank.ro\/lexikon\/wp-json\/wp\/v2\/product_tag?post=21141"}],"curies":[{"name":"wp","href":"https:\/\/api.w.org\/{rel}","templated":true}]}}