{"id":21147,"date":"2025-07-22T19:14:43","date_gmt":"2025-07-22T17:14:43","guid":{"rendered":"https:\/\/uj.adatbank.ro\/lexikon\/termek\/szabo-gyula-4\/"},"modified":"2025-07-22T19:14:43","modified_gmt":"2025-07-22T17:14:43","slug":"szabo-gyula-4","status":"publish","type":"product","link":"https:\/\/uj.adatbank.ro\/lexikon\/termek\/szabo-gyula-4\/","title":{"rendered":"SZAB\u00d3 Gyula"},"content":{"rendered":"<p>K\u00f6rtv\u00e9lyf\u00e1ja, 1908., \u2020?: gazd\u00e1lkod\u00f3, k\u00f6zs\u00e9gi b\u00edr\u00f3 K\u00f6rtv\u00e9lyf\u00e1j\u00e1n. \u2013 Tekint\u00e9lyes polg\u00e1ra volt a k\u00f6zs\u00e9gnek 54 holdon folytatott korszer\u0171 gazd\u00e1lkod\u00e1st, haszon\u00e1llatteny\u00e9szt\u00e9st. K\u00f6zs\u00e9gi b\u00edr\u00f3 (1940\u2013), a ref. egyh\u00e1z presbitere, gondnoka, a Dal\u00e1rda eln\u00f6ke, minden kult\u00far- \u00e9s hazafias egyes\u00fclet t\u00e1mogat\u00f3ja. <br \/><strong>Irod.:<\/strong> Sz\u00e9kelyf\u00f6ld \u00ed. k.<\/br><\/p>\n","protected":false},"excerpt":{"rendered":"<p>K\u00f6rtv\u00e9lyf\u00e1ja, 1908., \u2020?: gazd\u00e1lkod\u00f3, k\u00f6zs\u00e9gi b\u00edr\u00f3 K\u00f6rtv\u00e9lyf\u00e1j\u00e1n. \u2013 Tekint\u00e9lyes polg\u00e1ra volt a k\u00f6zs\u00e9gnek 54 holdon folytatott korszer\u0171 gazd\u00e1lkod\u00e1st, haszon\u00e1llatteny\u00e9szt\u00e9st. K\u00f6zs\u00e9gi b\u00edr\u00f3 (1940\u2013), a ref. egyh\u00e1z presbitere, gondnoka, a Dal\u00e1rda eln\u00f6ke, minden kult\u00far- \u00e9s hazafias egyes\u00fclet t\u00e1mogat\u00f3ja. Irod.: Sz\u00e9kelyf\u00f6ld \u00ed. k.<\/p>\n","protected":false},"featured_media":0,"comment_status":"open","ping_status":"closed","template":"","meta":[],"product_brand":[],"product_cat":[137],"product_tag":[],"class_list":{"0":"post-21147","1":"product","2":"type-product","3":"status-publish","5":"product_cat-maros-megyei-eletrajzi-lexikon","7":"first","8":"instock","9":"shipping-taxable","10":"product-type-simple"},"_links":{"self":[{"href":"https:\/\/uj.adatbank.ro\/lexikon\/wp-json\/wp\/v2\/product\/21147","targetHints":{"allow":["GET"]}}],"collection":[{"href":"https:\/\/uj.adatbank.ro\/lexikon\/wp-json\/wp\/v2\/product"}],"about":[{"href":"https:\/\/uj.adatbank.ro\/lexikon\/wp-json\/wp\/v2\/types\/product"}],"replies":[{"embeddable":true,"href":"https:\/\/uj.adatbank.ro\/lexikon\/wp-json\/wp\/v2\/comments?post=21147"}],"wp:attachment":[{"href":"https:\/\/uj.adatbank.ro\/lexikon\/wp-json\/wp\/v2\/media?parent=21147"}],"wp:term":[{"taxonomy":"product_brand","embeddable":true,"href":"https:\/\/uj.adatbank.ro\/lexikon\/wp-json\/wp\/v2\/product_brand?post=21147"},{"taxonomy":"product_cat","embeddable":true,"href":"https:\/\/uj.adatbank.ro\/lexikon\/wp-json\/wp\/v2\/product_cat?post=21147"},{"taxonomy":"product_tag","embeddable":true,"href":"https:\/\/uj.adatbank.ro\/lexikon\/wp-json\/wp\/v2\/product_tag?post=21147"}],"curies":[{"name":"wp","href":"https:\/\/api.w.org\/{rel}","templated":true}]}}