{"id":21148,"date":"2025-07-22T19:14:46","date_gmt":"2025-07-22T17:14:46","guid":{"rendered":"https:\/\/uj.adatbank.ro\/lexikon\/termek\/szabo-gyula-5\/"},"modified":"2025-07-22T19:14:46","modified_gmt":"2025-07-22T17:14:46","slug":"szabo-gyula-5","status":"publish","type":"product","link":"https:\/\/uj.adatbank.ro\/lexikon\/termek\/szabo-gyula-5\/","title":{"rendered":"SZAB\u00d3 Gyula"},"content":{"rendered":"<p>? \u2020?: r. k. pap. \u2013 Marosj\u00e1rai pl\u00e9b\u00e1nos (1936. m\u00e1rc. 28.\u201338. szept. 1.). Testamentum 2. (Eml\u00e9kez\u00e9s Ap\u00e1czai hall\u00e1nak 330.\u00e9vfordul\u00f3j\u00e1n. <br \/><strong>Irod.:<\/strong> Maros-k\u00fck\u00fcll\u0151i f\u0151esp.<\/br><\/p>\n","protected":false},"excerpt":{"rendered":"<p>? \u2020?: r. k. pap. \u2013 Marosj\u00e1rai pl\u00e9b\u00e1nos (1936. m\u00e1rc. 28.\u201338. szept. 1.). Testamentum 2. (Eml\u00e9kez\u00e9s Ap\u00e1czai hall\u00e1nak 330.\u00e9vfordul\u00f3j\u00e1n. Irod.: Maros-k\u00fck\u00fcll\u0151i f\u0151esp.<\/p>\n","protected":false},"featured_media":0,"comment_status":"open","ping_status":"closed","template":"","meta":[],"product_brand":[],"product_cat":[137],"product_tag":[],"class_list":{"0":"post-21148","1":"product","2":"type-product","3":"status-publish","5":"product_cat-maros-megyei-eletrajzi-lexikon","7":"first","8":"instock","9":"shipping-taxable","10":"product-type-simple"},"_links":{"self":[{"href":"https:\/\/uj.adatbank.ro\/lexikon\/wp-json\/wp\/v2\/product\/21148","targetHints":{"allow":["GET"]}}],"collection":[{"href":"https:\/\/uj.adatbank.ro\/lexikon\/wp-json\/wp\/v2\/product"}],"about":[{"href":"https:\/\/uj.adatbank.ro\/lexikon\/wp-json\/wp\/v2\/types\/product"}],"replies":[{"embeddable":true,"href":"https:\/\/uj.adatbank.ro\/lexikon\/wp-json\/wp\/v2\/comments?post=21148"}],"wp:attachment":[{"href":"https:\/\/uj.adatbank.ro\/lexikon\/wp-json\/wp\/v2\/media?parent=21148"}],"wp:term":[{"taxonomy":"product_brand","embeddable":true,"href":"https:\/\/uj.adatbank.ro\/lexikon\/wp-json\/wp\/v2\/product_brand?post=21148"},{"taxonomy":"product_cat","embeddable":true,"href":"https:\/\/uj.adatbank.ro\/lexikon\/wp-json\/wp\/v2\/product_cat?post=21148"},{"taxonomy":"product_tag","embeddable":true,"href":"https:\/\/uj.adatbank.ro\/lexikon\/wp-json\/wp\/v2\/product_tag?post=21148"}],"curies":[{"name":"wp","href":"https:\/\/api.w.org\/{rel}","templated":true}]}}