{"id":2115,"date":"2025-06-28T12:04:14","date_gmt":"2025-06-28T10:04:14","guid":{"rendered":"https:\/\/uj.adatbank.ro\/lexikon\/termek\/bambo-gyula\/"},"modified":"2025-06-28T12:04:14","modified_gmt":"2025-06-28T10:04:14","slug":"bambo-gyula","status":"publish","type":"product","link":"https:\/\/uj.adatbank.ro\/lexikon\/termek\/bambo-gyula\/","title":{"rendered":"B\u00c1MB\u00d3 Gyula"},"content":{"rendered":"<p>? \u2020\u00a0? : zen\u00e9sz. \u2013 Fell\u00e9pett zenekar\u00e1val a mv.-i Sz\u00e9kely Sz\u00ednh\u00e1z M\u00f3ricz Zsigmond: Uri muri (1949); Iszajev-Galics: Mem mag\u00e1n\u00fcgy c. darabj\u00e1nak el\u0151ad\u00e1s\u00e1n (1954). <br \/><strong>Irod.:<\/strong> Horv\u00e1th Bea<\/br><\/p>\n","protected":false},"excerpt":{"rendered":"<p>? \u2020\u00a0? : zen\u00e9sz. \u2013 Fell\u00e9pett zenekar\u00e1val a mv.-i Sz\u00e9kely Sz\u00ednh\u00e1z M\u00f3ricz Zsigmond: Uri muri (1949); Iszajev-Galics: Mem mag\u00e1n\u00fcgy c. darabj\u00e1nak el\u0151ad\u00e1s\u00e1n (1954). Irod.: Horv\u00e1th Bea<\/p>\n","protected":false},"featured_media":0,"comment_status":"open","ping_status":"closed","template":"","meta":[],"product_brand":[],"product_cat":[137],"product_tag":[],"class_list":{"0":"post-2115","1":"product","2":"type-product","3":"status-publish","5":"product_cat-maros-megyei-eletrajzi-lexikon","7":"first","8":"instock","9":"shipping-taxable","10":"product-type-simple"},"_links":{"self":[{"href":"https:\/\/uj.adatbank.ro\/lexikon\/wp-json\/wp\/v2\/product\/2115","targetHints":{"allow":["GET"]}}],"collection":[{"href":"https:\/\/uj.adatbank.ro\/lexikon\/wp-json\/wp\/v2\/product"}],"about":[{"href":"https:\/\/uj.adatbank.ro\/lexikon\/wp-json\/wp\/v2\/types\/product"}],"replies":[{"embeddable":true,"href":"https:\/\/uj.adatbank.ro\/lexikon\/wp-json\/wp\/v2\/comments?post=2115"}],"wp:attachment":[{"href":"https:\/\/uj.adatbank.ro\/lexikon\/wp-json\/wp\/v2\/media?parent=2115"}],"wp:term":[{"taxonomy":"product_brand","embeddable":true,"href":"https:\/\/uj.adatbank.ro\/lexikon\/wp-json\/wp\/v2\/product_brand?post=2115"},{"taxonomy":"product_cat","embeddable":true,"href":"https:\/\/uj.adatbank.ro\/lexikon\/wp-json\/wp\/v2\/product_cat?post=2115"},{"taxonomy":"product_tag","embeddable":true,"href":"https:\/\/uj.adatbank.ro\/lexikon\/wp-json\/wp\/v2\/product_tag?post=2115"}],"curies":[{"name":"wp","href":"https:\/\/api.w.org\/{rel}","templated":true}]}}