{"id":21150,"date":"2025-07-22T19:14:52","date_gmt":"2025-07-22T17:14:52","guid":{"rendered":"https:\/\/uj.adatbank.ro\/lexikon\/termek\/szabo-ida-dr\/"},"modified":"2025-07-22T19:14:52","modified_gmt":"2025-07-22T17:14:52","slug":"szabo-ida-dr","status":"publish","type":"product","link":"https:\/\/uj.adatbank.ro\/lexikon\/termek\/szabo-ida-dr\/","title":{"rendered":"SZAB\u00d3 Ida, dr."},"content":{"rendered":"<p>Szov\u00e1ta, 1941., \u2020\u00a02021: fogorvos. \u2013 Els\u0151 f\u00e9rje ut\u00e1n Domokos Feh\u00e9r Ida a neve, f\u00e9rje hal\u00e1la ut\u00e1n a m\u00e1sodik f\u00e9rje ut\u00e1n Dr. Szab\u00f3 Ida. \u2013 Szov\u00e1t\u00e1n j\u00e1rt k\u00f6z\u00e9piskol\u00e1ba. A MOGYI Fogorvosi kar\u00e1n v\u00e9gzett (1996), \u00e9s szerzett fogorvosi diplom\u00e1t. <br \/><strong>Irod.:<\/strong> Kiss Cs. M 4.<\/br><\/p>\n","protected":false},"excerpt":{"rendered":"<p>Szov\u00e1ta, 1941., \u2020\u00a02021: fogorvos. \u2013 Els\u0151 f\u00e9rje ut\u00e1n Domokos Feh\u00e9r Ida a neve, f\u00e9rje hal\u00e1la ut\u00e1n a m\u00e1sodik f\u00e9rje ut\u00e1n Dr. Szab\u00f3 Ida. \u2013 Szov\u00e1t\u00e1n j\u00e1rt k\u00f6z\u00e9piskol\u00e1ba. A MOGYI Fogorvosi kar\u00e1n v\u00e9gzett (1996), \u00e9s szerzett fogorvosi diplom\u00e1t. Irod.: Kiss Cs. M 4.<\/p>\n","protected":false},"featured_media":0,"comment_status":"open","ping_status":"closed","template":"","meta":[],"product_brand":[],"product_cat":[137],"product_tag":[],"class_list":{"0":"post-21150","1":"product","2":"type-product","3":"status-publish","5":"product_cat-maros-megyei-eletrajzi-lexikon","7":"first","8":"instock","9":"shipping-taxable","10":"product-type-simple"},"_links":{"self":[{"href":"https:\/\/uj.adatbank.ro\/lexikon\/wp-json\/wp\/v2\/product\/21150","targetHints":{"allow":["GET"]}}],"collection":[{"href":"https:\/\/uj.adatbank.ro\/lexikon\/wp-json\/wp\/v2\/product"}],"about":[{"href":"https:\/\/uj.adatbank.ro\/lexikon\/wp-json\/wp\/v2\/types\/product"}],"replies":[{"embeddable":true,"href":"https:\/\/uj.adatbank.ro\/lexikon\/wp-json\/wp\/v2\/comments?post=21150"}],"wp:attachment":[{"href":"https:\/\/uj.adatbank.ro\/lexikon\/wp-json\/wp\/v2\/media?parent=21150"}],"wp:term":[{"taxonomy":"product_brand","embeddable":true,"href":"https:\/\/uj.adatbank.ro\/lexikon\/wp-json\/wp\/v2\/product_brand?post=21150"},{"taxonomy":"product_cat","embeddable":true,"href":"https:\/\/uj.adatbank.ro\/lexikon\/wp-json\/wp\/v2\/product_cat?post=21150"},{"taxonomy":"product_tag","embeddable":true,"href":"https:\/\/uj.adatbank.ro\/lexikon\/wp-json\/wp\/v2\/product_tag?post=21150"}],"curies":[{"name":"wp","href":"https:\/\/api.w.org\/{rel}","templated":true}]}}