{"id":21152,"date":"2025-07-22T19:14:56","date_gmt":"2025-07-22T17:14:56","guid":{"rendered":"https:\/\/uj.adatbank.ro\/lexikon\/termek\/szabo-illyes\/"},"modified":"2025-07-22T19:14:56","modified_gmt":"2025-07-22T17:14:56","slug":"szabo-illyes","status":"publish","type":"product","link":"https:\/\/uj.adatbank.ro\/lexikon\/termek\/szabo-illyes\/","title":{"rendered":"SZAB\u00d3 Illy\u00e9s"},"content":{"rendered":"<p>? \u2020?: f\u0151b\u00edr\u00f3. \u2013 Mv. f\u0151b\u00edr\u00f3ja volt (1576\u2013). Az \u0151 idej\u00e9ben a v\u00e1ros polg\u00e1rai kiv\u00e1lts\u00e1got nyertek: a magisztr\u00e1tus el\u0151tt k\u00f6thett\u00e9k meg \u00fcgyeiket, ezek jogi \u00e9rv\u00e9nyess\u00e9g\u00e9t a v\u00e1ros b\u00edr\u00f3ja \u00e9s az esk\u00fcdt polg\u00e1rok nev\u00e9ben a v\u00e1ros jegyz\u0151je \u00e1ltal ki\u00e1ll\u00edtott \u00e9s a v\u00e1ros pecs\u00e9tj\u00e9vel ell\u00e1tott okirat hiteles\u00edtette (1576) <br \/><strong>Irod.:<\/strong> Fodor\u2013Bal\u00e1s; Id\u0151t\u00e1r 1.; Szentgy\u00f6rgyi.<\/br><\/p>\n","protected":false},"excerpt":{"rendered":"<p>? \u2020?: f\u0151b\u00edr\u00f3. \u2013 Mv. f\u0151b\u00edr\u00f3ja volt (1576\u2013). Az \u0151 idej\u00e9ben a v\u00e1ros polg\u00e1rai kiv\u00e1lts\u00e1got nyertek: a magisztr\u00e1tus el\u0151tt k\u00f6thett\u00e9k meg \u00fcgyeiket, ezek jogi \u00e9rv\u00e9nyess\u00e9g\u00e9t a v\u00e1ros b\u00edr\u00f3ja \u00e9s az esk\u00fcdt polg\u00e1rok nev\u00e9ben a v\u00e1ros jegyz\u0151je \u00e1ltal ki\u00e1ll\u00edtott \u00e9s a v\u00e1ros pecs\u00e9tj\u00e9vel ell\u00e1tott okirat hiteles\u00edtette (1576) Irod.: Fodor\u2013Bal\u00e1s; Id\u0151t\u00e1r 1.; Szentgy\u00f6rgyi.<\/p>\n","protected":false},"featured_media":0,"comment_status":"open","ping_status":"closed","template":"","meta":[],"product_brand":[],"product_cat":[137],"product_tag":[],"class_list":{"0":"post-21152","1":"product","2":"type-product","3":"status-publish","5":"product_cat-maros-megyei-eletrajzi-lexikon","7":"first","8":"instock","9":"shipping-taxable","10":"product-type-simple"},"_links":{"self":[{"href":"https:\/\/uj.adatbank.ro\/lexikon\/wp-json\/wp\/v2\/product\/21152","targetHints":{"allow":["GET"]}}],"collection":[{"href":"https:\/\/uj.adatbank.ro\/lexikon\/wp-json\/wp\/v2\/product"}],"about":[{"href":"https:\/\/uj.adatbank.ro\/lexikon\/wp-json\/wp\/v2\/types\/product"}],"replies":[{"embeddable":true,"href":"https:\/\/uj.adatbank.ro\/lexikon\/wp-json\/wp\/v2\/comments?post=21152"}],"wp:attachment":[{"href":"https:\/\/uj.adatbank.ro\/lexikon\/wp-json\/wp\/v2\/media?parent=21152"}],"wp:term":[{"taxonomy":"product_brand","embeddable":true,"href":"https:\/\/uj.adatbank.ro\/lexikon\/wp-json\/wp\/v2\/product_brand?post=21152"},{"taxonomy":"product_cat","embeddable":true,"href":"https:\/\/uj.adatbank.ro\/lexikon\/wp-json\/wp\/v2\/product_cat?post=21152"},{"taxonomy":"product_tag","embeddable":true,"href":"https:\/\/uj.adatbank.ro\/lexikon\/wp-json\/wp\/v2\/product_tag?post=21152"}],"curies":[{"name":"wp","href":"https:\/\/api.w.org\/{rel}","templated":true}]}}