{"id":21156,"date":"2025-07-22T19:15:03","date_gmt":"2025-07-22T17:15:03","guid":{"rendered":"https:\/\/uj.adatbank.ro\/lexikon\/termek\/szabo-imre-gabor\/"},"modified":"2025-07-22T19:15:03","modified_gmt":"2025-07-22T17:15:03","slug":"szabo-imre-gabor","status":"publish","type":"product","link":"https:\/\/uj.adatbank.ro\/lexikon\/termek\/szabo-imre-gabor\/","title":{"rendered":"SZAB\u00d3 Imre G\u00e1bor"},"content":{"rendered":"<p>Szentes, 1892., \u2020?: minorita lelk\u00e9sz. \u2013\u2013 A mv.-i minorita rendh\u00e1z magisztere \u00e9s h\u00e1zf\u0151n\u00f6ke (1927. okt. 1.\u20131930. dec. 3. \u2013 1932?). <br \/><strong>Irod.:<\/strong> Maros megyei t\u00f6rt.<\/br><\/p>\n","protected":false},"excerpt":{"rendered":"<p>Szentes, 1892., \u2020?: minorita lelk\u00e9sz. \u2013\u2013 A mv.-i minorita rendh\u00e1z magisztere \u00e9s h\u00e1zf\u0151n\u00f6ke (1927. okt. 1.\u20131930. dec. 3. \u2013 1932?). Irod.: Maros megyei t\u00f6rt.<\/p>\n","protected":false},"featured_media":0,"comment_status":"open","ping_status":"closed","template":"","meta":[],"product_brand":[],"product_cat":[137],"product_tag":[],"class_list":{"0":"post-21156","1":"product","2":"type-product","3":"status-publish","5":"product_cat-maros-megyei-eletrajzi-lexikon","7":"first","8":"instock","9":"shipping-taxable","10":"product-type-simple"},"_links":{"self":[{"href":"https:\/\/uj.adatbank.ro\/lexikon\/wp-json\/wp\/v2\/product\/21156","targetHints":{"allow":["GET"]}}],"collection":[{"href":"https:\/\/uj.adatbank.ro\/lexikon\/wp-json\/wp\/v2\/product"}],"about":[{"href":"https:\/\/uj.adatbank.ro\/lexikon\/wp-json\/wp\/v2\/types\/product"}],"replies":[{"embeddable":true,"href":"https:\/\/uj.adatbank.ro\/lexikon\/wp-json\/wp\/v2\/comments?post=21156"}],"wp:attachment":[{"href":"https:\/\/uj.adatbank.ro\/lexikon\/wp-json\/wp\/v2\/media?parent=21156"}],"wp:term":[{"taxonomy":"product_brand","embeddable":true,"href":"https:\/\/uj.adatbank.ro\/lexikon\/wp-json\/wp\/v2\/product_brand?post=21156"},{"taxonomy":"product_cat","embeddable":true,"href":"https:\/\/uj.adatbank.ro\/lexikon\/wp-json\/wp\/v2\/product_cat?post=21156"},{"taxonomy":"product_tag","embeddable":true,"href":"https:\/\/uj.adatbank.ro\/lexikon\/wp-json\/wp\/v2\/product_tag?post=21156"}],"curies":[{"name":"wp","href":"https:\/\/api.w.org\/{rel}","templated":true}]}}