{"id":21157,"date":"2025-07-22T19:15:05","date_gmt":"2025-07-22T17:15:05","guid":{"rendered":"https:\/\/uj.adatbank.ro\/lexikon\/termek\/szabo-iren\/"},"modified":"2025-07-22T19:15:05","modified_gmt":"2025-07-22T17:15:05","slug":"szabo-iren","status":"publish","type":"product","link":"https:\/\/uj.adatbank.ro\/lexikon\/termek\/szabo-iren\/","title":{"rendered":"SZAB\u00d3 Ir\u00e9n"},"content":{"rendered":"<p>? \u2020\u00a0Mv., 1988. jan.: p\u00e1rtaktivista. \u2013 A MAT N\u00e9ptan\u00e1cs m\u0171vel\u0151d\u00e9si oszt\u00e1lyvezet\u0151je, a tartom\u00e1nyi n\u00e9ptan\u00e1cs aleln\u00f6ke, a Rom\u00e1niai Demokratikus N\u0151k Sz\u00f6vets\u00e9ge tartom\u00e1nyi eln\u00f6ke, a munk\u00e1smozgalom r\u00e9gi harcosa, az RKP tagja (1935\u2013). <br \/><strong>Irod.:<\/strong> Bottoni 2008; [Nekrol\u00f3g, k\u00f6sz\u00f6netnyilv\u00e1n\u00edt\u00e1s], (V. Z., 1988. jan. 10.).<\/br><\/p>\n","protected":false},"excerpt":{"rendered":"<p>? \u2020\u00a0Mv., 1988. jan.: p\u00e1rtaktivista. \u2013 A MAT N\u00e9ptan\u00e1cs m\u0171vel\u0151d\u00e9si oszt\u00e1lyvezet\u0151je, a tartom\u00e1nyi n\u00e9ptan\u00e1cs aleln\u00f6ke, a Rom\u00e1niai Demokratikus N\u0151k Sz\u00f6vets\u00e9ge tartom\u00e1nyi eln\u00f6ke, a munk\u00e1smozgalom r\u00e9gi harcosa, az RKP tagja (1935\u2013). Irod.: Bottoni 2008; [Nekrol\u00f3g, k\u00f6sz\u00f6netnyilv\u00e1n\u00edt\u00e1s], (V. Z., 1988. jan. 10.).<\/p>\n","protected":false},"featured_media":0,"comment_status":"open","ping_status":"closed","template":"","meta":[],"product_brand":[],"product_cat":[137],"product_tag":[],"class_list":{"0":"post-21157","1":"product","2":"type-product","3":"status-publish","5":"product_cat-maros-megyei-eletrajzi-lexikon","7":"first","8":"instock","9":"shipping-taxable","10":"product-type-simple"},"_links":{"self":[{"href":"https:\/\/uj.adatbank.ro\/lexikon\/wp-json\/wp\/v2\/product\/21157","targetHints":{"allow":["GET"]}}],"collection":[{"href":"https:\/\/uj.adatbank.ro\/lexikon\/wp-json\/wp\/v2\/product"}],"about":[{"href":"https:\/\/uj.adatbank.ro\/lexikon\/wp-json\/wp\/v2\/types\/product"}],"replies":[{"embeddable":true,"href":"https:\/\/uj.adatbank.ro\/lexikon\/wp-json\/wp\/v2\/comments?post=21157"}],"wp:attachment":[{"href":"https:\/\/uj.adatbank.ro\/lexikon\/wp-json\/wp\/v2\/media?parent=21157"}],"wp:term":[{"taxonomy":"product_brand","embeddable":true,"href":"https:\/\/uj.adatbank.ro\/lexikon\/wp-json\/wp\/v2\/product_brand?post=21157"},{"taxonomy":"product_cat","embeddable":true,"href":"https:\/\/uj.adatbank.ro\/lexikon\/wp-json\/wp\/v2\/product_cat?post=21157"},{"taxonomy":"product_tag","embeddable":true,"href":"https:\/\/uj.adatbank.ro\/lexikon\/wp-json\/wp\/v2\/product_tag?post=21157"}],"curies":[{"name":"wp","href":"https:\/\/api.w.org\/{rel}","templated":true}]}}