{"id":21158,"date":"2025-07-22T19:15:09","date_gmt":"2025-07-22T17:15:09","guid":{"rendered":"https:\/\/uj.adatbank.ro\/lexikon\/termek\/szabo-irma\/"},"modified":"2025-07-22T19:15:09","modified_gmt":"2025-07-22T17:15:09","slug":"szabo-irma","status":"publish","type":"product","link":"https:\/\/uj.adatbank.ro\/lexikon\/termek\/szabo-irma\/","title":{"rendered":"SZAB\u00d3 Irma"},"content":{"rendered":"<p>? \u2020?: tan\u00edt\u00f3n\u0151. \u2013 K\u00f6z\u00e9piskol\u00e1it Miskolcon v\u00e9gezte \u00e9s elv\u00e9gezte a Z\u00f6ldkeresztes v\u00e9d\u0151n\u0151i tanfolyamot is Meggyesfalv\u00e1n tan\u00edtott (1940\u2013). <br \/><strong>Irod.:<\/strong> Sz\u00e9kelyf\u00f6ld \u00ed. k.<\/br><\/p>\n","protected":false},"excerpt":{"rendered":"<p>? \u2020?: tan\u00edt\u00f3n\u0151. \u2013 K\u00f6z\u00e9piskol\u00e1it Miskolcon v\u00e9gezte \u00e9s elv\u00e9gezte a Z\u00f6ldkeresztes v\u00e9d\u0151n\u0151i tanfolyamot is Meggyesfalv\u00e1n tan\u00edtott (1940\u2013). Irod.: Sz\u00e9kelyf\u00f6ld \u00ed. k.<\/p>\n","protected":false},"featured_media":0,"comment_status":"open","ping_status":"closed","template":"","meta":[],"product_brand":[],"product_cat":[137],"product_tag":[],"class_list":{"0":"post-21158","1":"product","2":"type-product","3":"status-publish","5":"product_cat-maros-megyei-eletrajzi-lexikon","7":"first","8":"instock","9":"shipping-taxable","10":"product-type-simple"},"_links":{"self":[{"href":"https:\/\/uj.adatbank.ro\/lexikon\/wp-json\/wp\/v2\/product\/21158","targetHints":{"allow":["GET"]}}],"collection":[{"href":"https:\/\/uj.adatbank.ro\/lexikon\/wp-json\/wp\/v2\/product"}],"about":[{"href":"https:\/\/uj.adatbank.ro\/lexikon\/wp-json\/wp\/v2\/types\/product"}],"replies":[{"embeddable":true,"href":"https:\/\/uj.adatbank.ro\/lexikon\/wp-json\/wp\/v2\/comments?post=21158"}],"wp:attachment":[{"href":"https:\/\/uj.adatbank.ro\/lexikon\/wp-json\/wp\/v2\/media?parent=21158"}],"wp:term":[{"taxonomy":"product_brand","embeddable":true,"href":"https:\/\/uj.adatbank.ro\/lexikon\/wp-json\/wp\/v2\/product_brand?post=21158"},{"taxonomy":"product_cat","embeddable":true,"href":"https:\/\/uj.adatbank.ro\/lexikon\/wp-json\/wp\/v2\/product_cat?post=21158"},{"taxonomy":"product_tag","embeddable":true,"href":"https:\/\/uj.adatbank.ro\/lexikon\/wp-json\/wp\/v2\/product_tag?post=21158"}],"curies":[{"name":"wp","href":"https:\/\/api.w.org\/{rel}","templated":true}]}}