{"id":21165,"date":"2025-07-22T19:15:21","date_gmt":"2025-07-22T17:15:21","guid":{"rendered":"https:\/\/uj.adatbank.ro\/lexikon\/termek\/szabo-istvan-7\/"},"modified":"2025-07-22T19:15:21","modified_gmt":"2025-07-22T17:15:21","slug":"szabo-istvan-7","status":"publish","type":"product","link":"https:\/\/uj.adatbank.ro\/lexikon\/termek\/szabo-istvan-7\/","title":{"rendered":"SZAB\u00d3 Istv\u00e1n"},"content":{"rendered":"<p>Mez\u0151cs\u00e1v\u00e1s? \u2020? : tan\u00edt\u00f3. \u2013 Magyarr\u00e9genben volt ev. ref. tan\u00edt\u00f3 (1837\u201391), \u00faj \u00e9p\u00fcletben tan\u00edtott. Az egyh\u00e1ztan\u00e1cs Kv.-ra k\u00fcldte tanfolyamra, ahol elsaj\u00e1t\u00edthatta a korszer\u0171 tan\u00edt\u00e1si m\u00f3dszereket (1846). 52 \u00e9ves jubileuma alkalm\u00e1val \u00fcnneps\u00e9get szervezett a tan\u00edt\u00f3test\u00fclet g\u00f6rg\u00e9nyi k\u00f6re (1889. febr. 25), p\u00e9nzjutalomban r\u00e9szes\u00fclt sz\u0171k\u00f6s anyagi helyzete miatt. <br \/><strong>Irod.:<\/strong> B\u00edr\u00f3 Don\u00e1t; Eml\u00e9kk\u00f6nyv.<\/br><\/p>\n","protected":false},"excerpt":{"rendered":"<p>Mez\u0151cs\u00e1v\u00e1s? \u2020? : tan\u00edt\u00f3. \u2013 Magyarr\u00e9genben volt ev. ref. tan\u00edt\u00f3 (1837\u201391), \u00faj \u00e9p\u00fcletben tan\u00edtott. Az egyh\u00e1ztan\u00e1cs Kv.-ra k\u00fcldte tanfolyamra, ahol elsaj\u00e1t\u00edthatta a korszer\u0171 tan\u00edt\u00e1si m\u00f3dszereket (1846). 52 \u00e9ves jubileuma alkalm\u00e1val \u00fcnneps\u00e9get szervezett a tan\u00edt\u00f3test\u00fclet g\u00f6rg\u00e9nyi k\u00f6re (1889. febr. 25), p\u00e9nzjutalomban r\u00e9szes\u00fclt sz\u0171k\u00f6s anyagi helyzete miatt. Irod.: B\u00edr\u00f3 Don\u00e1t; Eml\u00e9kk\u00f6nyv.<\/p>\n","protected":false},"featured_media":0,"comment_status":"open","ping_status":"closed","template":"","meta":[],"product_brand":[],"product_cat":[137],"product_tag":[],"class_list":{"0":"post-21165","1":"product","2":"type-product","3":"status-publish","5":"product_cat-maros-megyei-eletrajzi-lexikon","7":"first","8":"instock","9":"shipping-taxable","10":"product-type-simple"},"_links":{"self":[{"href":"https:\/\/uj.adatbank.ro\/lexikon\/wp-json\/wp\/v2\/product\/21165","targetHints":{"allow":["GET"]}}],"collection":[{"href":"https:\/\/uj.adatbank.ro\/lexikon\/wp-json\/wp\/v2\/product"}],"about":[{"href":"https:\/\/uj.adatbank.ro\/lexikon\/wp-json\/wp\/v2\/types\/product"}],"replies":[{"embeddable":true,"href":"https:\/\/uj.adatbank.ro\/lexikon\/wp-json\/wp\/v2\/comments?post=21165"}],"wp:attachment":[{"href":"https:\/\/uj.adatbank.ro\/lexikon\/wp-json\/wp\/v2\/media?parent=21165"}],"wp:term":[{"taxonomy":"product_brand","embeddable":true,"href":"https:\/\/uj.adatbank.ro\/lexikon\/wp-json\/wp\/v2\/product_brand?post=21165"},{"taxonomy":"product_cat","embeddable":true,"href":"https:\/\/uj.adatbank.ro\/lexikon\/wp-json\/wp\/v2\/product_cat?post=21165"},{"taxonomy":"product_tag","embeddable":true,"href":"https:\/\/uj.adatbank.ro\/lexikon\/wp-json\/wp\/v2\/product_tag?post=21165"}],"curies":[{"name":"wp","href":"https:\/\/api.w.org\/{rel}","templated":true}]}}