{"id":21166,"date":"2025-07-22T19:15:23","date_gmt":"2025-07-22T17:15:23","guid":{"rendered":"https:\/\/uj.adatbank.ro\/lexikon\/termek\/szabo-istvan-8\/"},"modified":"2025-07-22T19:15:23","modified_gmt":"2025-07-22T17:15:23","slug":"szabo-istvan-8","status":"publish","type":"product","link":"https:\/\/uj.adatbank.ro\/lexikon\/termek\/szabo-istvan-8\/","title":{"rendered":"SZAB\u00d3 Istv\u00e1n"},"content":{"rendered":"<p>? \u2020?: csizmadia. \u2013 A mv.-i Csizmadia C\u00e9h c\u00e9hmestere (1857). <br \/><strong>Irod.:<\/strong> B\u00f3nis J.: A mv.-i c\u00e9hek t\u00e1rgyi eml\u00e9kei = Mv. t\u00f6rt\u00e9net\u00e9b\u0151l.<\/br><\/p>\n","protected":false},"excerpt":{"rendered":"<p>? \u2020?: csizmadia. \u2013 A mv.-i Csizmadia C\u00e9h c\u00e9hmestere (1857). Irod.: B\u00f3nis J.: A mv.-i c\u00e9hek t\u00e1rgyi eml\u00e9kei = Mv. t\u00f6rt\u00e9net\u00e9b\u0151l.<\/p>\n","protected":false},"featured_media":0,"comment_status":"open","ping_status":"closed","template":"","meta":[],"product_brand":[],"product_cat":[137],"product_tag":[],"class_list":{"0":"post-21166","1":"product","2":"type-product","3":"status-publish","5":"product_cat-maros-megyei-eletrajzi-lexikon","7":"first","8":"instock","9":"shipping-taxable","10":"product-type-simple"},"_links":{"self":[{"href":"https:\/\/uj.adatbank.ro\/lexikon\/wp-json\/wp\/v2\/product\/21166","targetHints":{"allow":["GET"]}}],"collection":[{"href":"https:\/\/uj.adatbank.ro\/lexikon\/wp-json\/wp\/v2\/product"}],"about":[{"href":"https:\/\/uj.adatbank.ro\/lexikon\/wp-json\/wp\/v2\/types\/product"}],"replies":[{"embeddable":true,"href":"https:\/\/uj.adatbank.ro\/lexikon\/wp-json\/wp\/v2\/comments?post=21166"}],"wp:attachment":[{"href":"https:\/\/uj.adatbank.ro\/lexikon\/wp-json\/wp\/v2\/media?parent=21166"}],"wp:term":[{"taxonomy":"product_brand","embeddable":true,"href":"https:\/\/uj.adatbank.ro\/lexikon\/wp-json\/wp\/v2\/product_brand?post=21166"},{"taxonomy":"product_cat","embeddable":true,"href":"https:\/\/uj.adatbank.ro\/lexikon\/wp-json\/wp\/v2\/product_cat?post=21166"},{"taxonomy":"product_tag","embeddable":true,"href":"https:\/\/uj.adatbank.ro\/lexikon\/wp-json\/wp\/v2\/product_tag?post=21166"}],"curies":[{"name":"wp","href":"https:\/\/api.w.org\/{rel}","templated":true}]}}