{"id":21169,"date":"2025-07-22T19:15:30","date_gmt":"2025-07-22T17:15:30","guid":{"rendered":"https:\/\/uj.adatbank.ro\/lexikon\/termek\/szabo-istvan-11\/"},"modified":"2025-07-22T19:15:30","modified_gmt":"2025-07-22T17:15:30","slug":"szabo-istvan-11","status":"publish","type":"product","link":"https:\/\/uj.adatbank.ro\/lexikon\/termek\/szabo-istvan-11\/","title":{"rendered":"SZAB\u00d3 Istv\u00e1n"},"content":{"rendered":"<p>Sz\u0151kefalva, 1895., \u2020\u00a0Bp., 1973. jan.: hivatalnok. Feles\u00e9ge: Graef Erzs\u00e9bet, esk\u00fcv\u0151 (1936). \u2013 A szegedi egyetemen doktor\u00e1lt (1934). A pestszentl\u0151rinci egyh\u00e1zk\u00f6zs\u00e9g gondnoka. Postaigazgat\u00f3. Az igazgat\u00f3 Tan\u00e1cs tagja (1945). R\u00e9szt vett a Teol\u00f3giai Int\u00e9zet pr\u00e9dik\u00e1tork\u00e9pz\u0151 tanfolyam\u00e1n (1959). K\u00f6z\u00f6lt a Protest\u00e1ns Lapba, az Unit\u00e1rius \u00c9rtes\u00edt\u0151be. <br \/><strong>Irod.:<\/strong> Kelemen; Keresztes.<\/br><\/p>\n","protected":false},"excerpt":{"rendered":"<p>Sz\u0151kefalva, 1895., \u2020\u00a0Bp., 1973. jan.: hivatalnok. Feles\u00e9ge: Graef Erzs\u00e9bet, esk\u00fcv\u0151 (1936). \u2013 A szegedi egyetemen doktor\u00e1lt (1934). A pestszentl\u0151rinci egyh\u00e1zk\u00f6zs\u00e9g gondnoka. Postaigazgat\u00f3. Az igazgat\u00f3 Tan\u00e1cs tagja (1945). R\u00e9szt vett a Teol\u00f3giai Int\u00e9zet pr\u00e9dik\u00e1tork\u00e9pz\u0151 tanfolyam\u00e1n (1959). K\u00f6z\u00f6lt a Protest\u00e1ns Lapba, az Unit\u00e1rius \u00c9rtes\u00edt\u0151be. Irod.: Kelemen; Keresztes.<\/p>\n","protected":false},"featured_media":0,"comment_status":"open","ping_status":"closed","template":"","meta":[],"product_brand":[],"product_cat":[137],"product_tag":[],"class_list":{"0":"post-21169","1":"product","2":"type-product","3":"status-publish","5":"product_cat-maros-megyei-eletrajzi-lexikon","7":"first","8":"instock","9":"shipping-taxable","10":"product-type-simple"},"_links":{"self":[{"href":"https:\/\/uj.adatbank.ro\/lexikon\/wp-json\/wp\/v2\/product\/21169","targetHints":{"allow":["GET"]}}],"collection":[{"href":"https:\/\/uj.adatbank.ro\/lexikon\/wp-json\/wp\/v2\/product"}],"about":[{"href":"https:\/\/uj.adatbank.ro\/lexikon\/wp-json\/wp\/v2\/types\/product"}],"replies":[{"embeddable":true,"href":"https:\/\/uj.adatbank.ro\/lexikon\/wp-json\/wp\/v2\/comments?post=21169"}],"wp:attachment":[{"href":"https:\/\/uj.adatbank.ro\/lexikon\/wp-json\/wp\/v2\/media?parent=21169"}],"wp:term":[{"taxonomy":"product_brand","embeddable":true,"href":"https:\/\/uj.adatbank.ro\/lexikon\/wp-json\/wp\/v2\/product_brand?post=21169"},{"taxonomy":"product_cat","embeddable":true,"href":"https:\/\/uj.adatbank.ro\/lexikon\/wp-json\/wp\/v2\/product_cat?post=21169"},{"taxonomy":"product_tag","embeddable":true,"href":"https:\/\/uj.adatbank.ro\/lexikon\/wp-json\/wp\/v2\/product_tag?post=21169"}],"curies":[{"name":"wp","href":"https:\/\/api.w.org\/{rel}","templated":true}]}}