{"id":21170,"date":"2025-07-22T19:15:32","date_gmt":"2025-07-22T17:15:32","guid":{"rendered":"https:\/\/uj.adatbank.ro\/lexikon\/termek\/szabo-istvan-12\/"},"modified":"2025-07-22T19:15:32","modified_gmt":"2025-07-22T17:15:32","slug":"szabo-istvan-12","status":"publish","type":"product","link":"https:\/\/uj.adatbank.ro\/lexikon\/termek\/szabo-istvan-12\/","title":{"rendered":"SZAB\u00d3 Istv\u00e1n"},"content":{"rendered":"<p>Ikafalva, 1899, \u2020?: tan\u00edt\u00f3-igazgat\u00f3. \u2013 Feles\u00e9ge: \u00c9tsy Laura Jozefa. \u2013 Tanult Sz\u00e9kelyudvarhelyen, D\u00e9v\u00e1n \u00e9s Nagyenyeden. B\u00fcrk\u00f6s\u00f6n kezdte meg m\u0171k\u00f6d\u00e9s\u00e9t, Ny\u00e1r\u00e1dt\u0151n tan\u00edtott, iskolaigazgat\u00f3 (1942\u2013). Az I. vh.-ban az orosz \u00e9s olasz fronton harcolt. <br \/><strong>Irod.:<\/strong> Erd\u00e9lyi v\u00e1rmegy\u00e9k.<\/br><\/p>\n","protected":false},"excerpt":{"rendered":"<p>Ikafalva, 1899, \u2020?: tan\u00edt\u00f3-igazgat\u00f3. \u2013 Feles\u00e9ge: \u00c9tsy Laura Jozefa. \u2013 Tanult Sz\u00e9kelyudvarhelyen, D\u00e9v\u00e1n \u00e9s Nagyenyeden. B\u00fcrk\u00f6s\u00f6n kezdte meg m\u0171k\u00f6d\u00e9s\u00e9t, Ny\u00e1r\u00e1dt\u0151n tan\u00edtott, iskolaigazgat\u00f3 (1942\u2013). Az I. vh.-ban az orosz \u00e9s olasz fronton harcolt. Irod.: Erd\u00e9lyi v\u00e1rmegy\u00e9k.<\/p>\n","protected":false},"featured_media":0,"comment_status":"open","ping_status":"closed","template":"","meta":[],"product_brand":[],"product_cat":[137],"product_tag":[],"class_list":{"0":"post-21170","1":"product","2":"type-product","3":"status-publish","5":"product_cat-maros-megyei-eletrajzi-lexikon","7":"first","8":"instock","9":"shipping-taxable","10":"product-type-simple"},"_links":{"self":[{"href":"https:\/\/uj.adatbank.ro\/lexikon\/wp-json\/wp\/v2\/product\/21170","targetHints":{"allow":["GET"]}}],"collection":[{"href":"https:\/\/uj.adatbank.ro\/lexikon\/wp-json\/wp\/v2\/product"}],"about":[{"href":"https:\/\/uj.adatbank.ro\/lexikon\/wp-json\/wp\/v2\/types\/product"}],"replies":[{"embeddable":true,"href":"https:\/\/uj.adatbank.ro\/lexikon\/wp-json\/wp\/v2\/comments?post=21170"}],"wp:attachment":[{"href":"https:\/\/uj.adatbank.ro\/lexikon\/wp-json\/wp\/v2\/media?parent=21170"}],"wp:term":[{"taxonomy":"product_brand","embeddable":true,"href":"https:\/\/uj.adatbank.ro\/lexikon\/wp-json\/wp\/v2\/product_brand?post=21170"},{"taxonomy":"product_cat","embeddable":true,"href":"https:\/\/uj.adatbank.ro\/lexikon\/wp-json\/wp\/v2\/product_cat?post=21170"},{"taxonomy":"product_tag","embeddable":true,"href":"https:\/\/uj.adatbank.ro\/lexikon\/wp-json\/wp\/v2\/product_tag?post=21170"}],"curies":[{"name":"wp","href":"https:\/\/api.w.org\/{rel}","templated":true}]}}