{"id":21174,"date":"2025-07-22T19:15:40","date_gmt":"2025-07-22T17:15:40","guid":{"rendered":"https:\/\/uj.adatbank.ro\/lexikon\/termek\/szabo-istvan-%c2%a7\/"},"modified":"2025-07-22T19:15:40","modified_gmt":"2025-07-22T17:15:40","slug":"szabo-istvan-%c2%a7","status":"publish","type":"product","link":"https:\/\/uj.adatbank.ro\/lexikon\/termek\/szabo-istvan-%c2%a7\/","title":{"rendered":"SZAB\u00d3 Istv\u00e1n, \u00a7"},"content":{"rendered":"<p>Csombord, 1921. m\u00e1rc.15., \u2020 Mv., 1997. okt. 6.: orvos, az \u00e9lettan egyetemi tan\u00e1ra. \u2013 Feles\u00e9ge: Adorj\u00e1ni Etelka, f\u0151orvos. \u2013 A k\u00f6z\u00e9piskol\u00e1t Nagyenyeden a Bethlen Koll.-ban (1939), az orvosi egyetemet Buk.-ben kezdte az orvosi karon (1939\u201340) \u00e9s Kv.-on (1940\u201344) v\u00e9gezte; az orvostudom\u00e1nyok doktora (1967); dr. docens (1973). P\u00e1ly\u00e1j\u00e1t Kv.-on kezdte az Anat\u00f3miai Int\u00e9zetben mint gyakornok (1941\u201344), hadifogoly (1944\u201345); adjunktus a mv.-i OGYI K\u00f3r\u00e9lettani Tansz\u00e9k\u00e9n (1945\u201349), egyetemi el\u0151ad\u00f3tan\u00e1r az \u00c9lettani Tansz\u00e9ken (1949\u201360); katedraf\u0151n\u00f6k (1960\u201368); professzor nyugd\u00edjaz\u00e1s\u00e1ig (1968\u201391). A Rom\u00e1n Akad\u00e9mia mv.-i kutat\u00f3\u00e1llom\u00e1s\u00e1nak oszt\u00e1lyvezet\u0151je (1966\u201368). Megszervezte \u00e9s biztos\u00edtotta az elm\u00e9leti \u00e9s gyakorlati oktat\u00e1st, amikor sem tank\u00f6nyv, sem jegyzet nem \u00e1llat a di\u00e1kok rendelkez\u00e9s\u00e9re. T\u00f6bb mint 220 tanulm\u00e1nya jelent meg hazai \u00e9s k\u00fclf\u00f6ldi szakfoly\u00f3iratokban. A Rom\u00e1n Anat\u00f3miai T\u00e1rsas\u00e1g, A Rom\u00e1n Immunol\u00f3gia T\u00e1rsas\u00e1g, a Rom\u00e1n Sejtbiol\u00f3giai T\u00e1rsas\u00e1g, a Rom\u00e1n \u00c9lettani T\u00e1rsas\u00e1g, a Francia \u00d6sszehasonl\u00edt\u00f3 Patol\u00f3giai T\u00e1rsas\u00e1g, a N\u00e9met Pneumonol\u00f3giai T\u00e1rsas\u00e1g, a bp.-i Magyar \u00c9lettani T\u00e1rsas\u00e1g, az EME Orvostudom\u00e1nyi Szakoszt\u00e1ly\u00e1nak tagja volt. Szerkeszt\u0151bizotts\u00e1gi tagja az Orvosi Szemle, a Fiziologia Normal\u0103 \u015fi Patologic\u0103, a Studii \u015fi Cercet\u0103ri deFiziologie, a Rev. Roum. De Phsyologie foly\u00f3iratoknak. Kutat\u00e1si ter\u00fclete: a v\u00e9r\u00e1t\u00f6mleszt\u00e9s sz\u00f6v\u0151dm\u00e9nyei, a szilik\u00f3zis korai felismer\u00e9se, a v\u00e9rfeh\u00e9rj\u00e9k \u00e9lettana, az immunit\u00e1s egyes k\u00e9rd\u00e9sei. Tanulm\u00e1nyai jelentek meg a: Magyar Orvosi Arch\u00edvum, Orvosi \u00c9rtes\u00edt\u0151, Orvosi Szemle, Orvosi Hetilap, Magyar N\u0151orvosok Lapja, Studii \u015fi Cercet\u0103ri Endocrinologice, Arch. Roum. Path. Exp, K\u00eds\u00e9rletes Orvostudom\u00e1ny, Zeitschrift Immunit\u00e4tsforschung, Britisch Medical Journal, Fiziologie, Acta Neurologica Belgique-ben. A Tan\u00fcgyminiszt\u00e9rium D\u00edja \u00e9s Genersich d\u00edj kit\u00fcntetettje (1992). \u2013 <strong>F. m.<\/strong>: Az \u00e9letm\u0171k\u00f6d\u00e9s szab\u00e1lyoz\u00e1sa az emberi szervezetben. (Buk., 1981.), Az emberi szervezet alapvet\u0151 \u00e9letm\u0171k\u00f6d\u00e9sei: A v\u00e9r \u00e9s a v\u00e9rkering\u00e9s (Kv, 1983.); \u00cendrum\u0103tor de lucr\u0103ri practice de biochimie. (Buc.,2000.); <strong>t\u00e1rssz.:<\/strong> \u00c9lettani jegyzetek. 3. r\u00e9sz (Mv., 1951); \u00c9lettani jegyzet. 1, 3. r\u00e9sz (Mv., 1954\u20131955.); Endokrinol\u00f3giai jegyzetek (Bartel Gy\u00f6rgy, Bo\u00e9r L\u00e1szl\u00f3val, Mv., 1954.); \u00c9lettan. 2\u20133 k\u00f6t. (D\u00e9si Zolt\u00e1n, Szil\u00e1gyi Domokossal, Mv., 1957.); A v\u00e9r\u00e1t\u00f6mleszt\u00e9s sz\u00f6v\u0151dm\u00e9nyei (Hadnagy Csab\u00e1val, Buk, 1957.); Cercet\u0103ri medicale. (Buc., 1968.); Biol\u00f3gia. Az \u00e1llatok \u00e9lettana. Tank\u00f6nyv a X. oszt\u00e1ly sz\u00e1m\u00e1ra. (Ford, Kiss \u00c9va, dr. Szab\u00f3 Zsigmonddal; Buk., 1980), Az \u00e9letm\u0171k\u00f6d\u00e9sek szab\u00e1lyoz\u00e1sa az emberi szervezetben (L\u00e1szl\u00f3 J\u00f3zseffel, Buk., 1981.); Az emberi szervezet anyagcser\u00e9je \u00e9s energetik\u00e1ja (L\u00e1szl\u00f3 J\u00f3zseffel, Buk., 1985.); Az ember szexu\u00e1lis \u00e9letm\u0171k\u00f6d\u00e9sei (Szab\u00f3 Adorj\u00e1n Etelk\u00e1val, Buk., 1987). <br \/><strong>Irod.:<\/strong> Dezs\u0151 Istv\u00e1n; EMKK; Genersich; Genersich Alap; Kiss\u2013P\u00e9terffy\u2013P\u00e9terffy; Nagy Mikl\u00f3s Kund: A t\u00e1voz\u00e1sra felsz\u00f3l\u00edtottak n\u00e9vsora (N\u00fa., 1991. j\u00fan. 18.); Nagy L; Nagy M.K.: Genersich-d\u00edjak Mv.-en (N\u00fa., 1992. m\u00e1j. 12.); [Nekrol\u00f3g] (N\u00fa., 1997. okt. 9); RMIL; Sz\u00f6ll\u0151si 2009.<\/br><\/p>\n","protected":false},"excerpt":{"rendered":"<p>Csombord, 1921. m\u00e1rc.15., \u2020 Mv., 1997. okt. 6.: orvos, az \u00e9lettan egyetemi tan\u00e1ra. \u2013 Feles\u00e9ge: Adorj\u00e1ni Etelka, f\u0151orvos. \u2013 A k\u00f6z\u00e9piskol\u00e1t Nagyenyeden a Bethlen Koll.-ban (1939), az orvosi egyetemet Buk.-ben kezdte az orvosi karon (1939\u201340) \u00e9s Kv.-on (1940\u201344) v\u00e9gezte; az orvostudom\u00e1nyok doktora (1967); dr. docens (1973). P\u00e1ly\u00e1j\u00e1t Kv.-on kezdte az Anat\u00f3miai Int\u00e9zetben mint gyakornok (1941\u201344), [&hellip;]<\/p>\n","protected":false},"featured_media":0,"comment_status":"open","ping_status":"closed","template":"","meta":[],"product_brand":[],"product_cat":[137],"product_tag":[],"class_list":{"0":"post-21174","1":"product","2":"type-product","3":"status-publish","5":"product_cat-maros-megyei-eletrajzi-lexikon","7":"first","8":"instock","9":"shipping-taxable","10":"product-type-simple"},"_links":{"self":[{"href":"https:\/\/uj.adatbank.ro\/lexikon\/wp-json\/wp\/v2\/product\/21174","targetHints":{"allow":["GET"]}}],"collection":[{"href":"https:\/\/uj.adatbank.ro\/lexikon\/wp-json\/wp\/v2\/product"}],"about":[{"href":"https:\/\/uj.adatbank.ro\/lexikon\/wp-json\/wp\/v2\/types\/product"}],"replies":[{"embeddable":true,"href":"https:\/\/uj.adatbank.ro\/lexikon\/wp-json\/wp\/v2\/comments?post=21174"}],"wp:attachment":[{"href":"https:\/\/uj.adatbank.ro\/lexikon\/wp-json\/wp\/v2\/media?parent=21174"}],"wp:term":[{"taxonomy":"product_brand","embeddable":true,"href":"https:\/\/uj.adatbank.ro\/lexikon\/wp-json\/wp\/v2\/product_brand?post=21174"},{"taxonomy":"product_cat","embeddable":true,"href":"https:\/\/uj.adatbank.ro\/lexikon\/wp-json\/wp\/v2\/product_cat?post=21174"},{"taxonomy":"product_tag","embeddable":true,"href":"https:\/\/uj.adatbank.ro\/lexikon\/wp-json\/wp\/v2\/product_tag?post=21174"}],"curies":[{"name":"wp","href":"https:\/\/api.w.org\/{rel}","templated":true}]}}