{"id":21178,"date":"2025-07-22T19:15:48","date_gmt":"2025-07-22T17:15:48","guid":{"rendered":"https:\/\/uj.adatbank.ro\/lexikon\/termek\/szabo-janos\/"},"modified":"2025-07-22T19:15:48","modified_gmt":"2025-07-22T17:15:48","slug":"szabo-janos","status":"publish","type":"product","link":"https:\/\/uj.adatbank.ro\/lexikon\/termek\/szabo-janos\/","title":{"rendered":"SZAB\u00d3 J\u00e1nos"},"content":{"rendered":"<p>?, \u2020?: esk\u00fcdt. \u2013 A mv.-i esk\u00fcdt k\u00f6z\u00f6ns\u00e9g tagja (1760, 1761), k\u00f6zv\u00e1dl\u00f3 (1760, 1761). <br \/><strong>Irod.:<\/strong> P\u00e1l-Antal 2006.<\/br><\/p>\n","protected":false},"excerpt":{"rendered":"<p>?, \u2020?: esk\u00fcdt. \u2013 A mv.-i esk\u00fcdt k\u00f6z\u00f6ns\u00e9g tagja (1760, 1761), k\u00f6zv\u00e1dl\u00f3 (1760, 1761). Irod.: P\u00e1l-Antal 2006.<\/p>\n","protected":false},"featured_media":0,"comment_status":"open","ping_status":"closed","template":"","meta":[],"product_brand":[],"product_cat":[137],"product_tag":[],"class_list":{"0":"post-21178","1":"product","2":"type-product","3":"status-publish","5":"product_cat-maros-megyei-eletrajzi-lexikon","7":"first","8":"instock","9":"shipping-taxable","10":"product-type-simple"},"_links":{"self":[{"href":"https:\/\/uj.adatbank.ro\/lexikon\/wp-json\/wp\/v2\/product\/21178","targetHints":{"allow":["GET"]}}],"collection":[{"href":"https:\/\/uj.adatbank.ro\/lexikon\/wp-json\/wp\/v2\/product"}],"about":[{"href":"https:\/\/uj.adatbank.ro\/lexikon\/wp-json\/wp\/v2\/types\/product"}],"replies":[{"embeddable":true,"href":"https:\/\/uj.adatbank.ro\/lexikon\/wp-json\/wp\/v2\/comments?post=21178"}],"wp:attachment":[{"href":"https:\/\/uj.adatbank.ro\/lexikon\/wp-json\/wp\/v2\/media?parent=21178"}],"wp:term":[{"taxonomy":"product_brand","embeddable":true,"href":"https:\/\/uj.adatbank.ro\/lexikon\/wp-json\/wp\/v2\/product_brand?post=21178"},{"taxonomy":"product_cat","embeddable":true,"href":"https:\/\/uj.adatbank.ro\/lexikon\/wp-json\/wp\/v2\/product_cat?post=21178"},{"taxonomy":"product_tag","embeddable":true,"href":"https:\/\/uj.adatbank.ro\/lexikon\/wp-json\/wp\/v2\/product_tag?post=21178"}],"curies":[{"name":"wp","href":"https:\/\/api.w.org\/{rel}","templated":true}]}}