{"id":21179,"date":"2025-07-22T19:15:51","date_gmt":"2025-07-22T17:15:51","guid":{"rendered":"https:\/\/uj.adatbank.ro\/lexikon\/termek\/szabo-janos-2\/"},"modified":"2025-07-22T19:15:51","modified_gmt":"2025-07-22T17:15:51","slug":"szabo-janos-2","status":"publish","type":"product","link":"https:\/\/uj.adatbank.ro\/lexikon\/termek\/szabo-janos-2\/","title":{"rendered":"SZAB\u00d3 J\u00e1nos"},"content":{"rendered":"<p>?, \u2020?: tan\u00edt\u00f3. \u2013 Sz\u00e9kelyudvarhelyen subscrib\u00e1lt (1773). K\u00f3r\u00f3dszentm\u00e1rtonban (1777\u201382), Cs\u00e1v\u00e1son (1783\u201399) \u00e9s Nagykenden (1800\u201313) volt tan\u00edt\u00f3. <br \/><strong>Irod.:<\/strong> K\u00fck\u00fcll\u0151i Ref. Egyh\u00e1zm.1., 4.<\/br><\/p>\n","protected":false},"excerpt":{"rendered":"<p>?, \u2020?: tan\u00edt\u00f3. \u2013 Sz\u00e9kelyudvarhelyen subscrib\u00e1lt (1773). K\u00f3r\u00f3dszentm\u00e1rtonban (1777\u201382), Cs\u00e1v\u00e1son (1783\u201399) \u00e9s Nagykenden (1800\u201313) volt tan\u00edt\u00f3. Irod.: K\u00fck\u00fcll\u0151i Ref. Egyh\u00e1zm.1., 4.<\/p>\n","protected":false},"featured_media":0,"comment_status":"open","ping_status":"closed","template":"","meta":[],"product_brand":[],"product_cat":[137],"product_tag":[],"class_list":{"0":"post-21179","1":"product","2":"type-product","3":"status-publish","5":"product_cat-maros-megyei-eletrajzi-lexikon","7":"first","8":"instock","9":"shipping-taxable","10":"product-type-simple"},"_links":{"self":[{"href":"https:\/\/uj.adatbank.ro\/lexikon\/wp-json\/wp\/v2\/product\/21179","targetHints":{"allow":["GET"]}}],"collection":[{"href":"https:\/\/uj.adatbank.ro\/lexikon\/wp-json\/wp\/v2\/product"}],"about":[{"href":"https:\/\/uj.adatbank.ro\/lexikon\/wp-json\/wp\/v2\/types\/product"}],"replies":[{"embeddable":true,"href":"https:\/\/uj.adatbank.ro\/lexikon\/wp-json\/wp\/v2\/comments?post=21179"}],"wp:attachment":[{"href":"https:\/\/uj.adatbank.ro\/lexikon\/wp-json\/wp\/v2\/media?parent=21179"}],"wp:term":[{"taxonomy":"product_brand","embeddable":true,"href":"https:\/\/uj.adatbank.ro\/lexikon\/wp-json\/wp\/v2\/product_brand?post=21179"},{"taxonomy":"product_cat","embeddable":true,"href":"https:\/\/uj.adatbank.ro\/lexikon\/wp-json\/wp\/v2\/product_cat?post=21179"},{"taxonomy":"product_tag","embeddable":true,"href":"https:\/\/uj.adatbank.ro\/lexikon\/wp-json\/wp\/v2\/product_tag?post=21179"}],"curies":[{"name":"wp","href":"https:\/\/api.w.org\/{rel}","templated":true}]}}