{"id":21181,"date":"2025-07-22T19:15:55","date_gmt":"2025-07-22T17:15:55","guid":{"rendered":"https:\/\/uj.adatbank.ro\/lexikon\/termek\/szabo-janos-4\/"},"modified":"2025-07-22T19:15:55","modified_gmt":"2025-07-22T17:15:55","slug":"szabo-janos-4","status":"publish","type":"product","link":"https:\/\/uj.adatbank.ro\/lexikon\/termek\/szabo-janos-4\/","title":{"rendered":"SZAB\u00d3 J\u00e1nos"},"content":{"rendered":"<p>? \u2020?: f\u00f6ldbirtokos, honv\u00e9dezredes, 1848\/49 honv\u00e9d\u0151rnagy, backamadarasi f\u00f6ldbirtokos. \u2013 A honv\u00e9ds\u00e1tort\u00e1bor megalkot\u00f3ja volt. A magyar szabads\u00e1gharcban tev\u00e9keny r\u00e9szt vett \u00e9s a v\u00e1rmegye \u00e9let\u00e9ben nagy befoly\u00e1s\u00fa t\u00e9nyez\u0151 volt. Haza sz\u00f6k\u00f6tt az aradi v\u00e1rb\u00f3l (1849), Kebele k\u00f6zs\u00e9gben h\u00faz\u00f3dott meg udvarh\u00e1z\u00e1ban. Ad\u00f3t nem fizetett. R\u00e9szt vett a Sz\u00e9ch\u00e9nyi \u00fcnneps\u00e9geken Mv.-en (1860). A mv.-i honv\u00e9degylet bizotts\u00e1got hozott l\u00e9tre Bem szobor fel\u00e1ll\u00edt\u00e1sa c\u00e9lj\u00e1b\u00f3l (1868. szept. 20.), ennek eln\u00f6ke lemond\u00e1s\u00e1ig (1873), mert id\u0151k\u00f6zben m. kir. honv\u00e9d alezredess\u00e9 nevezt\u00e9k ki, hely\u00e9be Borosnyai J\u00e1nos Az EMKE mv.-i v\u00e1rosi v\u00e1lasztm\u00e1ny\u00e1nak alap\u00edt\u00f3tagja (1885). Virilista (1887). A Mv.-i cs. Kir. Katonai \u00c1llom\u00e1sparancsnoks\u00e1gon volt (1895). A Mv.-i Kaszin\u00f3 v\u00e1lasztm\u00e1nyi tagja (1883), aleln\u00f6ke (1891). <br \/><strong>Irod.:<\/strong> Marossz\u00e9ki f\u00fczetek (Mv., 1936); A magyar honv\u00e9ds\u00e9g albuma (1867\u201375, Bp.); S\u00e1ndor; Szentgy\u00f6rgyi.<\/br><\/p>\n","protected":false},"excerpt":{"rendered":"<p>? \u2020?: f\u00f6ldbirtokos, honv\u00e9dezredes, 1848\/49 honv\u00e9d\u0151rnagy, backamadarasi f\u00f6ldbirtokos. \u2013 A honv\u00e9ds\u00e1tort\u00e1bor megalkot\u00f3ja volt. A magyar szabads\u00e1gharcban tev\u00e9keny r\u00e9szt vett \u00e9s a v\u00e1rmegye \u00e9let\u00e9ben nagy befoly\u00e1s\u00fa t\u00e9nyez\u0151 volt. Haza sz\u00f6k\u00f6tt az aradi v\u00e1rb\u00f3l (1849), Kebele k\u00f6zs\u00e9gben h\u00faz\u00f3dott meg udvarh\u00e1z\u00e1ban. Ad\u00f3t nem fizetett. R\u00e9szt vett a Sz\u00e9ch\u00e9nyi \u00fcnneps\u00e9geken Mv.-en (1860). A mv.-i honv\u00e9degylet bizotts\u00e1got hozott l\u00e9tre Bem [&hellip;]<\/p>\n","protected":false},"featured_media":0,"comment_status":"open","ping_status":"closed","template":"","meta":[],"product_brand":[],"product_cat":[137],"product_tag":[],"class_list":{"0":"post-21181","1":"product","2":"type-product","3":"status-publish","5":"product_cat-maros-megyei-eletrajzi-lexikon","7":"first","8":"instock","9":"shipping-taxable","10":"product-type-simple"},"_links":{"self":[{"href":"https:\/\/uj.adatbank.ro\/lexikon\/wp-json\/wp\/v2\/product\/21181","targetHints":{"allow":["GET"]}}],"collection":[{"href":"https:\/\/uj.adatbank.ro\/lexikon\/wp-json\/wp\/v2\/product"}],"about":[{"href":"https:\/\/uj.adatbank.ro\/lexikon\/wp-json\/wp\/v2\/types\/product"}],"replies":[{"embeddable":true,"href":"https:\/\/uj.adatbank.ro\/lexikon\/wp-json\/wp\/v2\/comments?post=21181"}],"wp:attachment":[{"href":"https:\/\/uj.adatbank.ro\/lexikon\/wp-json\/wp\/v2\/media?parent=21181"}],"wp:term":[{"taxonomy":"product_brand","embeddable":true,"href":"https:\/\/uj.adatbank.ro\/lexikon\/wp-json\/wp\/v2\/product_brand?post=21181"},{"taxonomy":"product_cat","embeddable":true,"href":"https:\/\/uj.adatbank.ro\/lexikon\/wp-json\/wp\/v2\/product_cat?post=21181"},{"taxonomy":"product_tag","embeddable":true,"href":"https:\/\/uj.adatbank.ro\/lexikon\/wp-json\/wp\/v2\/product_tag?post=21181"}],"curies":[{"name":"wp","href":"https:\/\/api.w.org\/{rel}","templated":true}]}}