{"id":21182,"date":"2025-07-22T19:15:58","date_gmt":"2025-07-22T17:15:58","guid":{"rendered":"https:\/\/uj.adatbank.ro\/lexikon\/termek\/szabo-janos-5\/"},"modified":"2025-07-22T19:15:58","modified_gmt":"2025-07-22T17:15:58","slug":"szabo-janos-5","status":"publish","type":"product","link":"https:\/\/uj.adatbank.ro\/lexikon\/termek\/szabo-janos-5\/","title":{"rendered":"SZAB\u00d3 J\u00e1nos"},"content":{"rendered":"<p>K\u00f6rtv\u00e9lyf\u00e1ja, 1881., \u2020?: gazd\u00e1lkod\u00f3. \u2013 \u00c9desapj\u00e1t\u00f3l tanult gazd\u00e1lkodni, majd \u00f6n\u00e1ll\u00f3 lett, 26 hold f\u00f6ldet m\u0171velt. Az els\u0151 vh.-ban a 62. gy. e.-ben az orosz fronton harcolt. A ref. egyh\u00e1z gondnoka, a hazafias c\u00e9lok t\u00e1mogat\u00f3ja volt. <br \/><strong>Irod.:<\/strong> Sz\u00e9kelyf\u00f6ld \u00ed. k.<\/br><\/p>\n","protected":false},"excerpt":{"rendered":"<p>K\u00f6rtv\u00e9lyf\u00e1ja, 1881., \u2020?: gazd\u00e1lkod\u00f3. \u2013 \u00c9desapj\u00e1t\u00f3l tanult gazd\u00e1lkodni, majd \u00f6n\u00e1ll\u00f3 lett, 26 hold f\u00f6ldet m\u0171velt. Az els\u0151 vh.-ban a 62. gy. e.-ben az orosz fronton harcolt. A ref. egyh\u00e1z gondnoka, a hazafias c\u00e9lok t\u00e1mogat\u00f3ja volt. Irod.: Sz\u00e9kelyf\u00f6ld \u00ed. k.<\/p>\n","protected":false},"featured_media":0,"comment_status":"open","ping_status":"closed","template":"","meta":[],"product_brand":[],"product_cat":[137],"product_tag":[],"class_list":{"0":"post-21182","1":"product","2":"type-product","3":"status-publish","5":"product_cat-maros-megyei-eletrajzi-lexikon","7":"first","8":"instock","9":"shipping-taxable","10":"product-type-simple"},"_links":{"self":[{"href":"https:\/\/uj.adatbank.ro\/lexikon\/wp-json\/wp\/v2\/product\/21182","targetHints":{"allow":["GET"]}}],"collection":[{"href":"https:\/\/uj.adatbank.ro\/lexikon\/wp-json\/wp\/v2\/product"}],"about":[{"href":"https:\/\/uj.adatbank.ro\/lexikon\/wp-json\/wp\/v2\/types\/product"}],"replies":[{"embeddable":true,"href":"https:\/\/uj.adatbank.ro\/lexikon\/wp-json\/wp\/v2\/comments?post=21182"}],"wp:attachment":[{"href":"https:\/\/uj.adatbank.ro\/lexikon\/wp-json\/wp\/v2\/media?parent=21182"}],"wp:term":[{"taxonomy":"product_brand","embeddable":true,"href":"https:\/\/uj.adatbank.ro\/lexikon\/wp-json\/wp\/v2\/product_brand?post=21182"},{"taxonomy":"product_cat","embeddable":true,"href":"https:\/\/uj.adatbank.ro\/lexikon\/wp-json\/wp\/v2\/product_cat?post=21182"},{"taxonomy":"product_tag","embeddable":true,"href":"https:\/\/uj.adatbank.ro\/lexikon\/wp-json\/wp\/v2\/product_tag?post=21182"}],"curies":[{"name":"wp","href":"https:\/\/api.w.org\/{rel}","templated":true}]}}