{"id":21186,"date":"2025-07-22T19:16:05","date_gmt":"2025-07-22T17:16:05","guid":{"rendered":"https:\/\/uj.adatbank.ro\/lexikon\/termek\/szabo-janos-nagyernyei\/"},"modified":"2025-07-22T19:16:05","modified_gmt":"2025-07-22T17:16:05","slug":"szabo-janos-nagyernyei","status":"publish","type":"product","link":"https:\/\/uj.adatbank.ro\/lexikon\/termek\/szabo-janos-nagyernyei\/","title":{"rendered":"SZAB\u00d3 J\u00e1nos, nagyernyei"},"content":{"rendered":"<p>1804., \u2020\u00a01882.: k\u00e1ntortan\u00edt\u00f3. \u2013 Sz\u00e9kesen tan\u00edtott (1833\u201382), \u00e1ld\u00e1sos 48 \u00e9ves munk\u00e1j\u00e1t meg\u0151rizte az eml\u00e9kezet. <br \/><strong>Irod.:<\/strong> Nemes Gyula: Szakr\u00e1lis eml\u00e9kek&#8230;= P\u00e1l-Antal \u2013 Simon; Nemes Gyula: \u201eBesz\u00e9l\u0151\u201d s\u00edrk\u00f6vek Sz\u00e9kesen (\u00d6r\u00f6ks\u00e9g\u00fcnk, 4. sz., 2009); Sz\u00e9kes.<\/br><\/p>\n","protected":false},"excerpt":{"rendered":"<p>1804., \u2020\u00a01882.: k\u00e1ntortan\u00edt\u00f3. \u2013 Sz\u00e9kesen tan\u00edtott (1833\u201382), \u00e1ld\u00e1sos 48 \u00e9ves munk\u00e1j\u00e1t meg\u0151rizte az eml\u00e9kezet. Irod.: Nemes Gyula: Szakr\u00e1lis eml\u00e9kek&#8230;= P\u00e1l-Antal \u2013 Simon; Nemes Gyula: \u201eBesz\u00e9l\u0151\u201d s\u00edrk\u00f6vek Sz\u00e9kesen (\u00d6r\u00f6ks\u00e9g\u00fcnk, 4. sz., 2009); Sz\u00e9kes.<\/p>\n","protected":false},"featured_media":0,"comment_status":"open","ping_status":"closed","template":"","meta":[],"product_brand":[],"product_cat":[137],"product_tag":[],"class_list":{"0":"post-21186","1":"product","2":"type-product","3":"status-publish","5":"product_cat-maros-megyei-eletrajzi-lexikon","7":"first","8":"instock","9":"shipping-taxable","10":"product-type-simple"},"_links":{"self":[{"href":"https:\/\/uj.adatbank.ro\/lexikon\/wp-json\/wp\/v2\/product\/21186","targetHints":{"allow":["GET"]}}],"collection":[{"href":"https:\/\/uj.adatbank.ro\/lexikon\/wp-json\/wp\/v2\/product"}],"about":[{"href":"https:\/\/uj.adatbank.ro\/lexikon\/wp-json\/wp\/v2\/types\/product"}],"replies":[{"embeddable":true,"href":"https:\/\/uj.adatbank.ro\/lexikon\/wp-json\/wp\/v2\/comments?post=21186"}],"wp:attachment":[{"href":"https:\/\/uj.adatbank.ro\/lexikon\/wp-json\/wp\/v2\/media?parent=21186"}],"wp:term":[{"taxonomy":"product_brand","embeddable":true,"href":"https:\/\/uj.adatbank.ro\/lexikon\/wp-json\/wp\/v2\/product_brand?post=21186"},{"taxonomy":"product_cat","embeddable":true,"href":"https:\/\/uj.adatbank.ro\/lexikon\/wp-json\/wp\/v2\/product_cat?post=21186"},{"taxonomy":"product_tag","embeddable":true,"href":"https:\/\/uj.adatbank.ro\/lexikon\/wp-json\/wp\/v2\/product_tag?post=21186"}],"curies":[{"name":"wp","href":"https:\/\/api.w.org\/{rel}","templated":true}]}}