{"id":21193,"date":"2025-07-22T19:16:19","date_gmt":"2025-07-22T17:16:19","guid":{"rendered":"https:\/\/uj.adatbank.ro\/lexikon\/termek\/szabo-jozsef-2\/"},"modified":"2025-07-22T19:16:19","modified_gmt":"2025-07-22T17:16:19","slug":"szabo-jozsef-2","status":"publish","type":"product","link":"https:\/\/uj.adatbank.ro\/lexikon\/termek\/szabo-jozsef-2\/","title":{"rendered":"SZAB\u00d3 J\u00f3zsef"},"content":{"rendered":"<p>? \u2020?: ad\u00f3szed\u0151. \u2013 Kebli ad\u00f3szed\u0151 (1807), Kir. Perceptor Peielle Vencel v\u00e1rosb\u00edr\u00f3 alatt (1822). <br \/><strong>Irod.:<\/strong> Id\u0151t\u00e1r 1, P\u00e1l-Antal 2006.<\/br><\/p>\n","protected":false},"excerpt":{"rendered":"<p>? \u2020?: ad\u00f3szed\u0151. \u2013 Kebli ad\u00f3szed\u0151 (1807), Kir. Perceptor Peielle Vencel v\u00e1rosb\u00edr\u00f3 alatt (1822). Irod.: Id\u0151t\u00e1r 1, P\u00e1l-Antal 2006.<\/p>\n","protected":false},"featured_media":0,"comment_status":"open","ping_status":"closed","template":"","meta":[],"product_brand":[],"product_cat":[137],"product_tag":[],"class_list":{"0":"post-21193","1":"product","2":"type-product","3":"status-publish","5":"product_cat-maros-megyei-eletrajzi-lexikon","7":"first","8":"instock","9":"shipping-taxable","10":"product-type-simple"},"_links":{"self":[{"href":"https:\/\/uj.adatbank.ro\/lexikon\/wp-json\/wp\/v2\/product\/21193","targetHints":{"allow":["GET"]}}],"collection":[{"href":"https:\/\/uj.adatbank.ro\/lexikon\/wp-json\/wp\/v2\/product"}],"about":[{"href":"https:\/\/uj.adatbank.ro\/lexikon\/wp-json\/wp\/v2\/types\/product"}],"replies":[{"embeddable":true,"href":"https:\/\/uj.adatbank.ro\/lexikon\/wp-json\/wp\/v2\/comments?post=21193"}],"wp:attachment":[{"href":"https:\/\/uj.adatbank.ro\/lexikon\/wp-json\/wp\/v2\/media?parent=21193"}],"wp:term":[{"taxonomy":"product_brand","embeddable":true,"href":"https:\/\/uj.adatbank.ro\/lexikon\/wp-json\/wp\/v2\/product_brand?post=21193"},{"taxonomy":"product_cat","embeddable":true,"href":"https:\/\/uj.adatbank.ro\/lexikon\/wp-json\/wp\/v2\/product_cat?post=21193"},{"taxonomy":"product_tag","embeddable":true,"href":"https:\/\/uj.adatbank.ro\/lexikon\/wp-json\/wp\/v2\/product_tag?post=21193"}],"curies":[{"name":"wp","href":"https:\/\/api.w.org\/{rel}","templated":true}]}}