{"id":21195,"date":"2025-07-22T19:16:22","date_gmt":"2025-07-22T17:16:22","guid":{"rendered":"https:\/\/uj.adatbank.ro\/lexikon\/termek\/szabo-jozsef-4\/"},"modified":"2025-07-22T19:16:22","modified_gmt":"2025-07-22T17:16:22","slug":"szabo-jozsef-4","status":"publish","type":"product","link":"https:\/\/uj.adatbank.ro\/lexikon\/termek\/szabo-jozsef-4\/","title":{"rendered":"SZAB\u00d3 J\u00f3zsef"},"content":{"rendered":"<p>Gyulakuta, 1820. \u00e1pr. 12., \u2020\u00a0Marosfelfalu, 1891. dec. 25.: ref. lelk\u00e9sz. \u2013 A mv.-i ref. f\u0151tanod\u00e1ban v\u00e9gzett 1\u20136. oszt. \u00e9s tett rigurosum vizsg\u00e1t, k\u00e9t \u00e9v filoz\u00f3fi\u00e1t, k\u00e9t \u00e9v jogot, k\u00e9t \u00e9v teol\u00f3gi\u00e1t tanult (1942). Egy tan\u00e9vben oszt\u00e1lytan\u00edt\u00f3 volt a mv.-i ref. tanod\u00e1ban, tanult a marburgi TE-n is egy tan\u00e9vet. Hazaj\u00f6vetele ut\u00e1n a d\u00e9vai zsinaton avatt\u00e1k lelk\u00e9ssz\u00e9 (1844). Antal J\u00e1nos ref. p\u00fcsp\u00f6k titk\u00e1ra volt k\u00e9t \u00e9vig (1844\u201346. nov. 15.). Megv\u00e1lasztott\u00e1k (1846. \u00e1pr. 24.) marosfelfalusi lp.-nak \u00e9s beiktatt\u00e1k (1846. nov. 15.). Egyh\u00e1zmegyei \u00fcln\u00f6k (tan\u00e1csos) (1851\u2013), k\u00f6zigazgat\u00f3 vagyis sz\u00e1mvev\u0151 (1862\u2013), f\u0151jegyz\u0151 (1865\u201387) \u00e9s az egyh\u00e1zi h\u00e1zass\u00e1gi t\u00f6rv\u00e9nysz\u00e9knek t\u00f6rv\u00e9nyb\u00edr\u00f3ja (1888\u201391). A falunak \u00c1rp\u00e1dh\u00e1zi kir\u00e1lyok idej\u00e9b\u0151l (1301 el\u0151tti) g\u00f3tst\u00edlus\u00fa temploma volt, de t\u00fal k\u00f6zel a Maroshoz. \u00daj templomot kellett \u00e9p\u00edteni, amihez a helyet, a f\u0151\u00fat mellett, br. Kem\u00e9ny Gy\u00f6rgy aj\u00e1nd\u00e9kozta (1863). Az \u00faj iskola, a lelk\u00e9szi- \u00e9s tan\u00edt\u00f3i lak\u00e1sok \u00e9p\u00edt\u00e9s\u00e9nek fel\u00fcgyelet\u00e9t, mind a lelk\u00e9sz v\u00e9gezte. Az \u00e9p\u00fcletek tervei, az elv\u00e9gzend\u0151 munk\u00e1latok a 45 \u00e9ves lp.-i szolg\u00e1lat alatt t\u00f6rt\u00e9nt (1846\u20131891. dec. 25.). Elv\u00e9gezte az ekl\u00e9zsi\u00e1k t\u00f6rt\u00e9neti dokumentumainak \u00f6sszegy\u0171jt\u00e9s\u00e9t \u00e9s feldolgoz\u00e1s\u00e1t \u00e9lete utols\u00f3 \u00e9v\u00e9ben (1891) \u00e9s nyomtat\u00e1sban kv.-on jelent meg \u201eaz erd\u00e9lyi ev. ref. egyh\u00e1zker\u00fclet \u00e9vk\u00f6nyvj\u00e9ben\u201d (1892). Ut\u00f3da Marosfelfaluban Szabolcska Mih\u00e1ly (1892 nov. \u2013 1898. dec.). <br \/><strong>Irod.:<\/strong> B\u00f6jthe Andor.<\/br><\/p>\n","protected":false},"excerpt":{"rendered":"<p>Gyulakuta, 1820. \u00e1pr. 12., \u2020\u00a0Marosfelfalu, 1891. dec. 25.: ref. lelk\u00e9sz. \u2013 A mv.-i ref. f\u0151tanod\u00e1ban v\u00e9gzett 1\u20136. oszt. \u00e9s tett rigurosum vizsg\u00e1t, k\u00e9t \u00e9v filoz\u00f3fi\u00e1t, k\u00e9t \u00e9v jogot, k\u00e9t \u00e9v teol\u00f3gi\u00e1t tanult (1942). Egy tan\u00e9vben oszt\u00e1lytan\u00edt\u00f3 volt a mv.-i ref. tanod\u00e1ban, tanult a marburgi TE-n is egy tan\u00e9vet. Hazaj\u00f6vetele ut\u00e1n a d\u00e9vai zsinaton avatt\u00e1k lelk\u00e9ssz\u00e9 [&hellip;]<\/p>\n","protected":false},"featured_media":0,"comment_status":"open","ping_status":"closed","template":"","meta":[],"product_brand":[],"product_cat":[137],"product_tag":[],"class_list":{"0":"post-21195","1":"product","2":"type-product","3":"status-publish","5":"product_cat-maros-megyei-eletrajzi-lexikon","7":"first","8":"instock","9":"shipping-taxable","10":"product-type-simple"},"_links":{"self":[{"href":"https:\/\/uj.adatbank.ro\/lexikon\/wp-json\/wp\/v2\/product\/21195","targetHints":{"allow":["GET"]}}],"collection":[{"href":"https:\/\/uj.adatbank.ro\/lexikon\/wp-json\/wp\/v2\/product"}],"about":[{"href":"https:\/\/uj.adatbank.ro\/lexikon\/wp-json\/wp\/v2\/types\/product"}],"replies":[{"embeddable":true,"href":"https:\/\/uj.adatbank.ro\/lexikon\/wp-json\/wp\/v2\/comments?post=21195"}],"wp:attachment":[{"href":"https:\/\/uj.adatbank.ro\/lexikon\/wp-json\/wp\/v2\/media?parent=21195"}],"wp:term":[{"taxonomy":"product_brand","embeddable":true,"href":"https:\/\/uj.adatbank.ro\/lexikon\/wp-json\/wp\/v2\/product_brand?post=21195"},{"taxonomy":"product_cat","embeddable":true,"href":"https:\/\/uj.adatbank.ro\/lexikon\/wp-json\/wp\/v2\/product_cat?post=21195"},{"taxonomy":"product_tag","embeddable":true,"href":"https:\/\/uj.adatbank.ro\/lexikon\/wp-json\/wp\/v2\/product_tag?post=21195"}],"curies":[{"name":"wp","href":"https:\/\/api.w.org\/{rel}","templated":true}]}}