{"id":21200,"date":"2025-07-22T19:16:31","date_gmt":"2025-07-22T17:16:31","guid":{"rendered":"https:\/\/uj.adatbank.ro\/lexikon\/termek\/szabo-jozsef-9\/"},"modified":"2025-07-22T19:16:31","modified_gmt":"2025-07-22T17:16:31","slug":"szabo-jozsef-9","status":"publish","type":"product","link":"https:\/\/uj.adatbank.ro\/lexikon\/termek\/szabo-jozsef-9\/","title":{"rendered":"SZAB\u00d3 J\u00f3zsef"},"content":{"rendered":"<p>Mez\u0151s\u00e1msond, 1891., \u2020?: T\u00e9nyleges katonai szolg\u00e1latra vonult be Brass\u00f3ba, a 2-es k\u00f6z\u00f6s gyalogezredhez (1912. aug. 15.). Ott \u00e9rte a I. vh. kit\u00f6r\u00e9se. Orosz \u00e9s szerb frontokon harcolt (1914. aug. 13.\u2013). Ezrede minden csat\u00e1j\u00e1ban r\u00e9szt vett. <strong>Kit\u00fcntet\u00e9sei:<\/strong> K\u00e1roly csapat \u2013 kereszt, h\u00e1bor\u00fas eml\u00e9k\u00e9rem \u00e9s a 8 \u00e9ves szolg\u00e1lati kereszt. <br \/><strong>Irod.:<\/strong> Mez\u0151s\u00e1msond.<\/br><\/p>\n","protected":false},"excerpt":{"rendered":"<p>Mez\u0151s\u00e1msond, 1891., \u2020?: T\u00e9nyleges katonai szolg\u00e1latra vonult be Brass\u00f3ba, a 2-es k\u00f6z\u00f6s gyalogezredhez (1912. aug. 15.). Ott \u00e9rte a I. vh. kit\u00f6r\u00e9se. Orosz \u00e9s szerb frontokon harcolt (1914. aug. 13.\u2013). Ezrede minden csat\u00e1j\u00e1ban r\u00e9szt vett. Kit\u00fcntet\u00e9sei: K\u00e1roly csapat \u2013 kereszt, h\u00e1bor\u00fas eml\u00e9k\u00e9rem \u00e9s a 8 \u00e9ves szolg\u00e1lati kereszt. Irod.: Mez\u0151s\u00e1msond.<\/p>\n","protected":false},"featured_media":0,"comment_status":"open","ping_status":"closed","template":"","meta":[],"product_brand":[],"product_cat":[137],"product_tag":[],"class_list":{"0":"post-21200","1":"product","2":"type-product","3":"status-publish","5":"product_cat-maros-megyei-eletrajzi-lexikon","7":"first","8":"instock","9":"shipping-taxable","10":"product-type-simple"},"_links":{"self":[{"href":"https:\/\/uj.adatbank.ro\/lexikon\/wp-json\/wp\/v2\/product\/21200","targetHints":{"allow":["GET"]}}],"collection":[{"href":"https:\/\/uj.adatbank.ro\/lexikon\/wp-json\/wp\/v2\/product"}],"about":[{"href":"https:\/\/uj.adatbank.ro\/lexikon\/wp-json\/wp\/v2\/types\/product"}],"replies":[{"embeddable":true,"href":"https:\/\/uj.adatbank.ro\/lexikon\/wp-json\/wp\/v2\/comments?post=21200"}],"wp:attachment":[{"href":"https:\/\/uj.adatbank.ro\/lexikon\/wp-json\/wp\/v2\/media?parent=21200"}],"wp:term":[{"taxonomy":"product_brand","embeddable":true,"href":"https:\/\/uj.adatbank.ro\/lexikon\/wp-json\/wp\/v2\/product_brand?post=21200"},{"taxonomy":"product_cat","embeddable":true,"href":"https:\/\/uj.adatbank.ro\/lexikon\/wp-json\/wp\/v2\/product_cat?post=21200"},{"taxonomy":"product_tag","embeddable":true,"href":"https:\/\/uj.adatbank.ro\/lexikon\/wp-json\/wp\/v2\/product_tag?post=21200"}],"curies":[{"name":"wp","href":"https:\/\/api.w.org\/{rel}","templated":true}]}}