{"id":21201,"date":"2025-07-22T19:16:35","date_gmt":"2025-07-22T17:16:35","guid":{"rendered":"https:\/\/uj.adatbank.ro\/lexikon\/termek\/szabo-jozsef-10\/"},"modified":"2025-07-22T19:16:35","modified_gmt":"2025-07-22T17:16:35","slug":"szabo-jozsef-10","status":"publish","type":"product","link":"https:\/\/uj.adatbank.ro\/lexikon\/termek\/szabo-jozsef-10\/","title":{"rendered":"SZAB\u00d3 J\u00f3zsef"},"content":{"rendered":"<p>K\u00f6rtv\u00e9lyf\u00e1ja, 1904.,\u00a0\u2020?: gazd\u00e1lkod\u00f3. \u2013 K\u00f6z\u00e9piskol\u00e1it Mv.-en v\u00e9gezte, majd \u00e9desapja hal\u00e1la ut\u00e1n \u00e1tvette a csal\u00e1di birtok vezet\u00e9s\u00e9t, azut\u00e1n ap\u00f3s\u00e1val k\u00f6z\u00f6sen gazd\u00e1lkodott Vajdaszentiv\u00e1nyon. A Tejsz\u00f6vetkezet eln\u00f6ke \u00e9s vezet\u0151je, a Gazdak\u00f6r tagja, a Hangya p\u00e9nzt\u00e1rosa, a MP tagja volt. <br \/><strong>Irod.:<\/strong> Sz\u00e9kelyf\u00f6ld \u00ed. k.<\/br><\/p>\n","protected":false},"excerpt":{"rendered":"<p>K\u00f6rtv\u00e9lyf\u00e1ja, 1904.,\u00a0\u2020?: gazd\u00e1lkod\u00f3. \u2013 K\u00f6z\u00e9piskol\u00e1it Mv.-en v\u00e9gezte, majd \u00e9desapja hal\u00e1la ut\u00e1n \u00e1tvette a csal\u00e1di birtok vezet\u00e9s\u00e9t, azut\u00e1n ap\u00f3s\u00e1val k\u00f6z\u00f6sen gazd\u00e1lkodott Vajdaszentiv\u00e1nyon. A Tejsz\u00f6vetkezet eln\u00f6ke \u00e9s vezet\u0151je, a Gazdak\u00f6r tagja, a Hangya p\u00e9nzt\u00e1rosa, a MP tagja volt. Irod.: Sz\u00e9kelyf\u00f6ld \u00ed. k.<\/p>\n","protected":false},"featured_media":0,"comment_status":"open","ping_status":"closed","template":"","meta":[],"product_brand":[],"product_cat":[137],"product_tag":[],"class_list":{"0":"post-21201","1":"product","2":"type-product","3":"status-publish","5":"product_cat-maros-megyei-eletrajzi-lexikon","7":"first","8":"instock","9":"shipping-taxable","10":"product-type-simple"},"_links":{"self":[{"href":"https:\/\/uj.adatbank.ro\/lexikon\/wp-json\/wp\/v2\/product\/21201","targetHints":{"allow":["GET"]}}],"collection":[{"href":"https:\/\/uj.adatbank.ro\/lexikon\/wp-json\/wp\/v2\/product"}],"about":[{"href":"https:\/\/uj.adatbank.ro\/lexikon\/wp-json\/wp\/v2\/types\/product"}],"replies":[{"embeddable":true,"href":"https:\/\/uj.adatbank.ro\/lexikon\/wp-json\/wp\/v2\/comments?post=21201"}],"wp:attachment":[{"href":"https:\/\/uj.adatbank.ro\/lexikon\/wp-json\/wp\/v2\/media?parent=21201"}],"wp:term":[{"taxonomy":"product_brand","embeddable":true,"href":"https:\/\/uj.adatbank.ro\/lexikon\/wp-json\/wp\/v2\/product_brand?post=21201"},{"taxonomy":"product_cat","embeddable":true,"href":"https:\/\/uj.adatbank.ro\/lexikon\/wp-json\/wp\/v2\/product_cat?post=21201"},{"taxonomy":"product_tag","embeddable":true,"href":"https:\/\/uj.adatbank.ro\/lexikon\/wp-json\/wp\/v2\/product_tag?post=21201"}],"curies":[{"name":"wp","href":"https:\/\/api.w.org\/{rel}","templated":true}]}}