{"id":21203,"date":"2025-07-22T19:16:38","date_gmt":"2025-07-22T17:16:38","guid":{"rendered":"https:\/\/uj.adatbank.ro\/lexikon\/termek\/szabo-jozsef-12\/"},"modified":"2025-07-22T19:16:38","modified_gmt":"2025-07-22T17:16:38","slug":"szabo-jozsef-12","status":"publish","type":"product","link":"https:\/\/uj.adatbank.ro\/lexikon\/termek\/szabo-jozsef-12\/","title":{"rendered":"SZAB\u00d3 J\u00f3zsef"},"content":{"rendered":"<p>Brass\u00f3., 1916.,\u00a0\u2020?: tan\u00edt\u00f3. \u2013 Tanulm\u00e1nyait Brass\u00f3ban v\u00e9gezte. A mez\u0151szabadi iskola tan\u00edt\u00f3ja lett (1940). Az Erd\u00e9lyi Magyar Dalossz\u00f6v. Brass\u00f3i tagozat\u00e1nak, a Mp \u00e9s a brass\u00f3i Sz\u00e9kely T\u00e1rsas\u00e1g tagja volt. <br \/><strong>Irod.:<\/strong> Sz\u00e9kelyf\u00f6ld \u00ed. k.<\/br><\/p>\n","protected":false},"excerpt":{"rendered":"<p>Brass\u00f3., 1916.,\u00a0\u2020?: tan\u00edt\u00f3. \u2013 Tanulm\u00e1nyait Brass\u00f3ban v\u00e9gezte. A mez\u0151szabadi iskola tan\u00edt\u00f3ja lett (1940). Az Erd\u00e9lyi Magyar Dalossz\u00f6v. Brass\u00f3i tagozat\u00e1nak, a Mp \u00e9s a brass\u00f3i Sz\u00e9kely T\u00e1rsas\u00e1g tagja volt. Irod.: Sz\u00e9kelyf\u00f6ld \u00ed. k.<\/p>\n","protected":false},"featured_media":0,"comment_status":"open","ping_status":"closed","template":"","meta":[],"product_brand":[],"product_cat":[137],"product_tag":[],"class_list":{"0":"post-21203","1":"product","2":"type-product","3":"status-publish","5":"product_cat-maros-megyei-eletrajzi-lexikon","7":"first","8":"instock","9":"shipping-taxable","10":"product-type-simple"},"_links":{"self":[{"href":"https:\/\/uj.adatbank.ro\/lexikon\/wp-json\/wp\/v2\/product\/21203","targetHints":{"allow":["GET"]}}],"collection":[{"href":"https:\/\/uj.adatbank.ro\/lexikon\/wp-json\/wp\/v2\/product"}],"about":[{"href":"https:\/\/uj.adatbank.ro\/lexikon\/wp-json\/wp\/v2\/types\/product"}],"replies":[{"embeddable":true,"href":"https:\/\/uj.adatbank.ro\/lexikon\/wp-json\/wp\/v2\/comments?post=21203"}],"wp:attachment":[{"href":"https:\/\/uj.adatbank.ro\/lexikon\/wp-json\/wp\/v2\/media?parent=21203"}],"wp:term":[{"taxonomy":"product_brand","embeddable":true,"href":"https:\/\/uj.adatbank.ro\/lexikon\/wp-json\/wp\/v2\/product_brand?post=21203"},{"taxonomy":"product_cat","embeddable":true,"href":"https:\/\/uj.adatbank.ro\/lexikon\/wp-json\/wp\/v2\/product_cat?post=21203"},{"taxonomy":"product_tag","embeddable":true,"href":"https:\/\/uj.adatbank.ro\/lexikon\/wp-json\/wp\/v2\/product_tag?post=21203"}],"curies":[{"name":"wp","href":"https:\/\/api.w.org\/{rel}","templated":true}]}}